{"id":5820,"date":"2024-02-01T19:00:45","date_gmt":"2024-02-01T18:00:45","guid":{"rendered":"https:\/\/www.famillericci.com\/?post_type=product&#038;p=5820"},"modified":"2025-02-27T16:37:31","modified_gmt":"2025-02-27T15:37:31","slug":"complice","status":"publish","type":"product","link":"https:\/\/riccispirits.com\/en\/produit\/complice\/","title":{"rendered":"Complice"},"content":{"rendered":"","protected":false},"excerpt":{"rendered":"","protected":false},"featured_media":5888,"comment_status":"open","ping_status":"closed","template":"","meta":{"_acf_changed":false,"inline_featured_image":false,"_monsterinsights_skip_tracking":false,"_monsterinsights_sitenote_active":false,"_monsterinsights_sitenote_note":"","_monsterinsights_sitenote_category":0,"_uf_show_specific_survey":0,"_uf_disable_surveys":false},"product_brand":[317],"product_cat":[],"product_tag":[],"class_list":{"0":"post-5820","1":"product","2":"type-product","3":"status-publish","4":"has-post-thumbnail","6":"product_brand-famille-ricci","7":"pa_degres-50-en","9":"first","10":"outofstock","11":"taxable","12":"shipping-taxable","13":"purchasable","14":"product-type-simple"},"acf":[],"yoast_head":"<!-- This site is optimized with the Yoast SEO plugin v24.7 - https:\/\/yoast.com\/wordpress\/plugins\/seo\/ -->\n<title>Complice - Ricci Spirits<\/title>\n<meta name=\"description\" content=\"A very seductive nose, which oscillates between notes of medicinal plants and gourmet chocolate notes. In the mouth, a nice gourmet slap! A mastered balance between freshness and warmer notes. Pine sap, camphor, acacia, eucalyptus, and white flowers are accompanied by notes of cr\u00e8me br\u00fbl\u00e9e, vanilla pod, milk chocolate and praline. A liquid dessert, which will not last long once placed on a table with friends.\" \/>\n<meta name=\"robots\" content=\"index, follow, max-snippet:-1, max-image-preview:large, max-video-preview:-1\" \/>\n<link rel=\"canonical\" href=\"https:\/\/riccispirits.com\/produit\/complice\/\" \/>\n<meta property=\"og:locale\" content=\"en_US\" \/>\n<meta property=\"og:type\" content=\"article\" \/>\n<meta property=\"og:title\" content=\"Complice - Ricci Spirits\" \/>\n<meta property=\"og:description\" content=\"A very seductive nose, which oscillates between notes of medicinal plants and gourmet chocolate notes. In the mouth, a nice gourmet slap! A mastered balance between freshness and warmer notes. Pine sap, camphor, acacia, eucalyptus, and white flowers are accompanied by notes of cr\u00e8me br\u00fbl\u00e9e, vanilla pod, milk chocolate and praline. A liquid dessert, which will not last long once placed on a table with friends.\" \/>\n<meta property=\"og:url\" content=\"https:\/\/riccispirits.com\/produit\/complice\/\" \/>\n<meta property=\"og:site_name\" content=\"Ricci Spirits\" \/>\n<meta property=\"article:modified_time\" content=\"2025-02-27T15:37:31+00:00\" \/>\n<meta property=\"og:image\" content=\"https:\/\/riccispirits.com\/wp-content\/uploads\/2024\/02\/Complice.webp\" \/>\n\t<meta property=\"og:image:width\" content=\"1080\" \/>\n\t<meta property=\"og:image:height\" content=\"1080\" \/>\n\t<meta property=\"og:image:type\" content=\"image\/png\" \/>\n<meta name=\"twitter:card\" content=\"summary_large_image\" \/>\n<meta name=\"twitter:label1\" content=\"Est. reading time\" \/>\n\t<meta name=\"twitter:data1\" content=\"1 minute\" \/>\n<script type=\"application\/ld+json\" class=\"yoast-schema-graph\">{\"@context\":\"https:\/\/schema.org\",\"@graph\":[{\"@type\":\"WebPage\",\"@id\":\"https:\/\/riccispirits.com\/produit\/complice\/\",\"url\":\"https:\/\/riccispirits.com\/produit\/complice\/\",\"name\":\"Complice - Ricci Spirits\",\"isPartOf\":{\"@id\":\"https:\/\/riccispirits.com\/#website\"},\"primaryImageOfPage\":{\"@id\":\"https:\/\/riccispirits.com\/produit\/complice\/#primaryimage\"},\"image\":{\"@id\":\"https:\/\/riccispirits.com\/produit\/complice\/#primaryimage\"},\"thumbnailUrl\":\"https:\/\/riccispirits.com\/wp-content\/uploads\/2024\/02\/Complice.webp\",\"datePublished\":\"2024-02-01T18:00:45+00:00\",\"dateModified\":\"2025-02-27T15:37:31+00:00\",\"description\":\"A very seductive nose, which oscillates between notes of medicinal plants and gourmet chocolate notes. In the mouth, a nice gourmet slap! A mastered balance between freshness and warmer notes. Pine sap, camphor, acacia, eucalyptus, and white flowers are accompanied by notes of cr\u00e8me br\u00fbl\u00e9e, vanilla pod, milk chocolate and praline. A liquid dessert, which will not last long once placed on a table with friends.\",\"breadcrumb\":{\"@id\":\"https:\/\/riccispirits.com\/produit\/complice\/#breadcrumb\"},\"inLanguage\":\"en-US\",\"potentialAction\":[{\"@type\":\"ReadAction\",\"target\":[\"https:\/\/riccispirits.com\/produit\/complice\/\"]}]},{\"@type\":\"ImageObject\",\"inLanguage\":\"en-US\",\"@id\":\"https:\/\/riccispirits.com\/produit\/complice\/#primaryimage\",\"url\":\"https:\/\/riccispirits.com\/wp-content\/uploads\/2024\/02\/Complice.webp\",\"contentUrl\":\"https:\/\/riccispirits.com\/wp-content\/uploads\/2024\/02\/Complice.webp\",\"width\":1080,\"height\":1080},{\"@type\":\"BreadcrumbList\",\"@id\":\"https:\/\/riccispirits.com\/produit\/complice\/#breadcrumb\",\"itemListElement\":[{\"@type\":\"ListItem\",\"position\":1,\"name\":\"Accueil\",\"item\":\"https:\/\/riccispirits.com\/\"},{\"@type\":\"ListItem\",\"position\":2,\"name\":\"Shop\",\"item\":\"https:\/\/riccispirits.com\/en\/shop\/\"},{\"@type\":\"ListItem\",\"position\":3,\"name\":\"Complice\"}]},{\"@type\":\"WebSite\",\"@id\":\"https:\/\/riccispirits.com\/#website\",\"url\":\"https:\/\/riccispirits.com\/\",\"name\":\"Ricci Spirits\",\"description\":\"Producteurs de spiritieux\",\"potentialAction\":[{\"@type\":\"SearchAction\",\"target\":{\"@type\":\"EntryPoint\",\"urlTemplate\":\"https:\/\/riccispirits.com\/?s={search_term_string}\"},\"query-input\":{\"@type\":\"PropertyValueSpecification\",\"valueRequired\":true,\"valueName\":\"search_term_string\"}}],\"inLanguage\":\"en-US\"}]}<\/script>\n<!-- \/ Yoast SEO plugin. -->","yoast_head_json":{"title":"Complice - Ricci Spirits","description":"A very seductive nose, which oscillates between notes of medicinal plants and gourmet chocolate notes. In the mouth, a nice gourmet slap! A mastered balance between freshness and warmer notes. Pine sap, camphor, acacia, eucalyptus, and white flowers are accompanied by notes of cr\u00e8me br\u00fbl\u00e9e, vanilla pod, milk chocolate and praline. A liquid dessert, which will not last long once placed on a table with friends.","robots":{"index":"index","follow":"follow","max-snippet":"max-snippet:-1","max-image-preview":"max-image-preview:large","max-video-preview":"max-video-preview:-1"},"canonical":"https:\/\/riccispirits.com\/produit\/complice\/","og_locale":"en_US","og_type":"article","og_title":"Complice - Ricci Spirits","og_description":"A very seductive nose, which oscillates between notes of medicinal plants and gourmet chocolate notes. In the mouth, a nice gourmet slap! A mastered balance between freshness and warmer notes. Pine sap, camphor, acacia, eucalyptus, and white flowers are accompanied by notes of cr\u00e8me br\u00fbl\u00e9e, vanilla pod, milk chocolate and praline. A liquid dessert, which will not last long once placed on a table with friends.","og_url":"https:\/\/riccispirits.com\/produit\/complice\/","og_site_name":"Ricci Spirits","article_modified_time":"2025-02-27T15:37:31+00:00","og_image":[{"width":1080,"height":1080,"url":"https:\/\/riccispirits.com\/wp-content\/uploads\/2024\/02\/Complice.webp","type":"image\/png"}],"twitter_card":"summary_large_image","twitter_misc":{"Est. reading time":"1 minute"},"schema":{"@context":"https:\/\/schema.org","@graph":[{"@type":"WebPage","@id":"https:\/\/riccispirits.com\/produit\/complice\/","url":"https:\/\/riccispirits.com\/produit\/complice\/","name":"Complice - Ricci Spirits","isPartOf":{"@id":"https:\/\/riccispirits.com\/#website"},"primaryImageOfPage":{"@id":"https:\/\/riccispirits.com\/produit\/complice\/#primaryimage"},"image":{"@id":"https:\/\/riccispirits.com\/produit\/complice\/#primaryimage"},"thumbnailUrl":"https:\/\/riccispirits.com\/wp-content\/uploads\/2024\/02\/Complice.webp","datePublished":"2024-02-01T18:00:45+00:00","dateModified":"2025-02-27T15:37:31+00:00","description":"A very seductive nose, which oscillates between notes of medicinal plants and gourmet chocolate notes. In the mouth, a nice gourmet slap! A mastered balance between freshness and warmer notes. Pine sap, camphor, acacia, eucalyptus, and white flowers are accompanied by notes of cr\u00e8me br\u00fbl\u00e9e, vanilla pod, milk chocolate and praline. A liquid dessert, which will not last long once placed on a table with friends.","breadcrumb":{"@id":"https:\/\/riccispirits.com\/produit\/complice\/#breadcrumb"},"inLanguage":"en-US","potentialAction":[{"@type":"ReadAction","target":["https:\/\/riccispirits.com\/produit\/complice\/"]}]},{"@type":"ImageObject","inLanguage":"en-US","@id":"https:\/\/riccispirits.com\/produit\/complice\/#primaryimage","url":"https:\/\/riccispirits.com\/wp-content\/uploads\/2024\/02\/Complice.webp","contentUrl":"https:\/\/riccispirits.com\/wp-content\/uploads\/2024\/02\/Complice.webp","width":1080,"height":1080},{"@type":"BreadcrumbList","@id":"https:\/\/riccispirits.com\/produit\/complice\/#breadcrumb","itemListElement":[{"@type":"ListItem","position":1,"name":"Accueil","item":"https:\/\/riccispirits.com\/"},{"@type":"ListItem","position":2,"name":"Shop","item":"https:\/\/riccispirits.com\/en\/shop\/"},{"@type":"ListItem","position":3,"name":"Complice"}]},{"@type":"WebSite","@id":"https:\/\/riccispirits.com\/#website","url":"https:\/\/riccispirits.com\/","name":"Ricci Spirits","description":"Producteurs de spiritieux","potentialAction":[{"@type":"SearchAction","target":{"@type":"EntryPoint","urlTemplate":"https:\/\/riccispirits.com\/?s={search_term_string}"},"query-input":{"@type":"PropertyValueSpecification","valueRequired":true,"valueName":"search_term_string"}}],"inLanguage":"en-US"}]}},"_links":{"self":[{"href":"https:\/\/riccispirits.com\/en\/wp-json\/wp\/v2\/product\/5820","targetHints":{"allow":["GET"]}}],"collection":[{"href":"https:\/\/riccispirits.com\/en\/wp-json\/wp\/v2\/product"}],"about":[{"href":"https:\/\/riccispirits.com\/en\/wp-json\/wp\/v2\/types\/product"}],"replies":[{"embeddable":true,"href":"https:\/\/riccispirits.com\/en\/wp-json\/wp\/v2\/comments?post=5820"}],"wp:featuredmedia":[{"embeddable":true,"href":"https:\/\/riccispirits.com\/en\/wp-json\/wp\/v2\/media\/5888"}],"wp:attachment":[{"href":"https:\/\/riccispirits.com\/en\/wp-json\/wp\/v2\/media?parent=5820"}],"wp:term":[{"taxonomy":"product_brand","embeddable":true,"href":"https:\/\/riccispirits.com\/en\/wp-json\/wp\/v2\/product_brand?post=5820"},{"taxonomy":"product_cat","embeddable":true,"href":"https:\/\/riccispirits.com\/en\/wp-json\/wp\/v2\/product_cat?post=5820"},{"taxonomy":"product_tag","embeddable":true,"href":"https:\/\/riccispirits.com\/en\/wp-json\/wp\/v2\/product_tag?post=5820"}],"curies":[{"name":"wp","href":"https:\/\/api.w.org\/{rel}","templated":true}]}}