{"id":5725,"date":"2024-03-01T19:00:36","date_gmt":"2024-03-01T18:00:36","guid":{"rendered":"https:\/\/www.famillericci.com\/?post_type=product&#038;p=5725"},"modified":"2025-03-03T13:45:55","modified_gmt":"2025-03-03T12:45:55","slug":"zodiac-2024-poisson","status":"publish","type":"product","link":"https:\/\/riccispirits.com\/en\/produit\/zodiac-2024-poisson\/","title":{"rendered":"Zodiac 2024 \u2013 Poisson (PISCES)"},"content":{"rendered":"","protected":false},"excerpt":{"rendered":"","protected":false},"featured_media":5683,"comment_status":"open","ping_status":"closed","template":"","meta":{"_acf_changed":false,"inline_featured_image":false,"_monsterinsights_skip_tracking":false,"_monsterinsights_sitenote_active":false,"_monsterinsights_sitenote_note":"","_monsterinsights_sitenote_category":0,"_uf_show_specific_survey":0,"_uf_disable_surveys":false},"product_brand":[317],"product_cat":[16],"product_tag":[],"class_list":{"0":"post-5725","1":"product","2":"type-product","3":"status-publish","4":"has-post-thumbnail","6":"product_brand-famille-ricci","7":"product_cat-non-classe","8":"pa_degres-62-8-en","10":"first","11":"outofstock","12":"taxable","13":"shipping-taxable","14":"purchasable","15":"product-type-simple"},"acf":[],"yoast_head":"<!-- This site is optimized with the Yoast SEO plugin v24.7 - https:\/\/yoast.com\/wordpress\/plugins\/seo\/ -->\n<title>Zodiac 2024 \u2013 Poisson (PISCES) - Ricci Spirits<\/title>\n<meta name=\"description\" content=\"Un nez envo\u00fbtant qui nous confit le peps des fruits tropicaux et la douceur de la vanille et de la coco.Un nez fruit\u00e9 et p\u00e2tissier, allant de la p\u00eache de vigne jusqu&#039;\u00e0 des notes chocolat\u00e9es.\" \/>\n<meta name=\"robots\" content=\"index, follow, max-snippet:-1, max-image-preview:large, max-video-preview:-1\" \/>\n<link rel=\"canonical\" href=\"https:\/\/riccispirits.com\/?post_type=product&p=5724\" \/>\n<meta property=\"og:locale\" content=\"en_US\" \/>\n<meta property=\"og:type\" content=\"article\" \/>\n<meta property=\"og:title\" content=\"Zodiac 2024 \u2013 Poisson (PISCES) - Ricci Spirits\" \/>\n<meta property=\"og:description\" content=\"Un nez envo\u00fbtant qui nous confit le peps des fruits tropicaux et la douceur de la vanille et de la coco.Un nez fruit\u00e9 et p\u00e2tissier, allant de la p\u00eache de vigne jusqu&#039;\u00e0 des notes chocolat\u00e9es.\" \/>\n<meta property=\"og:url\" content=\"https:\/\/riccispirits.com\/?post_type=product&amp;p=5724\" \/>\n<meta property=\"og:site_name\" content=\"Ricci Spirits\" \/>\n<meta property=\"article:modified_time\" content=\"2025-03-03T12:45:55+00:00\" \/>\n<meta property=\"og:image\" content=\"https:\/\/riccispirits.com\/wp-content\/uploads\/2024\/02\/Poisson.webp\" \/>\n\t<meta property=\"og:image:width\" content=\"2560\" \/>\n\t<meta property=\"og:image:height\" content=\"2560\" \/>\n\t<meta property=\"og:image:type\" content=\"image\/png\" \/>\n<meta name=\"twitter:card\" content=\"summary_large_image\" \/>\n<meta name=\"twitter:label1\" content=\"Est. reading time\" \/>\n\t<meta name=\"twitter:data1\" content=\"1 minute\" \/>\n<script type=\"application\/ld+json\" class=\"yoast-schema-graph\">{\"@context\":\"https:\/\/schema.org\",\"@graph\":[{\"@type\":\"WebPage\",\"@id\":\"https:\/\/riccispirits.com\/?post_type=product&p=5724\",\"url\":\"https:\/\/riccispirits.com\/?post_type=product&p=5724\",\"name\":\"Zodiac 2024 \u2013 Poisson (PISCES) - Ricci Spirits\",\"isPartOf\":{\"@id\":\"https:\/\/riccispirits.com\/#website\"},\"primaryImageOfPage\":{\"@id\":\"https:\/\/riccispirits.com\/?post_type=product&p=5724#primaryimage\"},\"image\":{\"@id\":\"https:\/\/riccispirits.com\/?post_type=product&p=5724#primaryimage\"},\"thumbnailUrl\":\"https:\/\/riccispirits.com\/wp-content\/uploads\/2024\/02\/Poisson.webp\",\"datePublished\":\"2024-03-01T18:00:36+00:00\",\"dateModified\":\"2025-03-03T12:45:55+00:00\",\"description\":\"Un nez envo\u00fbtant qui nous confit le peps des fruits tropicaux et la douceur de la vanille et de la coco.Un nez fruit\u00e9 et p\u00e2tissier, allant de la p\u00eache de vigne jusqu'\u00e0 des notes chocolat\u00e9es.\",\"breadcrumb\":{\"@id\":\"https:\/\/riccispirits.com\/?post_type=product&p=5724#breadcrumb\"},\"inLanguage\":\"en-US\",\"potentialAction\":[{\"@type\":\"ReadAction\",\"target\":[\"https:\/\/riccispirits.com\/?post_type=product&p=5724\"]}]},{\"@type\":\"ImageObject\",\"inLanguage\":\"en-US\",\"@id\":\"https:\/\/riccispirits.com\/?post_type=product&p=5724#primaryimage\",\"url\":\"https:\/\/riccispirits.com\/wp-content\/uploads\/2024\/02\/Poisson.webp\",\"contentUrl\":\"https:\/\/riccispirits.com\/wp-content\/uploads\/2024\/02\/Poisson.webp\",\"width\":2560,\"height\":2560,\"caption\":\"Belier Zodiac 2024 Famille Ricci\"},{\"@type\":\"BreadcrumbList\",\"@id\":\"https:\/\/riccispirits.com\/?post_type=product&p=5724#breadcrumb\",\"itemListElement\":[{\"@type\":\"ListItem\",\"position\":1,\"name\":\"Accueil\",\"item\":\"https:\/\/riccispirits.com\/\"},{\"@type\":\"ListItem\",\"position\":2,\"name\":\"Shop\",\"item\":\"https:\/\/riccispirits.com\/en\/shop\/\"},{\"@type\":\"ListItem\",\"position\":3,\"name\":\"Zodiac 2024 \u2013 Poisson (PISCES)\"}]},{\"@type\":\"WebSite\",\"@id\":\"https:\/\/riccispirits.com\/#website\",\"url\":\"https:\/\/riccispirits.com\/\",\"name\":\"Ricci Spirits\",\"description\":\"Producteurs de spiritieux\",\"potentialAction\":[{\"@type\":\"SearchAction\",\"target\":{\"@type\":\"EntryPoint\",\"urlTemplate\":\"https:\/\/riccispirits.com\/?s={search_term_string}\"},\"query-input\":{\"@type\":\"PropertyValueSpecification\",\"valueRequired\":true,\"valueName\":\"search_term_string\"}}],\"inLanguage\":\"en-US\"}]}<\/script>\n<!-- \/ Yoast SEO plugin. -->","yoast_head_json":{"title":"Zodiac 2024 \u2013 Poisson (PISCES) - Ricci Spirits","description":"Un nez envo\u00fbtant qui nous confit le peps des fruits tropicaux et la douceur de la vanille et de la coco.Un nez fruit\u00e9 et p\u00e2tissier, allant de la p\u00eache de vigne jusqu'\u00e0 des notes chocolat\u00e9es.","robots":{"index":"index","follow":"follow","max-snippet":"max-snippet:-1","max-image-preview":"max-image-preview:large","max-video-preview":"max-video-preview:-1"},"canonical":"https:\/\/riccispirits.com\/?post_type=product&p=5724","og_locale":"en_US","og_type":"article","og_title":"Zodiac 2024 \u2013 Poisson (PISCES) - Ricci Spirits","og_description":"Un nez envo\u00fbtant qui nous confit le peps des fruits tropicaux et la douceur de la vanille et de la coco.Un nez fruit\u00e9 et p\u00e2tissier, allant de la p\u00eache de vigne jusqu'\u00e0 des notes chocolat\u00e9es.","og_url":"https:\/\/riccispirits.com\/?post_type=product&p=5724","og_site_name":"Ricci Spirits","article_modified_time":"2025-03-03T12:45:55+00:00","og_image":[{"width":2560,"height":2560,"url":"https:\/\/riccispirits.com\/wp-content\/uploads\/2024\/02\/Poisson.webp","type":"image\/png"}],"twitter_card":"summary_large_image","twitter_misc":{"Est. reading time":"1 minute"},"schema":{"@context":"https:\/\/schema.org","@graph":[{"@type":"WebPage","@id":"https:\/\/riccispirits.com\/?post_type=product&p=5724","url":"https:\/\/riccispirits.com\/?post_type=product&p=5724","name":"Zodiac 2024 \u2013 Poisson (PISCES) - Ricci Spirits","isPartOf":{"@id":"https:\/\/riccispirits.com\/#website"},"primaryImageOfPage":{"@id":"https:\/\/riccispirits.com\/?post_type=product&p=5724#primaryimage"},"image":{"@id":"https:\/\/riccispirits.com\/?post_type=product&p=5724#primaryimage"},"thumbnailUrl":"https:\/\/riccispirits.com\/wp-content\/uploads\/2024\/02\/Poisson.webp","datePublished":"2024-03-01T18:00:36+00:00","dateModified":"2025-03-03T12:45:55+00:00","description":"Un nez envo\u00fbtant qui nous confit le peps des fruits tropicaux et la douceur de la vanille et de la coco.Un nez fruit\u00e9 et p\u00e2tissier, allant de la p\u00eache de vigne jusqu'\u00e0 des notes chocolat\u00e9es.","breadcrumb":{"@id":"https:\/\/riccispirits.com\/?post_type=product&p=5724#breadcrumb"},"inLanguage":"en-US","potentialAction":[{"@type":"ReadAction","target":["https:\/\/riccispirits.com\/?post_type=product&p=5724"]}]},{"@type":"ImageObject","inLanguage":"en-US","@id":"https:\/\/riccispirits.com\/?post_type=product&p=5724#primaryimage","url":"https:\/\/riccispirits.com\/wp-content\/uploads\/2024\/02\/Poisson.webp","contentUrl":"https:\/\/riccispirits.com\/wp-content\/uploads\/2024\/02\/Poisson.webp","width":2560,"height":2560,"caption":"Belier Zodiac 2024 Famille Ricci"},{"@type":"BreadcrumbList","@id":"https:\/\/riccispirits.com\/?post_type=product&p=5724#breadcrumb","itemListElement":[{"@type":"ListItem","position":1,"name":"Accueil","item":"https:\/\/riccispirits.com\/"},{"@type":"ListItem","position":2,"name":"Shop","item":"https:\/\/riccispirits.com\/en\/shop\/"},{"@type":"ListItem","position":3,"name":"Zodiac 2024 \u2013 Poisson (PISCES)"}]},{"@type":"WebSite","@id":"https:\/\/riccispirits.com\/#website","url":"https:\/\/riccispirits.com\/","name":"Ricci Spirits","description":"Producteurs de spiritieux","potentialAction":[{"@type":"SearchAction","target":{"@type":"EntryPoint","urlTemplate":"https:\/\/riccispirits.com\/?s={search_term_string}"},"query-input":{"@type":"PropertyValueSpecification","valueRequired":true,"valueName":"search_term_string"}}],"inLanguage":"en-US"}]}},"_links":{"self":[{"href":"https:\/\/riccispirits.com\/en\/wp-json\/wp\/v2\/product\/5725","targetHints":{"allow":["GET"]}}],"collection":[{"href":"https:\/\/riccispirits.com\/en\/wp-json\/wp\/v2\/product"}],"about":[{"href":"https:\/\/riccispirits.com\/en\/wp-json\/wp\/v2\/types\/product"}],"replies":[{"embeddable":true,"href":"https:\/\/riccispirits.com\/en\/wp-json\/wp\/v2\/comments?post=5725"}],"wp:featuredmedia":[{"embeddable":true,"href":"https:\/\/riccispirits.com\/en\/wp-json\/wp\/v2\/media\/5683"}],"wp:attachment":[{"href":"https:\/\/riccispirits.com\/en\/wp-json\/wp\/v2\/media?parent=5725"}],"wp:term":[{"taxonomy":"product_brand","embeddable":true,"href":"https:\/\/riccispirits.com\/en\/wp-json\/wp\/v2\/product_brand?post=5725"},{"taxonomy":"product_cat","embeddable":true,"href":"https:\/\/riccispirits.com\/en\/wp-json\/wp\/v2\/product_cat?post=5725"},{"taxonomy":"product_tag","embeddable":true,"href":"https:\/\/riccispirits.com\/en\/wp-json\/wp\/v2\/product_tag?post=5725"}],"curies":[{"name":"wp","href":"https:\/\/api.w.org\/{rel}","templated":true}]}}