{"id":4726,"date":"2023-04-11T16:10:52","date_gmt":"2023-04-11T14:10:52","guid":{"rendered":"https:\/\/www.famillericci.com\/produit\/t-shirt-gris-la-meute\/"},"modified":"2023-04-11T16:10:52","modified_gmt":"2023-04-11T14:10:52","slug":"t-shirt-gris-la-meute","status":"publish","type":"product","link":"https:\/\/riccispirits.com\/en\/produit\/t-shirt-gris-la-meute\/","title":{"rendered":"T-shirt gris &#8211; Alpha (Bonus)"},"content":{"rendered":"","protected":false},"excerpt":{"rendered":"<p>Vous avez atteint le rand Alpha et avez d\u00e9bloqu\u00e9 les meilleurs avantages dans notre programme La Meute !<\/p>\n<p>Fabriqu\u00e9 \u00e0 partir d&#8217;un tissu doux et respirant, ce polo est id\u00e9al pour les journ\u00e9es chaudes d&#8217;\u00e9t\u00e9. Affichez votre passion pour le rhum avec fiert\u00e9 en portant ce sweat obtenu gr\u00e2ce \u00e0 votre rang Alpha dans La Meute.<\/p>\n<p>En atteignant ce rang, vous b\u00e9n\u00e9ficiez maintenant de nombreux avantages, tels qu\u2019une remise de 10% sur notre site internet et d\u2019une remise de 5% chez nos cavistes Ambassadeurs gr\u00e2ce \u00e0 votre carte membre La Meute. Nous vous pr\u00e9sentons \u00e9galement nos s\u00e9ries limit\u00e9es en avant-premi\u00e8re ! Nous sommes impatients de vous faire d\u00e9couvrir nos derni\u00e8res nouveaut\u00e9s.<\/p>\n<p>N&#8217;oubliez pas de prendre une photo et de nous la partager sur les r\u00e9seaux sociaux pour montrer votre soutien \u00e0 Famille Ricci !<\/p>\n<p>Vous \u00eates au rang le plus \u00e9lev\u00e9 de la Meute.<\/p>\n","protected":false},"featured_media":4437,"comment_status":"open","ping_status":"closed","template":"","meta":{"_acf_changed":false,"inline_featured_image":false,"_monsterinsights_skip_tracking":false,"_monsterinsights_sitenote_active":false,"_monsterinsights_sitenote_note":"","_monsterinsights_sitenote_category":0,"_uf_show_specific_survey":0,"_uf_disable_surveys":false},"product_brand":[],"product_cat":[16],"product_tag":[],"class_list":{"0":"post-4726","1":"product","2":"type-product","3":"status-publish","4":"has-post-thumbnail","6":"product_cat-non-classe","7":"pa_taille-l-en","8":"pa_taille-m-en","9":"pa_taille-s-en","10":"pa_taille-xl-en","12":"first","13":"instock","14":"sold-individually","15":"taxable","16":"shipping-taxable","17":"purchasable","18":"product-type-variable"},"acf":[],"yoast_head":"<!-- This site is optimized with the Yoast SEO plugin v24.7 - https:\/\/yoast.com\/wordpress\/plugins\/seo\/ -->\n<title>T-shirt gris - Alpha (Bonus) - Ricci Spirits<\/title>\n<meta name=\"robots\" content=\"index, follow, max-snippet:-1, max-image-preview:large, max-video-preview:-1\" \/>\n<link rel=\"canonical\" href=\"https:\/\/riccispirits.com\/produit\/t-shirt-gris-la-meute\/\" \/>\n<meta property=\"og:locale\" content=\"en_US\" \/>\n<meta property=\"og:type\" content=\"article\" \/>\n<meta property=\"og:title\" content=\"T-shirt gris - Alpha (Bonus) - Ricci Spirits\" \/>\n<meta property=\"og:description\" content=\"Vous avez atteint le rand Alpha et avez d\u00e9bloqu\u00e9 les meilleurs avantages dans notre programme La Meute !  Fabriqu\u00e9 \u00e0 partir d&#039;un tissu doux et respirant, ce polo est id\u00e9al pour les journ\u00e9es chaudes d&#039;\u00e9t\u00e9. Affichez votre passion pour le rhum avec fiert\u00e9 en portant ce sweat obtenu gr\u00e2ce \u00e0 votre rang Alpha dans La Meute.  En atteignant ce rang, vous b\u00e9n\u00e9ficiez maintenant de nombreux avantages, tels qu\u2019une remise de 10% sur notre site internet et d\u2019une remise de 5% chez nos cavistes Ambassadeurs gr\u00e2ce \u00e0 votre carte membre La Meute. Nous vous pr\u00e9sentons \u00e9galement nos s\u00e9ries limit\u00e9es en avant-premi\u00e8re ! Nous sommes impatients de vous faire d\u00e9couvrir nos derni\u00e8res nouveaut\u00e9s.  N&#039;oubliez pas de prendre une photo et de nous la partager sur les r\u00e9seaux sociaux pour montrer votre soutien \u00e0 Famille Ricci !  Vous \u00eates au rang le plus \u00e9lev\u00e9 de la Meute.\" \/>\n<meta property=\"og:url\" content=\"https:\/\/riccispirits.com\/produit\/t-shirt-gris-la-meute\/\" \/>\n<meta property=\"og:site_name\" content=\"Ricci Spirits\" \/>\n<meta property=\"og:image\" content=\"https:\/\/riccispirits.com\/wp-content\/uploads\/2023\/04\/TshirtGris-LaMeute-Alpha-FamilleRicci.webp\" \/>\n\t<meta property=\"og:image:width\" content=\"1080\" \/>\n\t<meta property=\"og:image:height\" content=\"1080\" \/>\n\t<meta property=\"og:image:type\" content=\"image\/png\" \/>\n<meta name=\"twitter:card\" content=\"summary_large_image\" \/>\n<script type=\"application\/ld+json\" class=\"yoast-schema-graph\">{\"@context\":\"https:\/\/schema.org\",\"@graph\":[{\"@type\":\"WebPage\",\"@id\":\"https:\/\/riccispirits.com\/produit\/t-shirt-gris-la-meute\/\",\"url\":\"https:\/\/riccispirits.com\/produit\/t-shirt-gris-la-meute\/\",\"name\":\"T-shirt gris - Alpha (Bonus) - Ricci Spirits\",\"isPartOf\":{\"@id\":\"https:\/\/riccispirits.com\/#website\"},\"primaryImageOfPage\":{\"@id\":\"https:\/\/riccispirits.com\/produit\/t-shirt-gris-la-meute\/#primaryimage\"},\"image\":{\"@id\":\"https:\/\/riccispirits.com\/produit\/t-shirt-gris-la-meute\/#primaryimage\"},\"thumbnailUrl\":\"https:\/\/riccispirits.com\/wp-content\/uploads\/2023\/04\/TshirtGris-LaMeute-Alpha-FamilleRicci.webp\",\"datePublished\":\"2023-04-11T14:10:52+00:00\",\"breadcrumb\":{\"@id\":\"https:\/\/riccispirits.com\/produit\/t-shirt-gris-la-meute\/#breadcrumb\"},\"inLanguage\":\"en-US\",\"potentialAction\":[{\"@type\":\"ReadAction\",\"target\":[\"https:\/\/riccispirits.com\/produit\/t-shirt-gris-la-meute\/\"]}]},{\"@type\":\"ImageObject\",\"inLanguage\":\"en-US\",\"@id\":\"https:\/\/riccispirits.com\/produit\/t-shirt-gris-la-meute\/#primaryimage\",\"url\":\"https:\/\/riccispirits.com\/wp-content\/uploads\/2023\/04\/TshirtGris-LaMeute-Alpha-FamilleRicci.webp\",\"contentUrl\":\"https:\/\/riccispirits.com\/wp-content\/uploads\/2023\/04\/TshirtGris-LaMeute-Alpha-FamilleRicci.webp\",\"width\":1080,\"height\":1080},{\"@type\":\"BreadcrumbList\",\"@id\":\"https:\/\/riccispirits.com\/produit\/t-shirt-gris-la-meute\/#breadcrumb\",\"itemListElement\":[{\"@type\":\"ListItem\",\"position\":1,\"name\":\"Accueil\",\"item\":\"https:\/\/riccispirits.com\/\"},{\"@type\":\"ListItem\",\"position\":2,\"name\":\"Shop\",\"item\":\"https:\/\/riccispirits.com\/boutique\/\"},{\"@type\":\"ListItem\",\"position\":3,\"name\":\"T-shirt gris &#8211; Alpha (Bonus)\"}]},{\"@type\":\"WebSite\",\"@id\":\"https:\/\/riccispirits.com\/#website\",\"url\":\"https:\/\/riccispirits.com\/\",\"name\":\"Ricci Spirits\",\"description\":\"Producteurs de spiritieux\",\"potentialAction\":[{\"@type\":\"SearchAction\",\"target\":{\"@type\":\"EntryPoint\",\"urlTemplate\":\"https:\/\/riccispirits.com\/?s={search_term_string}\"},\"query-input\":{\"@type\":\"PropertyValueSpecification\",\"valueRequired\":true,\"valueName\":\"search_term_string\"}}],\"inLanguage\":\"en-US\"}]}<\/script>\n<!-- \/ Yoast SEO plugin. -->","yoast_head_json":{"title":"T-shirt gris - Alpha (Bonus) - Ricci Spirits","robots":{"index":"index","follow":"follow","max-snippet":"max-snippet:-1","max-image-preview":"max-image-preview:large","max-video-preview":"max-video-preview:-1"},"canonical":"https:\/\/riccispirits.com\/produit\/t-shirt-gris-la-meute\/","og_locale":"en_US","og_type":"article","og_title":"T-shirt gris - Alpha (Bonus) - Ricci Spirits","og_description":"Vous avez atteint le rand Alpha et avez d\u00e9bloqu\u00e9 les meilleurs avantages dans notre programme La Meute !  Fabriqu\u00e9 \u00e0 partir d'un tissu doux et respirant, ce polo est id\u00e9al pour les journ\u00e9es chaudes d'\u00e9t\u00e9. Affichez votre passion pour le rhum avec fiert\u00e9 en portant ce sweat obtenu gr\u00e2ce \u00e0 votre rang Alpha dans La Meute.  En atteignant ce rang, vous b\u00e9n\u00e9ficiez maintenant de nombreux avantages, tels qu\u2019une remise de 10% sur notre site internet et d\u2019une remise de 5% chez nos cavistes Ambassadeurs gr\u00e2ce \u00e0 votre carte membre La Meute. Nous vous pr\u00e9sentons \u00e9galement nos s\u00e9ries limit\u00e9es en avant-premi\u00e8re ! Nous sommes impatients de vous faire d\u00e9couvrir nos derni\u00e8res nouveaut\u00e9s.  N'oubliez pas de prendre une photo et de nous la partager sur les r\u00e9seaux sociaux pour montrer votre soutien \u00e0 Famille Ricci !  Vous \u00eates au rang le plus \u00e9lev\u00e9 de la Meute.","og_url":"https:\/\/riccispirits.com\/produit\/t-shirt-gris-la-meute\/","og_site_name":"Ricci Spirits","og_image":[{"width":1080,"height":1080,"url":"https:\/\/riccispirits.com\/wp-content\/uploads\/2023\/04\/TshirtGris-LaMeute-Alpha-FamilleRicci.webp","type":"image\/png"}],"twitter_card":"summary_large_image","schema":{"@context":"https:\/\/schema.org","@graph":[{"@type":"WebPage","@id":"https:\/\/riccispirits.com\/produit\/t-shirt-gris-la-meute\/","url":"https:\/\/riccispirits.com\/produit\/t-shirt-gris-la-meute\/","name":"T-shirt gris - Alpha (Bonus) - Ricci Spirits","isPartOf":{"@id":"https:\/\/riccispirits.com\/#website"},"primaryImageOfPage":{"@id":"https:\/\/riccispirits.com\/produit\/t-shirt-gris-la-meute\/#primaryimage"},"image":{"@id":"https:\/\/riccispirits.com\/produit\/t-shirt-gris-la-meute\/#primaryimage"},"thumbnailUrl":"https:\/\/riccispirits.com\/wp-content\/uploads\/2023\/04\/TshirtGris-LaMeute-Alpha-FamilleRicci.webp","datePublished":"2023-04-11T14:10:52+00:00","breadcrumb":{"@id":"https:\/\/riccispirits.com\/produit\/t-shirt-gris-la-meute\/#breadcrumb"},"inLanguage":"en-US","potentialAction":[{"@type":"ReadAction","target":["https:\/\/riccispirits.com\/produit\/t-shirt-gris-la-meute\/"]}]},{"@type":"ImageObject","inLanguage":"en-US","@id":"https:\/\/riccispirits.com\/produit\/t-shirt-gris-la-meute\/#primaryimage","url":"https:\/\/riccispirits.com\/wp-content\/uploads\/2023\/04\/TshirtGris-LaMeute-Alpha-FamilleRicci.webp","contentUrl":"https:\/\/riccispirits.com\/wp-content\/uploads\/2023\/04\/TshirtGris-LaMeute-Alpha-FamilleRicci.webp","width":1080,"height":1080},{"@type":"BreadcrumbList","@id":"https:\/\/riccispirits.com\/produit\/t-shirt-gris-la-meute\/#breadcrumb","itemListElement":[{"@type":"ListItem","position":1,"name":"Accueil","item":"https:\/\/riccispirits.com\/"},{"@type":"ListItem","position":2,"name":"Shop","item":"https:\/\/riccispirits.com\/boutique\/"},{"@type":"ListItem","position":3,"name":"T-shirt gris &#8211; Alpha (Bonus)"}]},{"@type":"WebSite","@id":"https:\/\/riccispirits.com\/#website","url":"https:\/\/riccispirits.com\/","name":"Ricci Spirits","description":"Producteurs de spiritieux","potentialAction":[{"@type":"SearchAction","target":{"@type":"EntryPoint","urlTemplate":"https:\/\/riccispirits.com\/?s={search_term_string}"},"query-input":{"@type":"PropertyValueSpecification","valueRequired":true,"valueName":"search_term_string"}}],"inLanguage":"en-US"}]}},"_links":{"self":[{"href":"https:\/\/riccispirits.com\/en\/wp-json\/wp\/v2\/product\/4726","targetHints":{"allow":["GET"]}}],"collection":[{"href":"https:\/\/riccispirits.com\/en\/wp-json\/wp\/v2\/product"}],"about":[{"href":"https:\/\/riccispirits.com\/en\/wp-json\/wp\/v2\/types\/product"}],"replies":[{"embeddable":true,"href":"https:\/\/riccispirits.com\/en\/wp-json\/wp\/v2\/comments?post=4726"}],"wp:featuredmedia":[{"embeddable":true,"href":"https:\/\/riccispirits.com\/en\/wp-json\/wp\/v2\/media\/4437"}],"wp:attachment":[{"href":"https:\/\/riccispirits.com\/en\/wp-json\/wp\/v2\/media?parent=4726"}],"wp:term":[{"taxonomy":"product_brand","embeddable":true,"href":"https:\/\/riccispirits.com\/en\/wp-json\/wp\/v2\/product_brand?post=4726"},{"taxonomy":"product_cat","embeddable":true,"href":"https:\/\/riccispirits.com\/en\/wp-json\/wp\/v2\/product_cat?post=4726"},{"taxonomy":"product_tag","embeddable":true,"href":"https:\/\/riccispirits.com\/en\/wp-json\/wp\/v2\/product_tag?post=4726"}],"curies":[{"name":"wp","href":"https:\/\/api.w.org\/{rel}","templated":true}]}}