{"id":4717,"date":"2023-05-02T11:07:53","date_gmt":"2023-05-02T09:07:53","guid":{"rendered":"https:\/\/www.famillericci.com\/produit\/casquette-noire-omega\/"},"modified":"2023-05-02T11:07:53","modified_gmt":"2023-05-02T09:07:53","slug":"casquette-noire-omega","status":"publish","type":"product","link":"https:\/\/riccispirits.com\/en\/produit\/casquette-noire-omega\/","title":{"rendered":"Casquette noire &#8211; Omega"},"content":{"rendered":"","protected":false},"excerpt":{"rendered":"<p>Pour vous remercier d&#8217;avoir rejoint notre programme de fid\u00e9lit\u00e9, nous vous offrons ce premier cadeau exclusif pour les rangs Omega.<\/p>\n<p>Prot\u00e9gez-vous du soleil tout en affichant votre passion pour le rhum avec fiert\u00e9 en portant cette casquette Famille Ricci, obtenue gr\u00e2ce \u00e0 votre rang Omega. <\/p>\n<p>N\u2019oubliez pas de prendre une photo et de nous la partager sur les r\u00e9seaux sociaux pour montrer votre soutien \u00e0 Famille Ricci !<\/p>\n<p>Bienvenue dans La Meute !<\/p>\n","protected":false},"featured_media":4405,"comment_status":"open","ping_status":"closed","template":"","meta":{"_acf_changed":false,"inline_featured_image":false,"_monsterinsights_skip_tracking":false,"_monsterinsights_sitenote_active":false,"_monsterinsights_sitenote_note":"","_monsterinsights_sitenote_category":0,"_uf_show_specific_survey":0,"_uf_disable_surveys":false},"product_brand":[],"product_cat":[16],"product_tag":[],"class_list":{"0":"post-4717","1":"product","2":"type-product","3":"status-publish","4":"has-post-thumbnail","6":"product_cat-non-classe","7":"pa_taille-taille-unique-en","9":"first","10":"instock","11":"taxable","12":"shipping-taxable","13":"purchasable","14":"product-type-variable"},"acf":[],"yoast_head":"<!-- This site is optimized with the Yoast SEO plugin v24.7 - https:\/\/yoast.com\/wordpress\/plugins\/seo\/ -->\n<title>Casquette noire - Omega - Ricci Spirits<\/title>\n<meta name=\"robots\" content=\"index, follow, max-snippet:-1, max-image-preview:large, max-video-preview:-1\" \/>\n<link rel=\"canonical\" href=\"https:\/\/riccispirits.com\/produit\/casquette-noire-omega\/\" \/>\n<meta property=\"og:locale\" content=\"en_US\" \/>\n<meta property=\"og:type\" content=\"article\" \/>\n<meta property=\"og:title\" content=\"Casquette noire - Omega - Ricci Spirits\" \/>\n<meta property=\"og:description\" content=\"Pour vous remercier d&#039;avoir rejoint notre programme de fid\u00e9lit\u00e9, nous vous offrons ce premier cadeau exclusif pour les rangs Omega.  Prot\u00e9gez-vous du soleil tout en affichant votre passion pour le rhum avec fiert\u00e9 en portant cette casquette Famille Ricci, obtenue gr\u00e2ce \u00e0 votre rang Omega.   N\u2019oubliez pas de prendre une photo et de nous la partager sur les r\u00e9seaux sociaux pour montrer votre soutien \u00e0 Famille Ricci !  Bienvenue dans La Meute !\" \/>\n<meta property=\"og:url\" content=\"https:\/\/riccispirits.com\/produit\/casquette-noire-omega\/\" \/>\n<meta property=\"og:site_name\" content=\"Ricci Spirits\" \/>\n<meta property=\"og:image\" content=\"https:\/\/riccispirits.com\/wp-content\/uploads\/2023\/04\/OMEGA-Casquettenoire-famillericci.webp\" \/>\n\t<meta property=\"og:image:width\" content=\"1080\" \/>\n\t<meta property=\"og:image:height\" content=\"1080\" \/>\n\t<meta property=\"og:image:type\" content=\"image\/png\" \/>\n<meta name=\"twitter:card\" content=\"summary_large_image\" \/>\n<script type=\"application\/ld+json\" class=\"yoast-schema-graph\">{\"@context\":\"https:\/\/schema.org\",\"@graph\":[{\"@type\":\"WebPage\",\"@id\":\"https:\/\/riccispirits.com\/produit\/casquette-noire-omega\/\",\"url\":\"https:\/\/riccispirits.com\/produit\/casquette-noire-omega\/\",\"name\":\"Casquette noire - Omega - Ricci Spirits\",\"isPartOf\":{\"@id\":\"https:\/\/riccispirits.com\/#website\"},\"primaryImageOfPage\":{\"@id\":\"https:\/\/riccispirits.com\/produit\/casquette-noire-omega\/#primaryimage\"},\"image\":{\"@id\":\"https:\/\/riccispirits.com\/produit\/casquette-noire-omega\/#primaryimage\"},\"thumbnailUrl\":\"https:\/\/riccispirits.com\/wp-content\/uploads\/2023\/04\/OMEGA-Casquettenoire-famillericci.webp\",\"datePublished\":\"2023-05-02T09:07:53+00:00\",\"breadcrumb\":{\"@id\":\"https:\/\/riccispirits.com\/produit\/casquette-noire-omega\/#breadcrumb\"},\"inLanguage\":\"en-US\",\"potentialAction\":[{\"@type\":\"ReadAction\",\"target\":[\"https:\/\/riccispirits.com\/produit\/casquette-noire-omega\/\"]}]},{\"@type\":\"ImageObject\",\"inLanguage\":\"en-US\",\"@id\":\"https:\/\/riccispirits.com\/produit\/casquette-noire-omega\/#primaryimage\",\"url\":\"https:\/\/riccispirits.com\/wp-content\/uploads\/2023\/04\/OMEGA-Casquettenoire-famillericci.webp\",\"contentUrl\":\"https:\/\/riccispirits.com\/wp-content\/uploads\/2023\/04\/OMEGA-Casquettenoire-famillericci.webp\",\"width\":1080,\"height\":1080},{\"@type\":\"BreadcrumbList\",\"@id\":\"https:\/\/riccispirits.com\/produit\/casquette-noire-omega\/#breadcrumb\",\"itemListElement\":[{\"@type\":\"ListItem\",\"position\":1,\"name\":\"Accueil\",\"item\":\"https:\/\/riccispirits.com\/\"},{\"@type\":\"ListItem\",\"position\":2,\"name\":\"Shop\",\"item\":\"https:\/\/riccispirits.com\/boutique\/\"},{\"@type\":\"ListItem\",\"position\":3,\"name\":\"Casquette noire &#8211; Omega\"}]},{\"@type\":\"WebSite\",\"@id\":\"https:\/\/riccispirits.com\/#website\",\"url\":\"https:\/\/riccispirits.com\/\",\"name\":\"Ricci Spirits\",\"description\":\"Producteurs de spiritieux\",\"potentialAction\":[{\"@type\":\"SearchAction\",\"target\":{\"@type\":\"EntryPoint\",\"urlTemplate\":\"https:\/\/riccispirits.com\/?s={search_term_string}\"},\"query-input\":{\"@type\":\"PropertyValueSpecification\",\"valueRequired\":true,\"valueName\":\"search_term_string\"}}],\"inLanguage\":\"en-US\"}]}<\/script>\n<!-- \/ Yoast SEO plugin. -->","yoast_head_json":{"title":"Casquette noire - Omega - Ricci Spirits","robots":{"index":"index","follow":"follow","max-snippet":"max-snippet:-1","max-image-preview":"max-image-preview:large","max-video-preview":"max-video-preview:-1"},"canonical":"https:\/\/riccispirits.com\/produit\/casquette-noire-omega\/","og_locale":"en_US","og_type":"article","og_title":"Casquette noire - Omega - Ricci Spirits","og_description":"Pour vous remercier d'avoir rejoint notre programme de fid\u00e9lit\u00e9, nous vous offrons ce premier cadeau exclusif pour les rangs Omega.  Prot\u00e9gez-vous du soleil tout en affichant votre passion pour le rhum avec fiert\u00e9 en portant cette casquette Famille Ricci, obtenue gr\u00e2ce \u00e0 votre rang Omega.   N\u2019oubliez pas de prendre une photo et de nous la partager sur les r\u00e9seaux sociaux pour montrer votre soutien \u00e0 Famille Ricci !  Bienvenue dans La Meute !","og_url":"https:\/\/riccispirits.com\/produit\/casquette-noire-omega\/","og_site_name":"Ricci Spirits","og_image":[{"width":1080,"height":1080,"url":"https:\/\/riccispirits.com\/wp-content\/uploads\/2023\/04\/OMEGA-Casquettenoire-famillericci.webp","type":"image\/png"}],"twitter_card":"summary_large_image","schema":{"@context":"https:\/\/schema.org","@graph":[{"@type":"WebPage","@id":"https:\/\/riccispirits.com\/produit\/casquette-noire-omega\/","url":"https:\/\/riccispirits.com\/produit\/casquette-noire-omega\/","name":"Casquette noire - Omega - Ricci Spirits","isPartOf":{"@id":"https:\/\/riccispirits.com\/#website"},"primaryImageOfPage":{"@id":"https:\/\/riccispirits.com\/produit\/casquette-noire-omega\/#primaryimage"},"image":{"@id":"https:\/\/riccispirits.com\/produit\/casquette-noire-omega\/#primaryimage"},"thumbnailUrl":"https:\/\/riccispirits.com\/wp-content\/uploads\/2023\/04\/OMEGA-Casquettenoire-famillericci.webp","datePublished":"2023-05-02T09:07:53+00:00","breadcrumb":{"@id":"https:\/\/riccispirits.com\/produit\/casquette-noire-omega\/#breadcrumb"},"inLanguage":"en-US","potentialAction":[{"@type":"ReadAction","target":["https:\/\/riccispirits.com\/produit\/casquette-noire-omega\/"]}]},{"@type":"ImageObject","inLanguage":"en-US","@id":"https:\/\/riccispirits.com\/produit\/casquette-noire-omega\/#primaryimage","url":"https:\/\/riccispirits.com\/wp-content\/uploads\/2023\/04\/OMEGA-Casquettenoire-famillericci.webp","contentUrl":"https:\/\/riccispirits.com\/wp-content\/uploads\/2023\/04\/OMEGA-Casquettenoire-famillericci.webp","width":1080,"height":1080},{"@type":"BreadcrumbList","@id":"https:\/\/riccispirits.com\/produit\/casquette-noire-omega\/#breadcrumb","itemListElement":[{"@type":"ListItem","position":1,"name":"Accueil","item":"https:\/\/riccispirits.com\/"},{"@type":"ListItem","position":2,"name":"Shop","item":"https:\/\/riccispirits.com\/boutique\/"},{"@type":"ListItem","position":3,"name":"Casquette noire &#8211; Omega"}]},{"@type":"WebSite","@id":"https:\/\/riccispirits.com\/#website","url":"https:\/\/riccispirits.com\/","name":"Ricci Spirits","description":"Producteurs de spiritieux","potentialAction":[{"@type":"SearchAction","target":{"@type":"EntryPoint","urlTemplate":"https:\/\/riccispirits.com\/?s={search_term_string}"},"query-input":{"@type":"PropertyValueSpecification","valueRequired":true,"valueName":"search_term_string"}}],"inLanguage":"en-US"}]}},"_links":{"self":[{"href":"https:\/\/riccispirits.com\/en\/wp-json\/wp\/v2\/product\/4717","targetHints":{"allow":["GET"]}}],"collection":[{"href":"https:\/\/riccispirits.com\/en\/wp-json\/wp\/v2\/product"}],"about":[{"href":"https:\/\/riccispirits.com\/en\/wp-json\/wp\/v2\/types\/product"}],"replies":[{"embeddable":true,"href":"https:\/\/riccispirits.com\/en\/wp-json\/wp\/v2\/comments?post=4717"}],"wp:featuredmedia":[{"embeddable":true,"href":"https:\/\/riccispirits.com\/en\/wp-json\/wp\/v2\/media\/4405"}],"wp:attachment":[{"href":"https:\/\/riccispirits.com\/en\/wp-json\/wp\/v2\/media?parent=4717"}],"wp:term":[{"taxonomy":"product_brand","embeddable":true,"href":"https:\/\/riccispirits.com\/en\/wp-json\/wp\/v2\/product_brand?post=4717"},{"taxonomy":"product_cat","embeddable":true,"href":"https:\/\/riccispirits.com\/en\/wp-json\/wp\/v2\/product_cat?post=4717"},{"taxonomy":"product_tag","embeddable":true,"href":"https:\/\/riccispirits.com\/en\/wp-json\/wp\/v2\/product_tag?post=4717"}],"curies":[{"name":"wp","href":"https:\/\/api.w.org\/{rel}","templated":true}]}}