{"id":4704,"date":"2023-05-22T19:00:05","date_gmt":"2023-05-22T17:00:05","guid":{"rendered":"https:\/\/www.famillericci.com\/produit\/zodiac-2023-gemeau\/"},"modified":"2025-03-27T08:54:42","modified_gmt":"2025-03-27T07:54:42","slug":"zodiac-2023-gemeau","status":"publish","type":"product","link":"https:\/\/riccispirits.com\/en\/produit\/zodiac-2023-gemeau\/","title":{"rendered":"Zodiac 2023 \u2013 G\u00e9meau (G\u00e9mini)"},"content":{"rendered":"","protected":false},"excerpt":{"rendered":"","protected":false},"featured_media":4443,"comment_status":"open","ping_status":"closed","template":"","meta":{"_acf_changed":false,"inline_featured_image":false,"_monsterinsights_skip_tracking":false,"_monsterinsights_sitenote_active":false,"_monsterinsights_sitenote_note":"","_monsterinsights_sitenote_category":0,"_uf_show_specific_survey":0,"_uf_disable_surveys":false},"product_brand":[],"product_cat":[16],"product_tag":[],"class_list":{"0":"post-4704","1":"product","2":"type-product","3":"status-publish","4":"has-post-thumbnail","6":"product_cat-non-classe","7":"pa_degres-63-5-en","9":"first","10":"outofstock","11":"taxable","12":"shipping-taxable","13":"purchasable","14":"product-type-simple"},"acf":[],"yoast_head":"<!-- This site is optimized with the Yoast SEO plugin v24.7 - https:\/\/yoast.com\/wordpress\/plugins\/seo\/ -->\n<title>Zodiac 2023 \u2013 G\u00e9meau (G\u00e9mini) - Ricci Spirits<\/title>\n<meta name=\"description\" content=\"Au nez, un profil m\u00e9dicinal et gourmand, complexe : kaki, pomme, r\u00e9glisse et miell\u00e9. En bouche, c\u2019est ample sur une base m\u00e9dicinale et menthol\u00e9e. C\u2019est dot\u00e9 d\u2019une belle complexit\u00e9 qui nous fait voyager d\u2019un profil sur les fruits confits, \u00e0 un profil plus herbac\u00e9, accompagn\u00e9 sur toute la longueur d\u2019un miel toutes fleurs et d\u2019une fra\u00eecheur citronn\u00e9e. Le tout port\u00e9 sur la longueur par un panier d\u2019\u00e9pices chaudes.\" \/>\n<meta name=\"robots\" content=\"index, follow, max-snippet:-1, max-image-preview:large, max-video-preview:-1\" \/>\n<link rel=\"canonical\" href=\"https:\/\/riccispirits.com\/?post_type=product&p=3897\" \/>\n<meta property=\"og:locale\" content=\"en_US\" \/>\n<meta property=\"og:type\" content=\"article\" \/>\n<meta property=\"og:title\" content=\"Zodiac 2023 \u2013 G\u00e9meau (G\u00e9mini) - Ricci Spirits\" \/>\n<meta property=\"og:description\" content=\"Au nez, un profil m\u00e9dicinal et gourmand, complexe : kaki, pomme, r\u00e9glisse et miell\u00e9. En bouche, c\u2019est ample sur une base m\u00e9dicinale et menthol\u00e9e. C\u2019est dot\u00e9 d\u2019une belle complexit\u00e9 qui nous fait voyager d\u2019un profil sur les fruits confits, \u00e0 un profil plus herbac\u00e9, accompagn\u00e9 sur toute la longueur d\u2019un miel toutes fleurs et d\u2019une fra\u00eecheur citronn\u00e9e. Le tout port\u00e9 sur la longueur par un panier d\u2019\u00e9pices chaudes.\" \/>\n<meta property=\"og:url\" content=\"https:\/\/riccispirits.com\/?post_type=product&amp;p=3897\" \/>\n<meta property=\"og:site_name\" content=\"Ricci Spirits\" \/>\n<meta property=\"article:modified_time\" content=\"2025-03-27T07:54:42+00:00\" \/>\n<meta property=\"og:image\" content=\"https:\/\/riccispirits.com\/wp-content\/uploads\/2023\/05\/BT_ZODIAC_GEMEAUX.webp\" \/>\n\t<meta property=\"og:image:width\" content=\"2560\" \/>\n\t<meta property=\"og:image:height\" content=\"2560\" \/>\n\t<meta property=\"og:image:type\" content=\"image\/png\" \/>\n<meta name=\"twitter:card\" content=\"summary_large_image\" \/>\n<meta name=\"twitter:label1\" content=\"Est. reading time\" \/>\n\t<meta name=\"twitter:data1\" content=\"1 minute\" \/>\n<script type=\"application\/ld+json\" class=\"yoast-schema-graph\">{\"@context\":\"https:\/\/schema.org\",\"@graph\":[{\"@type\":\"WebPage\",\"@id\":\"https:\/\/riccispirits.com\/?post_type=product&p=3897\",\"url\":\"https:\/\/riccispirits.com\/?post_type=product&p=3897\",\"name\":\"Zodiac 2023 \u2013 G\u00e9meau (G\u00e9mini) - Ricci Spirits\",\"isPartOf\":{\"@id\":\"https:\/\/riccispirits.com\/#website\"},\"primaryImageOfPage\":{\"@id\":\"https:\/\/riccispirits.com\/?post_type=product&p=3897#primaryimage\"},\"image\":{\"@id\":\"https:\/\/riccispirits.com\/?post_type=product&p=3897#primaryimage\"},\"thumbnailUrl\":\"https:\/\/riccispirits.com\/wp-content\/uploads\/2023\/05\/BT_ZODIAC_GEMEAUX.webp\",\"datePublished\":\"2023-05-22T17:00:05+00:00\",\"dateModified\":\"2025-03-27T07:54:42+00:00\",\"description\":\"Au nez, un profil m\u00e9dicinal et gourmand, complexe : kaki, pomme, r\u00e9glisse et miell\u00e9. En bouche, c\u2019est ample sur une base m\u00e9dicinale et menthol\u00e9e. C\u2019est dot\u00e9 d\u2019une belle complexit\u00e9 qui nous fait voyager d\u2019un profil sur les fruits confits, \u00e0 un profil plus herbac\u00e9, accompagn\u00e9 sur toute la longueur d\u2019un miel toutes fleurs et d\u2019une fra\u00eecheur citronn\u00e9e. Le tout port\u00e9 sur la longueur par un panier d\u2019\u00e9pices chaudes.\",\"breadcrumb\":{\"@id\":\"https:\/\/riccispirits.com\/?post_type=product&p=3897#breadcrumb\"},\"inLanguage\":\"en-US\",\"potentialAction\":[{\"@type\":\"ReadAction\",\"target\":[\"https:\/\/riccispirits.com\/?post_type=product&p=3897\"]}]},{\"@type\":\"ImageObject\",\"inLanguage\":\"en-US\",\"@id\":\"https:\/\/riccispirits.com\/?post_type=product&p=3897#primaryimage\",\"url\":\"https:\/\/riccispirits.com\/wp-content\/uploads\/2023\/05\/BT_ZODIAC_GEMEAUX.webp\",\"contentUrl\":\"https:\/\/riccispirits.com\/wp-content\/uploads\/2023\/05\/BT_ZODIAC_GEMEAUX.webp\",\"width\":2560,\"height\":2560},{\"@type\":\"BreadcrumbList\",\"@id\":\"https:\/\/riccispirits.com\/?post_type=product&p=3897#breadcrumb\",\"itemListElement\":[{\"@type\":\"ListItem\",\"position\":1,\"name\":\"Accueil\",\"item\":\"https:\/\/riccispirits.com\/\"},{\"@type\":\"ListItem\",\"position\":2,\"name\":\"Shop\",\"item\":\"https:\/\/riccispirits.com\/en\/shop\/\"},{\"@type\":\"ListItem\",\"position\":3,\"name\":\"Zodiac 2023 \u2013 G\u00e9meau (G\u00e9mini)\"}]},{\"@type\":\"WebSite\",\"@id\":\"https:\/\/riccispirits.com\/#website\",\"url\":\"https:\/\/riccispirits.com\/\",\"name\":\"Ricci Spirits\",\"description\":\"Producteurs de spiritieux\",\"potentialAction\":[{\"@type\":\"SearchAction\",\"target\":{\"@type\":\"EntryPoint\",\"urlTemplate\":\"https:\/\/riccispirits.com\/?s={search_term_string}\"},\"query-input\":{\"@type\":\"PropertyValueSpecification\",\"valueRequired\":true,\"valueName\":\"search_term_string\"}}],\"inLanguage\":\"en-US\"}]}<\/script>\n<!-- \/ Yoast SEO plugin. -->","yoast_head_json":{"title":"Zodiac 2023 \u2013 G\u00e9meau (G\u00e9mini) - Ricci Spirits","description":"Au nez, un profil m\u00e9dicinal et gourmand, complexe : kaki, pomme, r\u00e9glisse et miell\u00e9. En bouche, c\u2019est ample sur une base m\u00e9dicinale et menthol\u00e9e. C\u2019est dot\u00e9 d\u2019une belle complexit\u00e9 qui nous fait voyager d\u2019un profil sur les fruits confits, \u00e0 un profil plus herbac\u00e9, accompagn\u00e9 sur toute la longueur d\u2019un miel toutes fleurs et d\u2019une fra\u00eecheur citronn\u00e9e. Le tout port\u00e9 sur la longueur par un panier d\u2019\u00e9pices chaudes.","robots":{"index":"index","follow":"follow","max-snippet":"max-snippet:-1","max-image-preview":"max-image-preview:large","max-video-preview":"max-video-preview:-1"},"canonical":"https:\/\/riccispirits.com\/?post_type=product&p=3897","og_locale":"en_US","og_type":"article","og_title":"Zodiac 2023 \u2013 G\u00e9meau (G\u00e9mini) - Ricci Spirits","og_description":"Au nez, un profil m\u00e9dicinal et gourmand, complexe : kaki, pomme, r\u00e9glisse et miell\u00e9. En bouche, c\u2019est ample sur une base m\u00e9dicinale et menthol\u00e9e. C\u2019est dot\u00e9 d\u2019une belle complexit\u00e9 qui nous fait voyager d\u2019un profil sur les fruits confits, \u00e0 un profil plus herbac\u00e9, accompagn\u00e9 sur toute la longueur d\u2019un miel toutes fleurs et d\u2019une fra\u00eecheur citronn\u00e9e. Le tout port\u00e9 sur la longueur par un panier d\u2019\u00e9pices chaudes.","og_url":"https:\/\/riccispirits.com\/?post_type=product&p=3897","og_site_name":"Ricci Spirits","article_modified_time":"2025-03-27T07:54:42+00:00","og_image":[{"width":2560,"height":2560,"url":"https:\/\/riccispirits.com\/wp-content\/uploads\/2023\/05\/BT_ZODIAC_GEMEAUX.webp","type":"image\/png"}],"twitter_card":"summary_large_image","twitter_misc":{"Est. reading time":"1 minute"},"schema":{"@context":"https:\/\/schema.org","@graph":[{"@type":"WebPage","@id":"https:\/\/riccispirits.com\/?post_type=product&p=3897","url":"https:\/\/riccispirits.com\/?post_type=product&p=3897","name":"Zodiac 2023 \u2013 G\u00e9meau (G\u00e9mini) - Ricci Spirits","isPartOf":{"@id":"https:\/\/riccispirits.com\/#website"},"primaryImageOfPage":{"@id":"https:\/\/riccispirits.com\/?post_type=product&p=3897#primaryimage"},"image":{"@id":"https:\/\/riccispirits.com\/?post_type=product&p=3897#primaryimage"},"thumbnailUrl":"https:\/\/riccispirits.com\/wp-content\/uploads\/2023\/05\/BT_ZODIAC_GEMEAUX.webp","datePublished":"2023-05-22T17:00:05+00:00","dateModified":"2025-03-27T07:54:42+00:00","description":"Au nez, un profil m\u00e9dicinal et gourmand, complexe : kaki, pomme, r\u00e9glisse et miell\u00e9. En bouche, c\u2019est ample sur une base m\u00e9dicinale et menthol\u00e9e. C\u2019est dot\u00e9 d\u2019une belle complexit\u00e9 qui nous fait voyager d\u2019un profil sur les fruits confits, \u00e0 un profil plus herbac\u00e9, accompagn\u00e9 sur toute la longueur d\u2019un miel toutes fleurs et d\u2019une fra\u00eecheur citronn\u00e9e. Le tout port\u00e9 sur la longueur par un panier d\u2019\u00e9pices chaudes.","breadcrumb":{"@id":"https:\/\/riccispirits.com\/?post_type=product&p=3897#breadcrumb"},"inLanguage":"en-US","potentialAction":[{"@type":"ReadAction","target":["https:\/\/riccispirits.com\/?post_type=product&p=3897"]}]},{"@type":"ImageObject","inLanguage":"en-US","@id":"https:\/\/riccispirits.com\/?post_type=product&p=3897#primaryimage","url":"https:\/\/riccispirits.com\/wp-content\/uploads\/2023\/05\/BT_ZODIAC_GEMEAUX.webp","contentUrl":"https:\/\/riccispirits.com\/wp-content\/uploads\/2023\/05\/BT_ZODIAC_GEMEAUX.webp","width":2560,"height":2560},{"@type":"BreadcrumbList","@id":"https:\/\/riccispirits.com\/?post_type=product&p=3897#breadcrumb","itemListElement":[{"@type":"ListItem","position":1,"name":"Accueil","item":"https:\/\/riccispirits.com\/"},{"@type":"ListItem","position":2,"name":"Shop","item":"https:\/\/riccispirits.com\/en\/shop\/"},{"@type":"ListItem","position":3,"name":"Zodiac 2023 \u2013 G\u00e9meau (G\u00e9mini)"}]},{"@type":"WebSite","@id":"https:\/\/riccispirits.com\/#website","url":"https:\/\/riccispirits.com\/","name":"Ricci Spirits","description":"Producteurs de spiritieux","potentialAction":[{"@type":"SearchAction","target":{"@type":"EntryPoint","urlTemplate":"https:\/\/riccispirits.com\/?s={search_term_string}"},"query-input":{"@type":"PropertyValueSpecification","valueRequired":true,"valueName":"search_term_string"}}],"inLanguage":"en-US"}]}},"_links":{"self":[{"href":"https:\/\/riccispirits.com\/en\/wp-json\/wp\/v2\/product\/4704","targetHints":{"allow":["GET"]}}],"collection":[{"href":"https:\/\/riccispirits.com\/en\/wp-json\/wp\/v2\/product"}],"about":[{"href":"https:\/\/riccispirits.com\/en\/wp-json\/wp\/v2\/types\/product"}],"replies":[{"embeddable":true,"href":"https:\/\/riccispirits.com\/en\/wp-json\/wp\/v2\/comments?post=4704"}],"wp:featuredmedia":[{"embeddable":true,"href":"https:\/\/riccispirits.com\/en\/wp-json\/wp\/v2\/media\/4443"}],"wp:attachment":[{"href":"https:\/\/riccispirits.com\/en\/wp-json\/wp\/v2\/media?parent=4704"}],"wp:term":[{"taxonomy":"product_brand","embeddable":true,"href":"https:\/\/riccispirits.com\/en\/wp-json\/wp\/v2\/product_brand?post=4704"},{"taxonomy":"product_cat","embeddable":true,"href":"https:\/\/riccispirits.com\/en\/wp-json\/wp\/v2\/product_cat?post=4704"},{"taxonomy":"product_tag","embeddable":true,"href":"https:\/\/riccispirits.com\/en\/wp-json\/wp\/v2\/product_tag?post=4704"}],"curies":[{"name":"wp","href":"https:\/\/api.w.org\/{rel}","templated":true}]}}