{"id":4661,"date":"2022-12-14T18:00:54","date_gmt":"2022-12-14T17:00:54","guid":{"rendered":"https:\/\/www.famillericci.com\/produit\/quitessence2022\/"},"modified":"2025-03-24T13:36:16","modified_gmt":"2025-03-24T12:36:16","slug":"quitessence2022","status":"publish","type":"product","link":"https:\/\/riccispirits.com\/en\/produit\/quitessence2022\/","title":{"rendered":"Quintessence 2022"},"content":{"rendered":"","protected":false},"excerpt":{"rendered":"","protected":false},"featured_media":4388,"comment_status":"open","ping_status":"closed","template":"","meta":{"_acf_changed":false,"inline_featured_image":false,"_monsterinsights_skip_tracking":false,"_monsterinsights_sitenote_active":false,"_monsterinsights_sitenote_note":"","_monsterinsights_sitenote_category":0,"_uf_show_specific_survey":0,"_uf_disable_surveys":false},"product_brand":[],"product_cat":[16],"product_tag":[],"class_list":{"0":"post-4661","1":"product","2":"type-product","3":"status-publish","4":"has-post-thumbnail","6":"product_cat-non-classe","7":"pa_degres-57-8-en","9":"first","10":"outofstock","11":"featured","12":"taxable","13":"shipping-taxable","14":"product-type-simple"},"acf":[],"yoast_head":"<!-- This site is optimized with the Yoast SEO plugin v24.7 - https:\/\/yoast.com\/wordpress\/plugins\/seo\/ -->\n<title>Quintessence 2022 - Ricci Spirits<\/title>\n<meta name=\"description\" content=\"Nose of a beautiful richness on ripe fruits, leather and spicy notes.On the palate, layered and evolving tasting.A first taste on very ripe mango, lightly braised pineapple and grenadine syrup.A second mouth which evolves on notes on cigar box, white wax, leather and light tangy red fruits.Finally, with an additional resting time, spices, precious wood and notes of cr\u00e8me br\u00fbl\u00e9e complete the very wide but always balanced aromatic palette of this rich and complex rum with an oily texture.\" \/>\n<meta name=\"robots\" content=\"index, follow, max-snippet:-1, max-image-preview:large, max-video-preview:-1\" \/>\n<link rel=\"canonical\" href=\"https:\/\/riccispirits.com\/?post_type=product&p=3367\" \/>\n<meta property=\"og:locale\" content=\"en_US\" \/>\n<meta property=\"og:type\" content=\"article\" \/>\n<meta property=\"og:title\" content=\"Quintessence 2022 - Ricci Spirits\" \/>\n<meta property=\"og:description\" content=\"Nose of a beautiful richness on ripe fruits, leather and spicy notes.On the palate, layered and evolving tasting.A first taste on very ripe mango, lightly braised pineapple and grenadine syrup.A second mouth which evolves on notes on cigar box, white wax, leather and light tangy red fruits.Finally, with an additional resting time, spices, precious wood and notes of cr\u00e8me br\u00fbl\u00e9e complete the very wide but always balanced aromatic palette of this rich and complex rum with an oily texture.\" \/>\n<meta property=\"og:url\" content=\"https:\/\/riccispirits.com\/?post_type=product&amp;p=3367\" \/>\n<meta property=\"og:site_name\" content=\"Ricci Spirits\" \/>\n<meta property=\"article:modified_time\" content=\"2025-03-24T12:36:16+00:00\" \/>\n<meta property=\"og:image\" content=\"https:\/\/riccispirits.com\/wp-content\/uploads\/2022\/12\/quintessen.webp\" \/>\n\t<meta property=\"og:image:width\" content=\"600\" \/>\n\t<meta property=\"og:image:height\" content=\"600\" \/>\n\t<meta property=\"og:image:type\" content=\"image\/png\" \/>\n<meta name=\"twitter:card\" content=\"summary_large_image\" \/>\n<meta name=\"twitter:label1\" content=\"Est. reading time\" \/>\n\t<meta name=\"twitter:data1\" content=\"1 minute\" \/>\n<script type=\"application\/ld+json\" class=\"yoast-schema-graph\">{\"@context\":\"https:\/\/schema.org\",\"@graph\":[{\"@type\":\"WebPage\",\"@id\":\"https:\/\/riccispirits.com\/?post_type=product&p=3367\",\"url\":\"https:\/\/riccispirits.com\/?post_type=product&p=3367\",\"name\":\"Quintessence 2022 - Ricci Spirits\",\"isPartOf\":{\"@id\":\"https:\/\/riccispirits.com\/#website\"},\"primaryImageOfPage\":{\"@id\":\"https:\/\/riccispirits.com\/?post_type=product&p=3367#primaryimage\"},\"image\":{\"@id\":\"https:\/\/riccispirits.com\/?post_type=product&p=3367#primaryimage\"},\"thumbnailUrl\":\"https:\/\/riccispirits.com\/wp-content\/uploads\/2022\/12\/quintessen.webp\",\"datePublished\":\"2022-12-14T17:00:54+00:00\",\"dateModified\":\"2025-03-24T12:36:16+00:00\",\"description\":\"Nose of a beautiful richness on ripe fruits, leather and spicy notes.On the palate, layered and evolving tasting.A first taste on very ripe mango, lightly braised pineapple and grenadine syrup.A second mouth which evolves on notes on cigar box, white wax, leather and light tangy red fruits.Finally, with an additional resting time, spices, precious wood and notes of cr\u00e8me br\u00fbl\u00e9e complete the very wide but always balanced aromatic palette of this rich and complex rum with an oily texture.\",\"breadcrumb\":{\"@id\":\"https:\/\/riccispirits.com\/?post_type=product&p=3367#breadcrumb\"},\"inLanguage\":\"en-US\",\"potentialAction\":[{\"@type\":\"ReadAction\",\"target\":[\"https:\/\/riccispirits.com\/?post_type=product&p=3367\"]}]},{\"@type\":\"ImageObject\",\"inLanguage\":\"en-US\",\"@id\":\"https:\/\/riccispirits.com\/?post_type=product&p=3367#primaryimage\",\"url\":\"https:\/\/riccispirits.com\/wp-content\/uploads\/2022\/12\/quintessen.webp\",\"contentUrl\":\"https:\/\/riccispirits.com\/wp-content\/uploads\/2022\/12\/quintessen.webp\",\"width\":600,\"height\":600},{\"@type\":\"BreadcrumbList\",\"@id\":\"https:\/\/riccispirits.com\/?post_type=product&p=3367#breadcrumb\",\"itemListElement\":[{\"@type\":\"ListItem\",\"position\":1,\"name\":\"Accueil\",\"item\":\"https:\/\/riccispirits.com\/\"},{\"@type\":\"ListItem\",\"position\":2,\"name\":\"Shop\",\"item\":\"https:\/\/riccispirits.com\/en\/shop\/\"},{\"@type\":\"ListItem\",\"position\":3,\"name\":\"Quintessence 2022\"}]},{\"@type\":\"WebSite\",\"@id\":\"https:\/\/riccispirits.com\/#website\",\"url\":\"https:\/\/riccispirits.com\/\",\"name\":\"Ricci Spirits\",\"description\":\"Producteurs de spiritieux\",\"potentialAction\":[{\"@type\":\"SearchAction\",\"target\":{\"@type\":\"EntryPoint\",\"urlTemplate\":\"https:\/\/riccispirits.com\/?s={search_term_string}\"},\"query-input\":{\"@type\":\"PropertyValueSpecification\",\"valueRequired\":true,\"valueName\":\"search_term_string\"}}],\"inLanguage\":\"en-US\"}]}<\/script>\n<!-- \/ Yoast SEO plugin. -->","yoast_head_json":{"title":"Quintessence 2022 - Ricci Spirits","description":"Nose of a beautiful richness on ripe fruits, leather and spicy notes.On the palate, layered and evolving tasting.A first taste on very ripe mango, lightly braised pineapple and grenadine syrup.A second mouth which evolves on notes on cigar box, white wax, leather and light tangy red fruits.Finally, with an additional resting time, spices, precious wood and notes of cr\u00e8me br\u00fbl\u00e9e complete the very wide but always balanced aromatic palette of this rich and complex rum with an oily texture.","robots":{"index":"index","follow":"follow","max-snippet":"max-snippet:-1","max-image-preview":"max-image-preview:large","max-video-preview":"max-video-preview:-1"},"canonical":"https:\/\/riccispirits.com\/?post_type=product&p=3367","og_locale":"en_US","og_type":"article","og_title":"Quintessence 2022 - Ricci Spirits","og_description":"Nose of a beautiful richness on ripe fruits, leather and spicy notes.On the palate, layered and evolving tasting.A first taste on very ripe mango, lightly braised pineapple and grenadine syrup.A second mouth which evolves on notes on cigar box, white wax, leather and light tangy red fruits.Finally, with an additional resting time, spices, precious wood and notes of cr\u00e8me br\u00fbl\u00e9e complete the very wide but always balanced aromatic palette of this rich and complex rum with an oily texture.","og_url":"https:\/\/riccispirits.com\/?post_type=product&p=3367","og_site_name":"Ricci Spirits","article_modified_time":"2025-03-24T12:36:16+00:00","og_image":[{"width":600,"height":600,"url":"https:\/\/riccispirits.com\/wp-content\/uploads\/2022\/12\/quintessen.webp","type":"image\/png"}],"twitter_card":"summary_large_image","twitter_misc":{"Est. reading time":"1 minute"},"schema":{"@context":"https:\/\/schema.org","@graph":[{"@type":"WebPage","@id":"https:\/\/riccispirits.com\/?post_type=product&p=3367","url":"https:\/\/riccispirits.com\/?post_type=product&p=3367","name":"Quintessence 2022 - Ricci Spirits","isPartOf":{"@id":"https:\/\/riccispirits.com\/#website"},"primaryImageOfPage":{"@id":"https:\/\/riccispirits.com\/?post_type=product&p=3367#primaryimage"},"image":{"@id":"https:\/\/riccispirits.com\/?post_type=product&p=3367#primaryimage"},"thumbnailUrl":"https:\/\/riccispirits.com\/wp-content\/uploads\/2022\/12\/quintessen.webp","datePublished":"2022-12-14T17:00:54+00:00","dateModified":"2025-03-24T12:36:16+00:00","description":"Nose of a beautiful richness on ripe fruits, leather and spicy notes.On the palate, layered and evolving tasting.A first taste on very ripe mango, lightly braised pineapple and grenadine syrup.A second mouth which evolves on notes on cigar box, white wax, leather and light tangy red fruits.Finally, with an additional resting time, spices, precious wood and notes of cr\u00e8me br\u00fbl\u00e9e complete the very wide but always balanced aromatic palette of this rich and complex rum with an oily texture.","breadcrumb":{"@id":"https:\/\/riccispirits.com\/?post_type=product&p=3367#breadcrumb"},"inLanguage":"en-US","potentialAction":[{"@type":"ReadAction","target":["https:\/\/riccispirits.com\/?post_type=product&p=3367"]}]},{"@type":"ImageObject","inLanguage":"en-US","@id":"https:\/\/riccispirits.com\/?post_type=product&p=3367#primaryimage","url":"https:\/\/riccispirits.com\/wp-content\/uploads\/2022\/12\/quintessen.webp","contentUrl":"https:\/\/riccispirits.com\/wp-content\/uploads\/2022\/12\/quintessen.webp","width":600,"height":600},{"@type":"BreadcrumbList","@id":"https:\/\/riccispirits.com\/?post_type=product&p=3367#breadcrumb","itemListElement":[{"@type":"ListItem","position":1,"name":"Accueil","item":"https:\/\/riccispirits.com\/"},{"@type":"ListItem","position":2,"name":"Shop","item":"https:\/\/riccispirits.com\/en\/shop\/"},{"@type":"ListItem","position":3,"name":"Quintessence 2022"}]},{"@type":"WebSite","@id":"https:\/\/riccispirits.com\/#website","url":"https:\/\/riccispirits.com\/","name":"Ricci Spirits","description":"Producteurs de spiritieux","potentialAction":[{"@type":"SearchAction","target":{"@type":"EntryPoint","urlTemplate":"https:\/\/riccispirits.com\/?s={search_term_string}"},"query-input":{"@type":"PropertyValueSpecification","valueRequired":true,"valueName":"search_term_string"}}],"inLanguage":"en-US"}]}},"_links":{"self":[{"href":"https:\/\/riccispirits.com\/en\/wp-json\/wp\/v2\/product\/4661","targetHints":{"allow":["GET"]}}],"collection":[{"href":"https:\/\/riccispirits.com\/en\/wp-json\/wp\/v2\/product"}],"about":[{"href":"https:\/\/riccispirits.com\/en\/wp-json\/wp\/v2\/types\/product"}],"replies":[{"embeddable":true,"href":"https:\/\/riccispirits.com\/en\/wp-json\/wp\/v2\/comments?post=4661"}],"wp:featuredmedia":[{"embeddable":true,"href":"https:\/\/riccispirits.com\/en\/wp-json\/wp\/v2\/media\/4388"}],"wp:attachment":[{"href":"https:\/\/riccispirits.com\/en\/wp-json\/wp\/v2\/media?parent=4661"}],"wp:term":[{"taxonomy":"product_brand","embeddable":true,"href":"https:\/\/riccispirits.com\/en\/wp-json\/wp\/v2\/product_brand?post=4661"},{"taxonomy":"product_cat","embeddable":true,"href":"https:\/\/riccispirits.com\/en\/wp-json\/wp\/v2\/product_cat?post=4661"},{"taxonomy":"product_tag","embeddable":true,"href":"https:\/\/riccispirits.com\/en\/wp-json\/wp\/v2\/product_tag?post=4661"}],"curies":[{"name":"wp","href":"https:\/\/api.w.org\/{rel}","templated":true}]}}