{"id":4649,"date":"2023-04-05T14:28:41","date_gmt":"2023-04-05T12:28:41","guid":{"rendered":"https:\/\/www.famillericci.com\/produit\/sweat-blanc-la-meute\/"},"modified":"2023-04-05T14:28:41","modified_gmt":"2023-04-05T12:28:41","slug":"sweat-blanc-la-meute","status":"publish","type":"product","link":"https:\/\/riccispirits.com\/en\/produit\/sweat-blanc-la-meute\/","title":{"rendered":"Sweat blanc &#8211; Alpha"},"content":{"rendered":"","protected":false},"excerpt":{"rendered":"<p>Ce sweat exclusif a \u00e9t\u00e9 sp\u00e9cialement con\u00e7u pour nos clients les plus fid\u00e8les. <\/p>\n<p>Fabriqu\u00e9 \u00e0 partir des mat\u00e9riaux de la plus haute qualit\u00e9 et confectionn\u00e9 avec une attention m\u00e9ticuleuse aux d\u00e9tails, il est enti\u00e8rement pens\u00e9 pour vous remercier de toutes vos commandes.\u00a0Affichez votre passion pour le rhum avec fiert\u00e9 en portant ce sweat obtenu gr\u00e2ce \u00e0 votre rang Alpha dans La Meute.<\/p>\n<p>En atteignant ce rang, vous b\u00e9n\u00e9ficiez maintenant de nombreux avantages, tels qu&#8217;une remise de 10% sur notre site internet et d&#8217;une remise de 5% chez nos cavistes Ambassadeurs gr\u00e2ce \u00e0 votre carte membre La Meute. Nous vous pr\u00e9sentons \u00e9galement nos s\u00e9ries limit\u00e9es en avant-premi\u00e8re ! Nous sommes impatients de vous faire d\u00e9couvrir nos derni\u00e8res nouveaut\u00e9s.<\/p>\n<p>Vous \u00eates au rang le plus \u00e9lev\u00e9 de la Meute.<\/p>\n","protected":false},"featured_media":4400,"comment_status":"open","ping_status":"closed","template":"","meta":{"_acf_changed":false,"inline_featured_image":false,"_monsterinsights_skip_tracking":false,"_monsterinsights_sitenote_active":false,"_monsterinsights_sitenote_note":"","_monsterinsights_sitenote_category":0,"_uf_show_specific_survey":0,"_uf_disable_surveys":false},"product_brand":[],"product_cat":[16],"product_tag":[],"class_list":{"0":"post-4649","1":"product","2":"type-product","3":"status-publish","4":"has-post-thumbnail","6":"product_cat-non-classe","7":"pa_taille-l-en","8":"pa_taille-m-en","9":"pa_taille-s-en","10":"pa_taille-xl-en","12":"first","13":"instock","14":"taxable","15":"shipping-taxable","16":"purchasable","17":"product-type-variable"},"acf":[],"yoast_head":"<!-- This site is optimized with the Yoast SEO plugin v24.7 - https:\/\/yoast.com\/wordpress\/plugins\/seo\/ -->\n<title>Sweat blanc - Alpha - Ricci Spirits<\/title>\n<meta name=\"robots\" content=\"index, follow, max-snippet:-1, max-image-preview:large, max-video-preview:-1\" \/>\n<link rel=\"canonical\" href=\"https:\/\/riccispirits.com\/produit\/sweat-blanc-la-meute\/\" \/>\n<meta property=\"og:locale\" content=\"en_US\" \/>\n<meta property=\"og:type\" content=\"article\" \/>\n<meta property=\"og:title\" content=\"Sweat blanc - Alpha - Ricci Spirits\" \/>\n<meta property=\"og:description\" content=\"Ce sweat exclusif a \u00e9t\u00e9 sp\u00e9cialement con\u00e7u pour nos clients les plus fid\u00e8les.   Fabriqu\u00e9 \u00e0 partir des mat\u00e9riaux de la plus haute qualit\u00e9 et confectionn\u00e9 avec une attention m\u00e9ticuleuse aux d\u00e9tails, il est enti\u00e8rement pens\u00e9 pour vous remercier de toutes vos commandes.\u00a0Affichez votre passion pour le rhum avec fiert\u00e9 en portant ce sweat obtenu gr\u00e2ce \u00e0 votre rang Alpha dans La Meute.  En atteignant ce rang, vous b\u00e9n\u00e9ficiez maintenant de nombreux avantages, tels qu&#039;une remise de 10% sur notre site internet et d&#039;une remise de 5% chez nos cavistes Ambassadeurs gr\u00e2ce \u00e0 votre carte membre La Meute. Nous vous pr\u00e9sentons \u00e9galement nos s\u00e9ries limit\u00e9es en avant-premi\u00e8re ! Nous sommes impatients de vous faire d\u00e9couvrir nos derni\u00e8res nouveaut\u00e9s.  Vous \u00eates au rang le plus \u00e9lev\u00e9 de la Meute.\" \/>\n<meta property=\"og:url\" content=\"https:\/\/riccispirits.com\/produit\/sweat-blanc-la-meute\/\" \/>\n<meta property=\"og:site_name\" content=\"Ricci Spirits\" \/>\n<meta property=\"og:image\" content=\"https:\/\/riccispirits.com\/wp-content\/uploads\/2023\/04\/ALPHA-sweatblanc.webp\" \/>\n\t<meta property=\"og:image:width\" content=\"1080\" \/>\n\t<meta property=\"og:image:height\" content=\"1080\" \/>\n\t<meta property=\"og:image:type\" content=\"image\/png\" \/>\n<meta name=\"twitter:card\" content=\"summary_large_image\" \/>\n<script type=\"application\/ld+json\" class=\"yoast-schema-graph\">{\"@context\":\"https:\/\/schema.org\",\"@graph\":[{\"@type\":\"WebPage\",\"@id\":\"https:\/\/riccispirits.com\/produit\/sweat-blanc-la-meute\/\",\"url\":\"https:\/\/riccispirits.com\/produit\/sweat-blanc-la-meute\/\",\"name\":\"Sweat blanc - Alpha - Ricci Spirits\",\"isPartOf\":{\"@id\":\"https:\/\/riccispirits.com\/#website\"},\"primaryImageOfPage\":{\"@id\":\"https:\/\/riccispirits.com\/produit\/sweat-blanc-la-meute\/#primaryimage\"},\"image\":{\"@id\":\"https:\/\/riccispirits.com\/produit\/sweat-blanc-la-meute\/#primaryimage\"},\"thumbnailUrl\":\"https:\/\/riccispirits.com\/wp-content\/uploads\/2023\/04\/ALPHA-sweatblanc.webp\",\"datePublished\":\"2023-04-05T12:28:41+00:00\",\"breadcrumb\":{\"@id\":\"https:\/\/riccispirits.com\/produit\/sweat-blanc-la-meute\/#breadcrumb\"},\"inLanguage\":\"en-US\",\"potentialAction\":[{\"@type\":\"ReadAction\",\"target\":[\"https:\/\/riccispirits.com\/produit\/sweat-blanc-la-meute\/\"]}]},{\"@type\":\"ImageObject\",\"inLanguage\":\"en-US\",\"@id\":\"https:\/\/riccispirits.com\/produit\/sweat-blanc-la-meute\/#primaryimage\",\"url\":\"https:\/\/riccispirits.com\/wp-content\/uploads\/2023\/04\/ALPHA-sweatblanc.webp\",\"contentUrl\":\"https:\/\/riccispirits.com\/wp-content\/uploads\/2023\/04\/ALPHA-sweatblanc.webp\",\"width\":1080,\"height\":1080},{\"@type\":\"BreadcrumbList\",\"@id\":\"https:\/\/riccispirits.com\/produit\/sweat-blanc-la-meute\/#breadcrumb\",\"itemListElement\":[{\"@type\":\"ListItem\",\"position\":1,\"name\":\"Accueil\",\"item\":\"https:\/\/riccispirits.com\/\"},{\"@type\":\"ListItem\",\"position\":2,\"name\":\"Shop\",\"item\":\"https:\/\/riccispirits.com\/boutique\/\"},{\"@type\":\"ListItem\",\"position\":3,\"name\":\"Sweat blanc &#8211; Alpha\"}]},{\"@type\":\"WebSite\",\"@id\":\"https:\/\/riccispirits.com\/#website\",\"url\":\"https:\/\/riccispirits.com\/\",\"name\":\"Ricci Spirits\",\"description\":\"Producteurs de spiritieux\",\"potentialAction\":[{\"@type\":\"SearchAction\",\"target\":{\"@type\":\"EntryPoint\",\"urlTemplate\":\"https:\/\/riccispirits.com\/?s={search_term_string}\"},\"query-input\":{\"@type\":\"PropertyValueSpecification\",\"valueRequired\":true,\"valueName\":\"search_term_string\"}}],\"inLanguage\":\"en-US\"}]}<\/script>\n<!-- \/ Yoast SEO plugin. -->","yoast_head_json":{"title":"Sweat blanc - Alpha - Ricci Spirits","robots":{"index":"index","follow":"follow","max-snippet":"max-snippet:-1","max-image-preview":"max-image-preview:large","max-video-preview":"max-video-preview:-1"},"canonical":"https:\/\/riccispirits.com\/produit\/sweat-blanc-la-meute\/","og_locale":"en_US","og_type":"article","og_title":"Sweat blanc - Alpha - Ricci Spirits","og_description":"Ce sweat exclusif a \u00e9t\u00e9 sp\u00e9cialement con\u00e7u pour nos clients les plus fid\u00e8les.   Fabriqu\u00e9 \u00e0 partir des mat\u00e9riaux de la plus haute qualit\u00e9 et confectionn\u00e9 avec une attention m\u00e9ticuleuse aux d\u00e9tails, il est enti\u00e8rement pens\u00e9 pour vous remercier de toutes vos commandes.\u00a0Affichez votre passion pour le rhum avec fiert\u00e9 en portant ce sweat obtenu gr\u00e2ce \u00e0 votre rang Alpha dans La Meute.  En atteignant ce rang, vous b\u00e9n\u00e9ficiez maintenant de nombreux avantages, tels qu'une remise de 10% sur notre site internet et d'une remise de 5% chez nos cavistes Ambassadeurs gr\u00e2ce \u00e0 votre carte membre La Meute. Nous vous pr\u00e9sentons \u00e9galement nos s\u00e9ries limit\u00e9es en avant-premi\u00e8re ! Nous sommes impatients de vous faire d\u00e9couvrir nos derni\u00e8res nouveaut\u00e9s.  Vous \u00eates au rang le plus \u00e9lev\u00e9 de la Meute.","og_url":"https:\/\/riccispirits.com\/produit\/sweat-blanc-la-meute\/","og_site_name":"Ricci Spirits","og_image":[{"width":1080,"height":1080,"url":"https:\/\/riccispirits.com\/wp-content\/uploads\/2023\/04\/ALPHA-sweatblanc.webp","type":"image\/png"}],"twitter_card":"summary_large_image","schema":{"@context":"https:\/\/schema.org","@graph":[{"@type":"WebPage","@id":"https:\/\/riccispirits.com\/produit\/sweat-blanc-la-meute\/","url":"https:\/\/riccispirits.com\/produit\/sweat-blanc-la-meute\/","name":"Sweat blanc - Alpha - Ricci Spirits","isPartOf":{"@id":"https:\/\/riccispirits.com\/#website"},"primaryImageOfPage":{"@id":"https:\/\/riccispirits.com\/produit\/sweat-blanc-la-meute\/#primaryimage"},"image":{"@id":"https:\/\/riccispirits.com\/produit\/sweat-blanc-la-meute\/#primaryimage"},"thumbnailUrl":"https:\/\/riccispirits.com\/wp-content\/uploads\/2023\/04\/ALPHA-sweatblanc.webp","datePublished":"2023-04-05T12:28:41+00:00","breadcrumb":{"@id":"https:\/\/riccispirits.com\/produit\/sweat-blanc-la-meute\/#breadcrumb"},"inLanguage":"en-US","potentialAction":[{"@type":"ReadAction","target":["https:\/\/riccispirits.com\/produit\/sweat-blanc-la-meute\/"]}]},{"@type":"ImageObject","inLanguage":"en-US","@id":"https:\/\/riccispirits.com\/produit\/sweat-blanc-la-meute\/#primaryimage","url":"https:\/\/riccispirits.com\/wp-content\/uploads\/2023\/04\/ALPHA-sweatblanc.webp","contentUrl":"https:\/\/riccispirits.com\/wp-content\/uploads\/2023\/04\/ALPHA-sweatblanc.webp","width":1080,"height":1080},{"@type":"BreadcrumbList","@id":"https:\/\/riccispirits.com\/produit\/sweat-blanc-la-meute\/#breadcrumb","itemListElement":[{"@type":"ListItem","position":1,"name":"Accueil","item":"https:\/\/riccispirits.com\/"},{"@type":"ListItem","position":2,"name":"Shop","item":"https:\/\/riccispirits.com\/boutique\/"},{"@type":"ListItem","position":3,"name":"Sweat blanc &#8211; Alpha"}]},{"@type":"WebSite","@id":"https:\/\/riccispirits.com\/#website","url":"https:\/\/riccispirits.com\/","name":"Ricci Spirits","description":"Producteurs de spiritieux","potentialAction":[{"@type":"SearchAction","target":{"@type":"EntryPoint","urlTemplate":"https:\/\/riccispirits.com\/?s={search_term_string}"},"query-input":{"@type":"PropertyValueSpecification","valueRequired":true,"valueName":"search_term_string"}}],"inLanguage":"en-US"}]}},"_links":{"self":[{"href":"https:\/\/riccispirits.com\/en\/wp-json\/wp\/v2\/product\/4649","targetHints":{"allow":["GET"]}}],"collection":[{"href":"https:\/\/riccispirits.com\/en\/wp-json\/wp\/v2\/product"}],"about":[{"href":"https:\/\/riccispirits.com\/en\/wp-json\/wp\/v2\/types\/product"}],"replies":[{"embeddable":true,"href":"https:\/\/riccispirits.com\/en\/wp-json\/wp\/v2\/comments?post=4649"}],"wp:featuredmedia":[{"embeddable":true,"href":"https:\/\/riccispirits.com\/en\/wp-json\/wp\/v2\/media\/4400"}],"wp:attachment":[{"href":"https:\/\/riccispirits.com\/en\/wp-json\/wp\/v2\/media?parent=4649"}],"wp:term":[{"taxonomy":"product_brand","embeddable":true,"href":"https:\/\/riccispirits.com\/en\/wp-json\/wp\/v2\/product_brand?post=4649"},{"taxonomy":"product_cat","embeddable":true,"href":"https:\/\/riccispirits.com\/en\/wp-json\/wp\/v2\/product_cat?post=4649"},{"taxonomy":"product_tag","embeddable":true,"href":"https:\/\/riccispirits.com\/en\/wp-json\/wp\/v2\/product_tag?post=4649"}],"curies":[{"name":"wp","href":"https:\/\/api.w.org\/{rel}","templated":true}]}}