{"id":4639,"date":"2023-04-05T14:33:51","date_gmt":"2023-04-05T12:33:51","guid":{"rendered":"https:\/\/www.famillericci.com\/produit\/polo-gris-la-meute\/"},"modified":"2025-09-12T18:32:10","modified_gmt":"2025-09-12T16:32:10","slug":"polo-gris-la-meute","status":"publish","type":"product","link":"https:\/\/riccispirits.com\/en\/produit\/polo-gris-la-meute\/","title":{"rendered":"T-shirt gris &#8211; Beta (Bonus)"},"content":{"rendered":"","protected":false},"excerpt":{"rendered":"<p>Vous avez atteint le rand Beta et avez d\u00e9bloqu\u00e9 de nouveaux avantages dans notre programme La Meute !<\/p>\n<p>Fabriqu\u00e9 \u00e0 partir des mat\u00e9riaux de la plus haute qualit\u00e9 et confectionn\u00e9 avec une attention m\u00e9ticuleuse aux d\u00e9tails, ce polo gris est enti\u00e8rement pens\u00e9 pour vous remercier de toutes vos commandes.\u00a0Avec sa coupe d\u00e9contract\u00e9e et son design \u00e9l\u00e9gant, il est parfait pour les occasions d\u00e9contract\u00e9es ou pour se d\u00e9tendre \u00e0 la maison. Affichez votre passion pour le rhum avec fiert\u00e9 en portant ce polo obtenu \u00e0 votre rang Beta dans La Meute.<\/p>\n<p>En atteignant ce rang, vous b\u00e9n\u00e9ficiez maintenant de nombreux avantages, tels qu\u2019une remise de 7% sur notre site internet et une remise de 5% chez nos cavistes Ambassadeurs.<\/p>\n<p>Vous \u00eates bient\u00f4t au rang le plus \u00e9lev\u00e9 de la Meute.<\/p>\n","protected":false},"featured_media":4436,"comment_status":"open","ping_status":"closed","template":"","meta":{"_acf_changed":false,"inline_featured_image":false,"_monsterinsights_skip_tracking":false,"_monsterinsights_sitenote_active":false,"_monsterinsights_sitenote_note":"","_monsterinsights_sitenote_category":0,"_uf_show_specific_survey":0,"_uf_disable_surveys":false},"product_brand":[],"product_cat":[343],"product_tag":[],"class_list":{"0":"post-4639","1":"product","2":"type-product","3":"status-publish","4":"has-post-thumbnail","6":"product_cat-non-classe-en","7":"pa_taille-l-en","8":"pa_taille-m-en","9":"pa_taille-s-en","10":"pa_taille-xl-en","12":"first","13":"instock","14":"sold-individually","15":"taxable","16":"shipping-taxable","17":"purchasable","18":"product-type-variable"},"acf":[],"yoast_head":"<!-- This site is optimized with the Yoast SEO plugin v24.7 - https:\/\/yoast.com\/wordpress\/plugins\/seo\/ -->\n<title>T-shirt gris - Beta (Bonus) - Ricci Spirits<\/title>\n<meta name=\"robots\" content=\"index, follow, max-snippet:-1, max-image-preview:large, max-video-preview:-1\" \/>\n<link rel=\"canonical\" href=\"https:\/\/riccispirits.com\/produit\/polo-gris-la-meute\/\" \/>\n<meta property=\"og:locale\" content=\"en_US\" \/>\n<meta property=\"og:type\" content=\"article\" \/>\n<meta property=\"og:title\" content=\"T-shirt gris - Beta (Bonus) - Ricci Spirits\" \/>\n<meta property=\"og:description\" content=\"Vous avez atteint le rand Beta et avez d\u00e9bloqu\u00e9 de nouveaux avantages dans notre programme La Meute !  Fabriqu\u00e9 \u00e0 partir des mat\u00e9riaux de la plus haute qualit\u00e9 et confectionn\u00e9 avec une attention m\u00e9ticuleuse aux d\u00e9tails, ce polo gris est enti\u00e8rement pens\u00e9 pour vous remercier de toutes vos commandes.\u00a0Avec sa coupe d\u00e9contract\u00e9e et son design \u00e9l\u00e9gant, il est parfait pour les occasions d\u00e9contract\u00e9es ou pour se d\u00e9tendre \u00e0 la maison. Affichez votre passion pour le rhum avec fiert\u00e9 en portant ce polo obtenu \u00e0 votre rang Beta dans La Meute.  En atteignant ce rang, vous b\u00e9n\u00e9ficiez maintenant de nombreux avantages, tels qu\u2019une remise de 7% sur notre site internet et une remise de 5% chez nos cavistes Ambassadeurs.  Vous \u00eates bient\u00f4t au rang le plus \u00e9lev\u00e9 de la Meute.\" \/>\n<meta property=\"og:url\" content=\"https:\/\/riccispirits.com\/produit\/polo-gris-la-meute\/\" \/>\n<meta property=\"og:site_name\" content=\"Ricci Spirits\" \/>\n<meta property=\"article:modified_time\" content=\"2025-09-12T16:32:10+00:00\" \/>\n<meta property=\"og:image\" content=\"https:\/\/riccispirits.com\/wp-content\/uploads\/2023\/04\/TshirtGris-LaMeute-Delta-FamilleRicci.webp\" \/>\n\t<meta property=\"og:image:width\" content=\"1080\" \/>\n\t<meta property=\"og:image:height\" content=\"1080\" \/>\n\t<meta property=\"og:image:type\" content=\"image\/png\" \/>\n<meta name=\"twitter:card\" content=\"summary_large_image\" \/>\n<script type=\"application\/ld+json\" class=\"yoast-schema-graph\">{\"@context\":\"https:\/\/schema.org\",\"@graph\":[{\"@type\":\"WebPage\",\"@id\":\"https:\/\/riccispirits.com\/produit\/polo-gris-la-meute\/\",\"url\":\"https:\/\/riccispirits.com\/produit\/polo-gris-la-meute\/\",\"name\":\"T-shirt gris - Beta (Bonus) - Ricci Spirits\",\"isPartOf\":{\"@id\":\"https:\/\/riccispirits.com\/#website\"},\"primaryImageOfPage\":{\"@id\":\"https:\/\/riccispirits.com\/produit\/polo-gris-la-meute\/#primaryimage\"},\"image\":{\"@id\":\"https:\/\/riccispirits.com\/produit\/polo-gris-la-meute\/#primaryimage\"},\"thumbnailUrl\":\"https:\/\/riccispirits.com\/wp-content\/uploads\/2023\/04\/TshirtGris-LaMeute-Delta-FamilleRicci.webp\",\"datePublished\":\"2023-04-05T12:33:51+00:00\",\"dateModified\":\"2025-09-12T16:32:10+00:00\",\"breadcrumb\":{\"@id\":\"https:\/\/riccispirits.com\/produit\/polo-gris-la-meute\/#breadcrumb\"},\"inLanguage\":\"en-US\",\"potentialAction\":[{\"@type\":\"ReadAction\",\"target\":[\"https:\/\/riccispirits.com\/produit\/polo-gris-la-meute\/\"]}]},{\"@type\":\"ImageObject\",\"inLanguage\":\"en-US\",\"@id\":\"https:\/\/riccispirits.com\/produit\/polo-gris-la-meute\/#primaryimage\",\"url\":\"https:\/\/riccispirits.com\/wp-content\/uploads\/2023\/04\/TshirtGris-LaMeute-Delta-FamilleRicci.webp\",\"contentUrl\":\"https:\/\/riccispirits.com\/wp-content\/uploads\/2023\/04\/TshirtGris-LaMeute-Delta-FamilleRicci.webp\",\"width\":1080,\"height\":1080},{\"@type\":\"BreadcrumbList\",\"@id\":\"https:\/\/riccispirits.com\/produit\/polo-gris-la-meute\/#breadcrumb\",\"itemListElement\":[{\"@type\":\"ListItem\",\"position\":1,\"name\":\"Accueil\",\"item\":\"https:\/\/riccispirits.com\/\"},{\"@type\":\"ListItem\",\"position\":2,\"name\":\"Shop\",\"item\":\"https:\/\/riccispirits.com\/boutique\/\"},{\"@type\":\"ListItem\",\"position\":3,\"name\":\"T-shirt gris &#8211; Beta (Bonus)\"}]},{\"@type\":\"WebSite\",\"@id\":\"https:\/\/riccispirits.com\/#website\",\"url\":\"https:\/\/riccispirits.com\/\",\"name\":\"Ricci Spirits\",\"description\":\"Producteurs de spiritieux\",\"potentialAction\":[{\"@type\":\"SearchAction\",\"target\":{\"@type\":\"EntryPoint\",\"urlTemplate\":\"https:\/\/riccispirits.com\/?s={search_term_string}\"},\"query-input\":{\"@type\":\"PropertyValueSpecification\",\"valueRequired\":true,\"valueName\":\"search_term_string\"}}],\"inLanguage\":\"en-US\"}]}<\/script>\n<!-- \/ Yoast SEO plugin. -->","yoast_head_json":{"title":"T-shirt gris - Beta (Bonus) - Ricci Spirits","robots":{"index":"index","follow":"follow","max-snippet":"max-snippet:-1","max-image-preview":"max-image-preview:large","max-video-preview":"max-video-preview:-1"},"canonical":"https:\/\/riccispirits.com\/produit\/polo-gris-la-meute\/","og_locale":"en_US","og_type":"article","og_title":"T-shirt gris - Beta (Bonus) - Ricci Spirits","og_description":"Vous avez atteint le rand Beta et avez d\u00e9bloqu\u00e9 de nouveaux avantages dans notre programme La Meute !  Fabriqu\u00e9 \u00e0 partir des mat\u00e9riaux de la plus haute qualit\u00e9 et confectionn\u00e9 avec une attention m\u00e9ticuleuse aux d\u00e9tails, ce polo gris est enti\u00e8rement pens\u00e9 pour vous remercier de toutes vos commandes.\u00a0Avec sa coupe d\u00e9contract\u00e9e et son design \u00e9l\u00e9gant, il est parfait pour les occasions d\u00e9contract\u00e9es ou pour se d\u00e9tendre \u00e0 la maison. Affichez votre passion pour le rhum avec fiert\u00e9 en portant ce polo obtenu \u00e0 votre rang Beta dans La Meute.  En atteignant ce rang, vous b\u00e9n\u00e9ficiez maintenant de nombreux avantages, tels qu\u2019une remise de 7% sur notre site internet et une remise de 5% chez nos cavistes Ambassadeurs.  Vous \u00eates bient\u00f4t au rang le plus \u00e9lev\u00e9 de la Meute.","og_url":"https:\/\/riccispirits.com\/produit\/polo-gris-la-meute\/","og_site_name":"Ricci Spirits","article_modified_time":"2025-09-12T16:32:10+00:00","og_image":[{"width":1080,"height":1080,"url":"https:\/\/riccispirits.com\/wp-content\/uploads\/2023\/04\/TshirtGris-LaMeute-Delta-FamilleRicci.webp","type":"image\/png"}],"twitter_card":"summary_large_image","schema":{"@context":"https:\/\/schema.org","@graph":[{"@type":"WebPage","@id":"https:\/\/riccispirits.com\/produit\/polo-gris-la-meute\/","url":"https:\/\/riccispirits.com\/produit\/polo-gris-la-meute\/","name":"T-shirt gris - Beta (Bonus) - Ricci Spirits","isPartOf":{"@id":"https:\/\/riccispirits.com\/#website"},"primaryImageOfPage":{"@id":"https:\/\/riccispirits.com\/produit\/polo-gris-la-meute\/#primaryimage"},"image":{"@id":"https:\/\/riccispirits.com\/produit\/polo-gris-la-meute\/#primaryimage"},"thumbnailUrl":"https:\/\/riccispirits.com\/wp-content\/uploads\/2023\/04\/TshirtGris-LaMeute-Delta-FamilleRicci.webp","datePublished":"2023-04-05T12:33:51+00:00","dateModified":"2025-09-12T16:32:10+00:00","breadcrumb":{"@id":"https:\/\/riccispirits.com\/produit\/polo-gris-la-meute\/#breadcrumb"},"inLanguage":"en-US","potentialAction":[{"@type":"ReadAction","target":["https:\/\/riccispirits.com\/produit\/polo-gris-la-meute\/"]}]},{"@type":"ImageObject","inLanguage":"en-US","@id":"https:\/\/riccispirits.com\/produit\/polo-gris-la-meute\/#primaryimage","url":"https:\/\/riccispirits.com\/wp-content\/uploads\/2023\/04\/TshirtGris-LaMeute-Delta-FamilleRicci.webp","contentUrl":"https:\/\/riccispirits.com\/wp-content\/uploads\/2023\/04\/TshirtGris-LaMeute-Delta-FamilleRicci.webp","width":1080,"height":1080},{"@type":"BreadcrumbList","@id":"https:\/\/riccispirits.com\/produit\/polo-gris-la-meute\/#breadcrumb","itemListElement":[{"@type":"ListItem","position":1,"name":"Accueil","item":"https:\/\/riccispirits.com\/"},{"@type":"ListItem","position":2,"name":"Shop","item":"https:\/\/riccispirits.com\/boutique\/"},{"@type":"ListItem","position":3,"name":"T-shirt gris &#8211; Beta (Bonus)"}]},{"@type":"WebSite","@id":"https:\/\/riccispirits.com\/#website","url":"https:\/\/riccispirits.com\/","name":"Ricci Spirits","description":"Producteurs de spiritieux","potentialAction":[{"@type":"SearchAction","target":{"@type":"EntryPoint","urlTemplate":"https:\/\/riccispirits.com\/?s={search_term_string}"},"query-input":{"@type":"PropertyValueSpecification","valueRequired":true,"valueName":"search_term_string"}}],"inLanguage":"en-US"}]}},"_links":{"self":[{"href":"https:\/\/riccispirits.com\/en\/wp-json\/wp\/v2\/product\/4639","targetHints":{"allow":["GET"]}}],"collection":[{"href":"https:\/\/riccispirits.com\/en\/wp-json\/wp\/v2\/product"}],"about":[{"href":"https:\/\/riccispirits.com\/en\/wp-json\/wp\/v2\/types\/product"}],"replies":[{"embeddable":true,"href":"https:\/\/riccispirits.com\/en\/wp-json\/wp\/v2\/comments?post=4639"}],"wp:featuredmedia":[{"embeddable":true,"href":"https:\/\/riccispirits.com\/en\/wp-json\/wp\/v2\/media\/4436"}],"wp:attachment":[{"href":"https:\/\/riccispirits.com\/en\/wp-json\/wp\/v2\/media?parent=4639"}],"wp:term":[{"taxonomy":"product_brand","embeddable":true,"href":"https:\/\/riccispirits.com\/en\/wp-json\/wp\/v2\/product_brand?post=4639"},{"taxonomy":"product_cat","embeddable":true,"href":"https:\/\/riccispirits.com\/en\/wp-json\/wp\/v2\/product_cat?post=4639"},{"taxonomy":"product_tag","embeddable":true,"href":"https:\/\/riccispirits.com\/en\/wp-json\/wp\/v2\/product_tag?post=4639"}],"curies":[{"name":"wp","href":"https:\/\/api.w.org\/{rel}","templated":true}]}}