{"id":4600,"date":"2023-04-05T14:55:54","date_gmt":"2023-04-05T12:55:54","guid":{"rendered":"https:\/\/www.famillericci.com\/produit\/casquette-blanche-la-meute-2\/"},"modified":"2023-04-05T14:55:54","modified_gmt":"2023-04-05T12:55:54","slug":"casquette-blanche-la-meute-2","status":"publish","type":"product","link":"https:\/\/riccispirits.com\/en\/produit\/casquette-blanche-la-meute-2\/","title":{"rendered":"Casquette blanche &#8211; Alpha (Bonus)"},"content":{"rendered":"","protected":false},"excerpt":{"rendered":"<p>Cette casquette est exclusive au rang Alpha et a \u00e9t\u00e9 sp\u00e9cialement con\u00e7ue pour nos clients les plus fid\u00e8les. <\/p>\n<p>Fabriqu\u00e9e \u00e0 partir des mat\u00e9riaux de la plus haute qualit\u00e9 et confectionn\u00e9e avec une attention m\u00e9ticuleuse aux d\u00e9tails, elle est enti\u00e8rement pens\u00e9e pour vous remercier de toutes vos commandes. Prot\u00e9gez-vous du soleil tout en affichant votre passion pour le rhum avec fiert\u00e9 en portant cette casquette obtenue gr\u00e2ce \u00e0 votre rang Alpha dans la Meute.<\/p>\n<p>En atteignant ce rang, vous b\u00e9n\u00e9ficiez maintenant de nombreux avantages, tels qu\u2019une remise de 10% sur notre site internet et d\u2019une remise de 5% chez nos cavistes Ambassadeurs gr\u00e2ce \u00e0 votre carte membre La Meute. Nous vous pr\u00e9sentons \u00e9galement nos s\u00e9ries limit\u00e9es en avant-premi\u00e8re ! Nous sommes impatients de vous faire d\u00e9couvrir nos derni\u00e8res nouveaut\u00e9s.<\/p>\n<p>N\u2019oubliez pas de prendre une photo et de nous la partager sur les r\u00e9seaux sociaux pour montrer votre soutien \u00e0 Famille Ricci !<\/p>\n<p>Vous \u00eates au rang le plus \u00e9lev\u00e9 de la Meute.<\/p>\n","protected":false},"featured_media":4432,"comment_status":"open","ping_status":"closed","template":"","meta":{"_acf_changed":false,"inline_featured_image":false,"_monsterinsights_skip_tracking":false,"_monsterinsights_sitenote_active":false,"_monsterinsights_sitenote_note":"","_monsterinsights_sitenote_category":0,"_uf_show_specific_survey":0,"_uf_disable_surveys":false},"product_brand":[],"product_cat":[16,342],"product_tag":[],"class_list":{"0":"post-4600","1":"product","2":"type-product","3":"status-publish","4":"has-post-thumbnail","6":"product_cat-non-classe","7":"product_cat-bonus-en","8":"pa_taille-taille-unique-en","10":"first","11":"instock","12":"sold-individually","13":"taxable","14":"shipping-taxable","15":"purchasable","16":"product-type-variable"},"acf":[],"yoast_head":"<!-- This site is optimized with the Yoast SEO plugin v24.7 - https:\/\/yoast.com\/wordpress\/plugins\/seo\/ -->\n<title>Casquette blanche - Alpha (Bonus) - Ricci Spirits<\/title>\n<meta name=\"robots\" content=\"index, follow, max-snippet:-1, max-image-preview:large, max-video-preview:-1\" \/>\n<link rel=\"canonical\" href=\"https:\/\/riccispirits.com\/produit\/casquette-blanche-la-meute-2\/\" \/>\n<meta property=\"og:locale\" content=\"en_US\" \/>\n<meta property=\"og:type\" content=\"article\" \/>\n<meta property=\"og:title\" content=\"Casquette blanche - Alpha (Bonus) - Ricci Spirits\" \/>\n<meta property=\"og:description\" content=\"Cette casquette est exclusive au rang Alpha et a \u00e9t\u00e9 sp\u00e9cialement con\u00e7ue pour nos clients les plus fid\u00e8les.   Fabriqu\u00e9e \u00e0 partir des mat\u00e9riaux de la plus haute qualit\u00e9 et confectionn\u00e9e avec une attention m\u00e9ticuleuse aux d\u00e9tails, elle est enti\u00e8rement pens\u00e9e pour vous remercier de toutes vos commandes. Prot\u00e9gez-vous du soleil tout en affichant votre passion pour le rhum avec fiert\u00e9 en portant cette casquette obtenue gr\u00e2ce \u00e0 votre rang Alpha dans la Meute.  En atteignant ce rang, vous b\u00e9n\u00e9ficiez maintenant de nombreux avantages, tels qu\u2019une remise de 10% sur notre site internet et d\u2019une remise de 5% chez nos cavistes Ambassadeurs gr\u00e2ce \u00e0 votre carte membre La Meute. Nous vous pr\u00e9sentons \u00e9galement nos s\u00e9ries limit\u00e9es en avant-premi\u00e8re ! Nous sommes impatients de vous faire d\u00e9couvrir nos derni\u00e8res nouveaut\u00e9s.  N\u2019oubliez pas de prendre une photo et de nous la partager sur les r\u00e9seaux sociaux pour montrer votre soutien \u00e0 Famille Ricci !  Vous \u00eates au rang le plus \u00e9lev\u00e9 de la Meute.\" \/>\n<meta property=\"og:url\" content=\"https:\/\/riccispirits.com\/produit\/casquette-blanche-la-meute-2\/\" \/>\n<meta property=\"og:site_name\" content=\"Ricci Spirits\" \/>\n<meta property=\"og:image\" content=\"https:\/\/riccispirits.com\/wp-content\/uploads\/2023\/04\/CasquetteBlanche-Alpha-LaMeute-FamilleRicci.webp\" \/>\n\t<meta property=\"og:image:width\" content=\"1080\" \/>\n\t<meta property=\"og:image:height\" content=\"1080\" \/>\n\t<meta property=\"og:image:type\" content=\"image\/png\" \/>\n<meta name=\"twitter:card\" content=\"summary_large_image\" \/>\n<script type=\"application\/ld+json\" class=\"yoast-schema-graph\">{\"@context\":\"https:\/\/schema.org\",\"@graph\":[{\"@type\":\"WebPage\",\"@id\":\"https:\/\/riccispirits.com\/produit\/casquette-blanche-la-meute-2\/\",\"url\":\"https:\/\/riccispirits.com\/produit\/casquette-blanche-la-meute-2\/\",\"name\":\"Casquette blanche - Alpha (Bonus) - Ricci Spirits\",\"isPartOf\":{\"@id\":\"https:\/\/riccispirits.com\/#website\"},\"primaryImageOfPage\":{\"@id\":\"https:\/\/riccispirits.com\/produit\/casquette-blanche-la-meute-2\/#primaryimage\"},\"image\":{\"@id\":\"https:\/\/riccispirits.com\/produit\/casquette-blanche-la-meute-2\/#primaryimage\"},\"thumbnailUrl\":\"https:\/\/riccispirits.com\/wp-content\/uploads\/2023\/04\/CasquetteBlanche-Alpha-LaMeute-FamilleRicci.webp\",\"datePublished\":\"2023-04-05T12:55:54+00:00\",\"breadcrumb\":{\"@id\":\"https:\/\/riccispirits.com\/produit\/casquette-blanche-la-meute-2\/#breadcrumb\"},\"inLanguage\":\"en-US\",\"potentialAction\":[{\"@type\":\"ReadAction\",\"target\":[\"https:\/\/riccispirits.com\/produit\/casquette-blanche-la-meute-2\/\"]}]},{\"@type\":\"ImageObject\",\"inLanguage\":\"en-US\",\"@id\":\"https:\/\/riccispirits.com\/produit\/casquette-blanche-la-meute-2\/#primaryimage\",\"url\":\"https:\/\/riccispirits.com\/wp-content\/uploads\/2023\/04\/CasquetteBlanche-Alpha-LaMeute-FamilleRicci.webp\",\"contentUrl\":\"https:\/\/riccispirits.com\/wp-content\/uploads\/2023\/04\/CasquetteBlanche-Alpha-LaMeute-FamilleRicci.webp\",\"width\":1080,\"height\":1080},{\"@type\":\"BreadcrumbList\",\"@id\":\"https:\/\/riccispirits.com\/produit\/casquette-blanche-la-meute-2\/#breadcrumb\",\"itemListElement\":[{\"@type\":\"ListItem\",\"position\":1,\"name\":\"Accueil\",\"item\":\"https:\/\/riccispirits.com\/\"},{\"@type\":\"ListItem\",\"position\":2,\"name\":\"Shop\",\"item\":\"https:\/\/riccispirits.com\/boutique\/\"},{\"@type\":\"ListItem\",\"position\":3,\"name\":\"Casquette blanche &#8211; Alpha (Bonus)\"}]},{\"@type\":\"WebSite\",\"@id\":\"https:\/\/riccispirits.com\/#website\",\"url\":\"https:\/\/riccispirits.com\/\",\"name\":\"Ricci Spirits\",\"description\":\"Producteurs de spiritieux\",\"potentialAction\":[{\"@type\":\"SearchAction\",\"target\":{\"@type\":\"EntryPoint\",\"urlTemplate\":\"https:\/\/riccispirits.com\/?s={search_term_string}\"},\"query-input\":{\"@type\":\"PropertyValueSpecification\",\"valueRequired\":true,\"valueName\":\"search_term_string\"}}],\"inLanguage\":\"en-US\"}]}<\/script>\n<!-- \/ Yoast SEO plugin. -->","yoast_head_json":{"title":"Casquette blanche - Alpha (Bonus) - Ricci Spirits","robots":{"index":"index","follow":"follow","max-snippet":"max-snippet:-1","max-image-preview":"max-image-preview:large","max-video-preview":"max-video-preview:-1"},"canonical":"https:\/\/riccispirits.com\/produit\/casquette-blanche-la-meute-2\/","og_locale":"en_US","og_type":"article","og_title":"Casquette blanche - Alpha (Bonus) - Ricci Spirits","og_description":"Cette casquette est exclusive au rang Alpha et a \u00e9t\u00e9 sp\u00e9cialement con\u00e7ue pour nos clients les plus fid\u00e8les.   Fabriqu\u00e9e \u00e0 partir des mat\u00e9riaux de la plus haute qualit\u00e9 et confectionn\u00e9e avec une attention m\u00e9ticuleuse aux d\u00e9tails, elle est enti\u00e8rement pens\u00e9e pour vous remercier de toutes vos commandes. Prot\u00e9gez-vous du soleil tout en affichant votre passion pour le rhum avec fiert\u00e9 en portant cette casquette obtenue gr\u00e2ce \u00e0 votre rang Alpha dans la Meute.  En atteignant ce rang, vous b\u00e9n\u00e9ficiez maintenant de nombreux avantages, tels qu\u2019une remise de 10% sur notre site internet et d\u2019une remise de 5% chez nos cavistes Ambassadeurs gr\u00e2ce \u00e0 votre carte membre La Meute. Nous vous pr\u00e9sentons \u00e9galement nos s\u00e9ries limit\u00e9es en avant-premi\u00e8re ! Nous sommes impatients de vous faire d\u00e9couvrir nos derni\u00e8res nouveaut\u00e9s.  N\u2019oubliez pas de prendre une photo et de nous la partager sur les r\u00e9seaux sociaux pour montrer votre soutien \u00e0 Famille Ricci !  Vous \u00eates au rang le plus \u00e9lev\u00e9 de la Meute.","og_url":"https:\/\/riccispirits.com\/produit\/casquette-blanche-la-meute-2\/","og_site_name":"Ricci Spirits","og_image":[{"width":1080,"height":1080,"url":"https:\/\/riccispirits.com\/wp-content\/uploads\/2023\/04\/CasquetteBlanche-Alpha-LaMeute-FamilleRicci.webp","type":"image\/png"}],"twitter_card":"summary_large_image","schema":{"@context":"https:\/\/schema.org","@graph":[{"@type":"WebPage","@id":"https:\/\/riccispirits.com\/produit\/casquette-blanche-la-meute-2\/","url":"https:\/\/riccispirits.com\/produit\/casquette-blanche-la-meute-2\/","name":"Casquette blanche - Alpha (Bonus) - Ricci Spirits","isPartOf":{"@id":"https:\/\/riccispirits.com\/#website"},"primaryImageOfPage":{"@id":"https:\/\/riccispirits.com\/produit\/casquette-blanche-la-meute-2\/#primaryimage"},"image":{"@id":"https:\/\/riccispirits.com\/produit\/casquette-blanche-la-meute-2\/#primaryimage"},"thumbnailUrl":"https:\/\/riccispirits.com\/wp-content\/uploads\/2023\/04\/CasquetteBlanche-Alpha-LaMeute-FamilleRicci.webp","datePublished":"2023-04-05T12:55:54+00:00","breadcrumb":{"@id":"https:\/\/riccispirits.com\/produit\/casquette-blanche-la-meute-2\/#breadcrumb"},"inLanguage":"en-US","potentialAction":[{"@type":"ReadAction","target":["https:\/\/riccispirits.com\/produit\/casquette-blanche-la-meute-2\/"]}]},{"@type":"ImageObject","inLanguage":"en-US","@id":"https:\/\/riccispirits.com\/produit\/casquette-blanche-la-meute-2\/#primaryimage","url":"https:\/\/riccispirits.com\/wp-content\/uploads\/2023\/04\/CasquetteBlanche-Alpha-LaMeute-FamilleRicci.webp","contentUrl":"https:\/\/riccispirits.com\/wp-content\/uploads\/2023\/04\/CasquetteBlanche-Alpha-LaMeute-FamilleRicci.webp","width":1080,"height":1080},{"@type":"BreadcrumbList","@id":"https:\/\/riccispirits.com\/produit\/casquette-blanche-la-meute-2\/#breadcrumb","itemListElement":[{"@type":"ListItem","position":1,"name":"Accueil","item":"https:\/\/riccispirits.com\/"},{"@type":"ListItem","position":2,"name":"Shop","item":"https:\/\/riccispirits.com\/boutique\/"},{"@type":"ListItem","position":3,"name":"Casquette blanche &#8211; Alpha (Bonus)"}]},{"@type":"WebSite","@id":"https:\/\/riccispirits.com\/#website","url":"https:\/\/riccispirits.com\/","name":"Ricci Spirits","description":"Producteurs de spiritieux","potentialAction":[{"@type":"SearchAction","target":{"@type":"EntryPoint","urlTemplate":"https:\/\/riccispirits.com\/?s={search_term_string}"},"query-input":{"@type":"PropertyValueSpecification","valueRequired":true,"valueName":"search_term_string"}}],"inLanguage":"en-US"}]}},"_links":{"self":[{"href":"https:\/\/riccispirits.com\/en\/wp-json\/wp\/v2\/product\/4600","targetHints":{"allow":["GET"]}}],"collection":[{"href":"https:\/\/riccispirits.com\/en\/wp-json\/wp\/v2\/product"}],"about":[{"href":"https:\/\/riccispirits.com\/en\/wp-json\/wp\/v2\/types\/product"}],"replies":[{"embeddable":true,"href":"https:\/\/riccispirits.com\/en\/wp-json\/wp\/v2\/comments?post=4600"}],"wp:featuredmedia":[{"embeddable":true,"href":"https:\/\/riccispirits.com\/en\/wp-json\/wp\/v2\/media\/4432"}],"wp:attachment":[{"href":"https:\/\/riccispirits.com\/en\/wp-json\/wp\/v2\/media?parent=4600"}],"wp:term":[{"taxonomy":"product_brand","embeddable":true,"href":"https:\/\/riccispirits.com\/en\/wp-json\/wp\/v2\/product_brand?post=4600"},{"taxonomy":"product_cat","embeddable":true,"href":"https:\/\/riccispirits.com\/en\/wp-json\/wp\/v2\/product_cat?post=4600"},{"taxonomy":"product_tag","embeddable":true,"href":"https:\/\/riccispirits.com\/en\/wp-json\/wp\/v2\/product_tag?post=4600"}],"curies":[{"name":"wp","href":"https:\/\/api.w.org\/{rel}","templated":true}]}}