{"id":27436,"date":"2025-07-08T15:55:27","date_gmt":"2025-07-08T13:55:27","guid":{"rendered":"https:\/\/riccispirits.com\/?post_type=product&#038;p=27436"},"modified":"2025-12-11T12:23:24","modified_gmt":"2025-12-11T11:23:24","slug":"liqueur-de-pomelo-rose","status":"publish","type":"product","link":"https:\/\/riccispirits.com\/en\/produit\/liqueur-de-pomelo-rose\/","title":{"rendered":"Liqueur de Pomelo Rose"},"content":{"rendered":"<p>Distillerie Azurea vous invite \u00e0 un voyage sensoriel et aromatique au c\u0153ur de la Cote d&#8217;azur, dans le village de Mougins, capitale de la gastronomie.<\/p>\n<p>&nbsp;<\/p>\n<p>Nous distillons la diversit\u00e9 et l&#8217;authenticit\u00e9 de notre terroir avec la collaboration d&#8217;agriculteurs locaux. Amarok, notre alambic \u00e0 double retort unique en Europe, capture avec intensit\u00e9 et pr\u00e9cision les ar\u00f4mes de fruits et botaniques de saison r\u00e9colt\u00e9s \u00e0 la main \u00e0 leur pleine maturit\u00e9 afin de vous offrir le meilleur de notre belle r\u00e9gion.<\/p>\n","protected":false},"excerpt":{"rendered":"<p>Distillerie Azurea vous invite \u00e0 un voyage sensoriel et aromatique au c\u0153ur de la Cote d&#8217;azur, dans le village de Mougins, capitale de la gastronomie. &nbsp; Nous distillons la diversit\u00e9 et l&#8217;authenticit\u00e9 de notre terroir avec la collaboration d&#8217;agriculteurs locaux. Amarok, notre alambic \u00e0 double retort unique en Europe, capture avec intensit\u00e9 et pr\u00e9cision les [&hellip;]<\/p>\n","protected":false},"featured_media":29301,"comment_status":"open","ping_status":"closed","template":"","meta":{"_acf_changed":false,"inline_featured_image":false,"_monsterinsights_skip_tracking":false,"_monsterinsights_sitenote_active":false,"_monsterinsights_sitenote_note":"","_monsterinsights_sitenote_category":0,"_uf_show_specific_survey":0,"_uf_disable_surveys":false},"product_brand":[323],"product_cat":[334],"product_tag":[],"class_list":{"0":"post-27436","1":"product","2":"type-product","3":"status-publish","4":"has-post-thumbnail","6":"product_brand-distillerie-azurea","7":"product_cat-azurea","9":"first","10":"instock","11":"taxable","12":"shipping-taxable","13":"purchasable","14":"product-type-simple"},"acf":[],"yoast_head":"<!-- This site is optimized with the Yoast SEO plugin v24.7 - https:\/\/yoast.com\/wordpress\/plugins\/seo\/ -->\n<title>Liqueur de Pomelo Rose - Ricci Spirits<\/title>\n<meta name=\"robots\" content=\"index, follow, max-snippet:-1, max-image-preview:large, max-video-preview:-1\" \/>\n<link rel=\"canonical\" href=\"https:\/\/riccispirits.com\/produit\/liqueur-de-pomelo-rose\/\" \/>\n<meta property=\"og:locale\" content=\"en_US\" \/>\n<meta property=\"og:type\" content=\"article\" \/>\n<meta property=\"og:title\" content=\"Liqueur de Pomelo Rose - Ricci Spirits\" \/>\n<meta property=\"og:description\" content=\"Distillerie Azurea vous invite \u00e0 un voyage sensoriel et aromatique au c\u0153ur de la Cote d&#8217;azur, dans le village de Mougins, capitale de la gastronomie. &nbsp; Nous distillons la diversit\u00e9 et l&#8217;authenticit\u00e9 de notre terroir avec la collaboration d&#8217;agriculteurs locaux. Amarok, notre alambic \u00e0 double retort unique en Europe, capture avec intensit\u00e9 et pr\u00e9cision les [&hellip;]\" \/>\n<meta property=\"og:url\" content=\"https:\/\/riccispirits.com\/produit\/liqueur-de-pomelo-rose\/\" \/>\n<meta property=\"og:site_name\" content=\"Ricci Spirits\" \/>\n<meta property=\"article:modified_time\" content=\"2025-12-11T11:23:24+00:00\" \/>\n<meta property=\"og:image\" content=\"https:\/\/riccispirits.com\/wp-content\/uploads\/2025\/07\/POMELO-2.jpg\" \/>\n\t<meta property=\"og:image:width\" content=\"1080\" \/>\n\t<meta property=\"og:image:height\" content=\"1350\" \/>\n\t<meta property=\"og:image:type\" content=\"image\/jpeg\" \/>\n<meta name=\"twitter:card\" content=\"summary_large_image\" \/>\n<meta name=\"twitter:label1\" content=\"Est. reading time\" \/>\n\t<meta name=\"twitter:data1\" content=\"1 minute\" \/>\n<script type=\"application\/ld+json\" class=\"yoast-schema-graph\">{\"@context\":\"https:\/\/schema.org\",\"@graph\":[{\"@type\":\"WebPage\",\"@id\":\"https:\/\/riccispirits.com\/produit\/liqueur-de-pomelo-rose\/\",\"url\":\"https:\/\/riccispirits.com\/produit\/liqueur-de-pomelo-rose\/\",\"name\":\"Liqueur de Pomelo Rose - Ricci Spirits\",\"isPartOf\":{\"@id\":\"https:\/\/riccispirits.com\/#website\"},\"primaryImageOfPage\":{\"@id\":\"https:\/\/riccispirits.com\/produit\/liqueur-de-pomelo-rose\/#primaryimage\"},\"image\":{\"@id\":\"https:\/\/riccispirits.com\/produit\/liqueur-de-pomelo-rose\/#primaryimage\"},\"thumbnailUrl\":\"https:\/\/riccispirits.com\/wp-content\/uploads\/2025\/07\/POMELO-2.jpg\",\"datePublished\":\"2025-07-08T13:55:27+00:00\",\"dateModified\":\"2025-12-11T11:23:24+00:00\",\"breadcrumb\":{\"@id\":\"https:\/\/riccispirits.com\/produit\/liqueur-de-pomelo-rose\/#breadcrumb\"},\"inLanguage\":\"en-US\",\"potentialAction\":[{\"@type\":\"ReadAction\",\"target\":[\"https:\/\/riccispirits.com\/produit\/liqueur-de-pomelo-rose\/\"]}]},{\"@type\":\"ImageObject\",\"inLanguage\":\"en-US\",\"@id\":\"https:\/\/riccispirits.com\/produit\/liqueur-de-pomelo-rose\/#primaryimage\",\"url\":\"https:\/\/riccispirits.com\/wp-content\/uploads\/2025\/07\/POMELO-2.jpg\",\"contentUrl\":\"https:\/\/riccispirits.com\/wp-content\/uploads\/2025\/07\/POMELO-2.jpg\",\"width\":1080,\"height\":1350},{\"@type\":\"BreadcrumbList\",\"@id\":\"https:\/\/riccispirits.com\/produit\/liqueur-de-pomelo-rose\/#breadcrumb\",\"itemListElement\":[{\"@type\":\"ListItem\",\"position\":1,\"name\":\"Accueil\",\"item\":\"https:\/\/riccispirits.com\/\"},{\"@type\":\"ListItem\",\"position\":2,\"name\":\"Shop\",\"item\":\"https:\/\/riccispirits.com\/en\/shop\/\"},{\"@type\":\"ListItem\",\"position\":3,\"name\":\"Liqueur de Pomelo Rose\"}]},{\"@type\":\"WebSite\",\"@id\":\"https:\/\/riccispirits.com\/#website\",\"url\":\"https:\/\/riccispirits.com\/\",\"name\":\"Ricci Spirits\",\"description\":\"Producteurs de spiritieux\",\"potentialAction\":[{\"@type\":\"SearchAction\",\"target\":{\"@type\":\"EntryPoint\",\"urlTemplate\":\"https:\/\/riccispirits.com\/?s={search_term_string}\"},\"query-input\":{\"@type\":\"PropertyValueSpecification\",\"valueRequired\":true,\"valueName\":\"search_term_string\"}}],\"inLanguage\":\"en-US\"}]}<\/script>\n<!-- \/ Yoast SEO plugin. -->","yoast_head_json":{"title":"Liqueur de Pomelo Rose - Ricci Spirits","robots":{"index":"index","follow":"follow","max-snippet":"max-snippet:-1","max-image-preview":"max-image-preview:large","max-video-preview":"max-video-preview:-1"},"canonical":"https:\/\/riccispirits.com\/produit\/liqueur-de-pomelo-rose\/","og_locale":"en_US","og_type":"article","og_title":"Liqueur de Pomelo Rose - Ricci Spirits","og_description":"Distillerie Azurea vous invite \u00e0 un voyage sensoriel et aromatique au c\u0153ur de la Cote d&#8217;azur, dans le village de Mougins, capitale de la gastronomie. &nbsp; Nous distillons la diversit\u00e9 et l&#8217;authenticit\u00e9 de notre terroir avec la collaboration d&#8217;agriculteurs locaux. Amarok, notre alambic \u00e0 double retort unique en Europe, capture avec intensit\u00e9 et pr\u00e9cision les [&hellip;]","og_url":"https:\/\/riccispirits.com\/produit\/liqueur-de-pomelo-rose\/","og_site_name":"Ricci Spirits","article_modified_time":"2025-12-11T11:23:24+00:00","og_image":[{"width":1080,"height":1350,"url":"https:\/\/riccispirits.com\/wp-content\/uploads\/2025\/07\/POMELO-2.jpg","type":"image\/jpeg"}],"twitter_card":"summary_large_image","twitter_misc":{"Est. reading time":"1 minute"},"schema":{"@context":"https:\/\/schema.org","@graph":[{"@type":"WebPage","@id":"https:\/\/riccispirits.com\/produit\/liqueur-de-pomelo-rose\/","url":"https:\/\/riccispirits.com\/produit\/liqueur-de-pomelo-rose\/","name":"Liqueur de Pomelo Rose - Ricci Spirits","isPartOf":{"@id":"https:\/\/riccispirits.com\/#website"},"primaryImageOfPage":{"@id":"https:\/\/riccispirits.com\/produit\/liqueur-de-pomelo-rose\/#primaryimage"},"image":{"@id":"https:\/\/riccispirits.com\/produit\/liqueur-de-pomelo-rose\/#primaryimage"},"thumbnailUrl":"https:\/\/riccispirits.com\/wp-content\/uploads\/2025\/07\/POMELO-2.jpg","datePublished":"2025-07-08T13:55:27+00:00","dateModified":"2025-12-11T11:23:24+00:00","breadcrumb":{"@id":"https:\/\/riccispirits.com\/produit\/liqueur-de-pomelo-rose\/#breadcrumb"},"inLanguage":"en-US","potentialAction":[{"@type":"ReadAction","target":["https:\/\/riccispirits.com\/produit\/liqueur-de-pomelo-rose\/"]}]},{"@type":"ImageObject","inLanguage":"en-US","@id":"https:\/\/riccispirits.com\/produit\/liqueur-de-pomelo-rose\/#primaryimage","url":"https:\/\/riccispirits.com\/wp-content\/uploads\/2025\/07\/POMELO-2.jpg","contentUrl":"https:\/\/riccispirits.com\/wp-content\/uploads\/2025\/07\/POMELO-2.jpg","width":1080,"height":1350},{"@type":"BreadcrumbList","@id":"https:\/\/riccispirits.com\/produit\/liqueur-de-pomelo-rose\/#breadcrumb","itemListElement":[{"@type":"ListItem","position":1,"name":"Accueil","item":"https:\/\/riccispirits.com\/"},{"@type":"ListItem","position":2,"name":"Shop","item":"https:\/\/riccispirits.com\/en\/shop\/"},{"@type":"ListItem","position":3,"name":"Liqueur de Pomelo Rose"}]},{"@type":"WebSite","@id":"https:\/\/riccispirits.com\/#website","url":"https:\/\/riccispirits.com\/","name":"Ricci Spirits","description":"Producteurs de spiritieux","potentialAction":[{"@type":"SearchAction","target":{"@type":"EntryPoint","urlTemplate":"https:\/\/riccispirits.com\/?s={search_term_string}"},"query-input":{"@type":"PropertyValueSpecification","valueRequired":true,"valueName":"search_term_string"}}],"inLanguage":"en-US"}]}},"_links":{"self":[{"href":"https:\/\/riccispirits.com\/en\/wp-json\/wp\/v2\/product\/27436","targetHints":{"allow":["GET"]}}],"collection":[{"href":"https:\/\/riccispirits.com\/en\/wp-json\/wp\/v2\/product"}],"about":[{"href":"https:\/\/riccispirits.com\/en\/wp-json\/wp\/v2\/types\/product"}],"replies":[{"embeddable":true,"href":"https:\/\/riccispirits.com\/en\/wp-json\/wp\/v2\/comments?post=27436"}],"wp:featuredmedia":[{"embeddable":true,"href":"https:\/\/riccispirits.com\/en\/wp-json\/wp\/v2\/media\/29301"}],"wp:attachment":[{"href":"https:\/\/riccispirits.com\/en\/wp-json\/wp\/v2\/media?parent=27436"}],"wp:term":[{"taxonomy":"product_brand","embeddable":true,"href":"https:\/\/riccispirits.com\/en\/wp-json\/wp\/v2\/product_brand?post=27436"},{"taxonomy":"product_cat","embeddable":true,"href":"https:\/\/riccispirits.com\/en\/wp-json\/wp\/v2\/product_cat?post=27436"},{"taxonomy":"product_tag","embeddable":true,"href":"https:\/\/riccispirits.com\/en\/wp-json\/wp\/v2\/product_tag?post=27436"}],"curies":[{"name":"wp","href":"https:\/\/api.w.org\/{rel}","templated":true}]}}