{"id":10451,"date":"2025-01-31T18:40:25","date_gmt":"2025-01-31T17:40:25","guid":{"rendered":"https:\/\/www.refont.riccispirits.com\/produit\/lart-de-creer-de-nouvelles-saveurs-4\/"},"modified":"2025-04-17T18:42:53","modified_gmt":"2025-04-17T16:42:53","slug":"linauguration","status":"publish","type":"product","link":"https:\/\/riccispirits.com\/en\/produit\/linauguration\/","title":{"rendered":"L\u2019inauguration !"},"content":{"rendered":"<p><span style=\"font-weight: 400;\">Apr\u00e8s de longs mois de travaux, <\/span><b>la distillerie Ricci\u2019Spirits est enfin pr\u00eate \u00e0 vous ouvrir ses portes !<\/b><span style=\"font-weight: 400;\"> \ud83c\udf89\u00a0<\/span><\/p>\n<p><span style=\"font-weight: 400;\">Nous sommes ravis de vous convier \u00e0 notre <\/span><b>soir\u00e9e d\u2019inauguration<\/b><span style=\"font-weight: 400;\">, qui se tiendra <\/span><b>le samedi 26 avril 2025 \u00e0 partir de 18h00<\/b><span style=\"font-weight: 400;\">.<\/span><\/p>\n<p><span style=\"font-weight: 400;\">\ud83d\udccd <\/span><b>Rendez-vous \u00e0 la distillerie<\/b><span style=\"font-weight: 400;\"> \u2013 609 Route de la Roquette, Mougins (Zone ActiPark).<\/span><\/p>\n<p><span style=\"font-weight: 400;\">Au programme :<\/span><\/p>\n<p>&nbsp;<\/p>\n<ul>\n<li style=\"font-weight: 400;\" aria-level=\"1\"><span style=\"font-weight: 400;\">\u00a0<\/span><b>Visite exclusive<\/b><span style=\"font-weight: 400;\"> de la distillerie et d\u00e9couverte de notre processus de fabrication.<\/span><\/li>\n<li style=\"font-weight: 400;\" aria-level=\"1\"><span style=\"font-weight: 400;\">\u00a0Pr\u00e9sentation en avant-premi\u00e8re de notre <\/span><b>alambic \u00e0 double retors<\/b><span style=\"font-weight: 400;\">.<\/span><\/li>\n<li style=\"font-weight: 400;\" aria-level=\"1\"><span style=\"font-weight: 400;\">\u00a0<\/span><b>D\u00e9gustation<\/b><span style=\"font-weight: 400;\"> de nos spiritueux, avec de nombreuses nouveaut\u00e9s \u00e0 d\u00e9couvrir.\u00a0<\/span><\/li>\n<li style=\"font-weight: 400;\" aria-level=\"1\"><span style=\"font-weight: 400;\">\u00a0<\/span><b>Suite de la soir\u00e9e<\/b><span style=\"font-weight: 400;\"> au <\/span><b>restaurant Le Partage<\/b><span style=\"font-weight: 400;\">, pour prolonger les \u00e9changes dans une ambiance conviviale.<\/span><\/li>\n<\/ul>\n<p><span style=\"font-weight: 400;\">\ud83d\udc49 <\/span><b>R\u00e9servation obligatoire avant le 12 avril<\/b><span style=\"font-weight: 400;\"> au <\/span><i><span style=\"font-weight: 400;\">07.50.03.81.34<\/span><\/i><\/p>\n<p><span style=\"font-weight: 400;\">Nous avons h\u00e2te de c\u00e9l\u00e9brer ce moment avec vous et esp\u00e9rons vous voir nombreux !<\/span><\/p>\n","protected":false},"excerpt":{"rendered":"<p>Apr\u00e8s de longs mois de travaux, la distillerie Ricci\u2019Spirits est enfin pr\u00eate \u00e0 vous ouvrir ses portes ! \ud83c\udf89\u00a0 Nous sommes ravis de vous convier \u00e0 notre soir\u00e9e d\u2019inauguration, qui se tiendra le samedi 26 avril 2025 \u00e0 partir de 18h00. \ud83d\udccd Rendez-vous \u00e0 la distillerie \u2013 609 Route de la Roquette, Mougins (Zone ActiPark). [&hellip;]<\/p>\n","protected":false},"featured_media":10502,"comment_status":"open","ping_status":"closed","template":"","meta":{"_acf_changed":false,"inline_featured_image":false,"_monsterinsights_skip_tracking":false,"_monsterinsights_sitenote_active":false,"_monsterinsights_sitenote_note":"","_monsterinsights_sitenote_category":0,"_uf_show_specific_survey":0,"_uf_disable_surveys":false},"product_brand":[],"product_cat":[16],"product_tag":[],"class_list":{"0":"post-10451","1":"product","2":"type-product","3":"status-publish","4":"has-post-thumbnail","6":"product_cat-non-classe","8":"first","9":"instock","10":"virtual","11":"taxable","12":"purchasable","13":"product-type-simple"},"acf":[],"yoast_head":"<!-- This site is optimized with the Yoast SEO plugin v24.7 - https:\/\/yoast.com\/wordpress\/plugins\/seo\/ -->\n<title>L\u2019inauguration ! - Ricci Spirits<\/title>\n<meta name=\"robots\" content=\"index, follow, max-snippet:-1, max-image-preview:large, max-video-preview:-1\" \/>\n<link rel=\"canonical\" href=\"https:\/\/riccispirits.com\/en\/produit\/linauguration\/\" \/>\n<meta property=\"og:locale\" content=\"en_US\" \/>\n<meta property=\"og:type\" content=\"article\" \/>\n<meta property=\"og:title\" content=\"L\u2019inauguration ! - Ricci Spirits\" \/>\n<meta property=\"og:description\" content=\"Apr\u00e8s de longs mois de travaux, la distillerie Ricci\u2019Spirits est enfin pr\u00eate \u00e0 vous ouvrir ses portes ! \ud83c\udf89\u00a0 Nous sommes ravis de vous convier \u00e0 notre soir\u00e9e d\u2019inauguration, qui se tiendra le samedi 26 avril 2025 \u00e0 partir de 18h00. \ud83d\udccd Rendez-vous \u00e0 la distillerie \u2013 609 Route de la Roquette, Mougins (Zone ActiPark). [&hellip;]\" \/>\n<meta property=\"og:url\" content=\"https:\/\/riccispirits.com\/en\/produit\/linauguration\/\" \/>\n<meta property=\"og:site_name\" content=\"Ricci Spirits\" \/>\n<meta property=\"article:modified_time\" content=\"2025-04-17T16:42:53+00:00\" \/>\n<meta property=\"og:image\" content=\"https:\/\/riccispirits.com\/wp-content\/uploads\/2025\/01\/Soiree-inauguration-721x1024.png\" \/>\n\t<meta property=\"og:image:width\" content=\"721\" \/>\n\t<meta property=\"og:image:height\" content=\"1024\" \/>\n\t<meta property=\"og:image:type\" content=\"image\/png\" \/>\n<meta name=\"twitter:card\" content=\"summary_large_image\" \/>\n<meta name=\"twitter:label1\" content=\"Est. reading time\" \/>\n\t<meta name=\"twitter:data1\" content=\"1 minute\" \/>\n<script type=\"application\/ld+json\" class=\"yoast-schema-graph\">{\"@context\":\"https:\/\/schema.org\",\"@graph\":[{\"@type\":\"WebPage\",\"@id\":\"https:\/\/riccispirits.com\/en\/produit\/linauguration\/\",\"url\":\"https:\/\/riccispirits.com\/en\/produit\/linauguration\/\",\"name\":\"L\u2019inauguration ! - Ricci Spirits\",\"isPartOf\":{\"@id\":\"https:\/\/riccispirits.com\/#website\"},\"primaryImageOfPage\":{\"@id\":\"https:\/\/riccispirits.com\/en\/produit\/linauguration\/#primaryimage\"},\"image\":{\"@id\":\"https:\/\/riccispirits.com\/en\/produit\/linauguration\/#primaryimage\"},\"thumbnailUrl\":\"https:\/\/riccispirits.com\/wp-content\/uploads\/2025\/01\/Soiree-inauguration-e1744908160730.webp\",\"datePublished\":\"2025-01-31T17:40:25+00:00\",\"dateModified\":\"2025-04-17T16:42:53+00:00\",\"breadcrumb\":{\"@id\":\"https:\/\/riccispirits.com\/en\/produit\/linauguration\/#breadcrumb\"},\"inLanguage\":\"en-US\",\"potentialAction\":[{\"@type\":\"ReadAction\",\"target\":[\"https:\/\/riccispirits.com\/en\/produit\/linauguration\/\"]}]},{\"@type\":\"ImageObject\",\"inLanguage\":\"en-US\",\"@id\":\"https:\/\/riccispirits.com\/en\/produit\/linauguration\/#primaryimage\",\"url\":\"https:\/\/riccispirits.com\/wp-content\/uploads\/2025\/01\/Soiree-inauguration-e1744908160730.webp\",\"contentUrl\":\"https:\/\/riccispirits.com\/wp-content\/uploads\/2025\/01\/Soiree-inauguration-e1744908160730.webp\",\"width\":1409,\"height\":2000},{\"@type\":\"BreadcrumbList\",\"@id\":\"https:\/\/riccispirits.com\/en\/produit\/linauguration\/#breadcrumb\",\"itemListElement\":[{\"@type\":\"ListItem\",\"position\":1,\"name\":\"Accueil\",\"item\":\"https:\/\/riccispirits.com\/\"},{\"@type\":\"ListItem\",\"position\":2,\"name\":\"Shop\",\"item\":\"https:\/\/riccispirits.com\/en\/shop\/\"},{\"@type\":\"ListItem\",\"position\":3,\"name\":\"L\u2019inauguration !\"}]},{\"@type\":\"WebSite\",\"@id\":\"https:\/\/riccispirits.com\/#website\",\"url\":\"https:\/\/riccispirits.com\/\",\"name\":\"Ricci Spirits\",\"description\":\"Producteurs de spiritieux\",\"potentialAction\":[{\"@type\":\"SearchAction\",\"target\":{\"@type\":\"EntryPoint\",\"urlTemplate\":\"https:\/\/riccispirits.com\/?s={search_term_string}\"},\"query-input\":{\"@type\":\"PropertyValueSpecification\",\"valueRequired\":true,\"valueName\":\"search_term_string\"}}],\"inLanguage\":\"en-US\"}]}<\/script>\n<!-- \/ Yoast SEO plugin. -->","yoast_head_json":{"title":"L\u2019inauguration ! - Ricci Spirits","robots":{"index":"index","follow":"follow","max-snippet":"max-snippet:-1","max-image-preview":"max-image-preview:large","max-video-preview":"max-video-preview:-1"},"canonical":"https:\/\/riccispirits.com\/en\/produit\/linauguration\/","og_locale":"en_US","og_type":"article","og_title":"L\u2019inauguration ! - Ricci Spirits","og_description":"Apr\u00e8s de longs mois de travaux, la distillerie Ricci\u2019Spirits est enfin pr\u00eate \u00e0 vous ouvrir ses portes ! \ud83c\udf89\u00a0 Nous sommes ravis de vous convier \u00e0 notre soir\u00e9e d\u2019inauguration, qui se tiendra le samedi 26 avril 2025 \u00e0 partir de 18h00. \ud83d\udccd Rendez-vous \u00e0 la distillerie \u2013 609 Route de la Roquette, Mougins (Zone ActiPark). [&hellip;]","og_url":"https:\/\/riccispirits.com\/en\/produit\/linauguration\/","og_site_name":"Ricci Spirits","article_modified_time":"2025-04-17T16:42:53+00:00","og_image":[{"width":721,"height":1024,"url":"https:\/\/riccispirits.com\/wp-content\/uploads\/2025\/01\/Soiree-inauguration-721x1024.png","type":"image\/png"}],"twitter_card":"summary_large_image","twitter_misc":{"Est. reading time":"1 minute"},"schema":{"@context":"https:\/\/schema.org","@graph":[{"@type":"WebPage","@id":"https:\/\/riccispirits.com\/en\/produit\/linauguration\/","url":"https:\/\/riccispirits.com\/en\/produit\/linauguration\/","name":"L\u2019inauguration ! - Ricci Spirits","isPartOf":{"@id":"https:\/\/riccispirits.com\/#website"},"primaryImageOfPage":{"@id":"https:\/\/riccispirits.com\/en\/produit\/linauguration\/#primaryimage"},"image":{"@id":"https:\/\/riccispirits.com\/en\/produit\/linauguration\/#primaryimage"},"thumbnailUrl":"https:\/\/riccispirits.com\/wp-content\/uploads\/2025\/01\/Soiree-inauguration-e1744908160730.webp","datePublished":"2025-01-31T17:40:25+00:00","dateModified":"2025-04-17T16:42:53+00:00","breadcrumb":{"@id":"https:\/\/riccispirits.com\/en\/produit\/linauguration\/#breadcrumb"},"inLanguage":"en-US","potentialAction":[{"@type":"ReadAction","target":["https:\/\/riccispirits.com\/en\/produit\/linauguration\/"]}]},{"@type":"ImageObject","inLanguage":"en-US","@id":"https:\/\/riccispirits.com\/en\/produit\/linauguration\/#primaryimage","url":"https:\/\/riccispirits.com\/wp-content\/uploads\/2025\/01\/Soiree-inauguration-e1744908160730.webp","contentUrl":"https:\/\/riccispirits.com\/wp-content\/uploads\/2025\/01\/Soiree-inauguration-e1744908160730.webp","width":1409,"height":2000},{"@type":"BreadcrumbList","@id":"https:\/\/riccispirits.com\/en\/produit\/linauguration\/#breadcrumb","itemListElement":[{"@type":"ListItem","position":1,"name":"Accueil","item":"https:\/\/riccispirits.com\/"},{"@type":"ListItem","position":2,"name":"Shop","item":"https:\/\/riccispirits.com\/en\/shop\/"},{"@type":"ListItem","position":3,"name":"L\u2019inauguration !"}]},{"@type":"WebSite","@id":"https:\/\/riccispirits.com\/#website","url":"https:\/\/riccispirits.com\/","name":"Ricci Spirits","description":"Producteurs de spiritieux","potentialAction":[{"@type":"SearchAction","target":{"@type":"EntryPoint","urlTemplate":"https:\/\/riccispirits.com\/?s={search_term_string}"},"query-input":{"@type":"PropertyValueSpecification","valueRequired":true,"valueName":"search_term_string"}}],"inLanguage":"en-US"}]}},"_links":{"self":[{"href":"https:\/\/riccispirits.com\/en\/wp-json\/wp\/v2\/product\/10451","targetHints":{"allow":["GET"]}}],"collection":[{"href":"https:\/\/riccispirits.com\/en\/wp-json\/wp\/v2\/product"}],"about":[{"href":"https:\/\/riccispirits.com\/en\/wp-json\/wp\/v2\/types\/product"}],"replies":[{"embeddable":true,"href":"https:\/\/riccispirits.com\/en\/wp-json\/wp\/v2\/comments?post=10451"}],"wp:featuredmedia":[{"embeddable":true,"href":"https:\/\/riccispirits.com\/en\/wp-json\/wp\/v2\/media\/10502"}],"wp:attachment":[{"href":"https:\/\/riccispirits.com\/en\/wp-json\/wp\/v2\/media?parent=10451"}],"wp:term":[{"taxonomy":"product_brand","embeddable":true,"href":"https:\/\/riccispirits.com\/en\/wp-json\/wp\/v2\/product_brand?post=10451"},{"taxonomy":"product_cat","embeddable":true,"href":"https:\/\/riccispirits.com\/en\/wp-json\/wp\/v2\/product_cat?post=10451"},{"taxonomy":"product_tag","embeddable":true,"href":"https:\/\/riccispirits.com\/en\/wp-json\/wp\/v2\/product_tag?post=10451"}],"curies":[{"name":"wp","href":"https:\/\/api.w.org\/{rel}","templated":true}]}}