{"id":5857,"date":"2024-03-01T10:33:16","date_gmt":"2024-03-01T09:33:16","guid":{"rendered":"https:\/\/www.famillericci.com\/complices\/"},"modified":"2024-03-01T19:13:18","modified_gmt":"2024-03-01T18:13:18","slug":"complices","status":"publish","type":"page","link":"https:\/\/riccispirits.com\/en\/complices\/","title":{"rendered":"Complices"},"content":{"rendered":"<div class=\"bg bg-banner-complice d-flex flex-column align-items-center\">\n<h1 class=\"title-edition\">Complices<\/h1>\n<p class=\"subtitle-edition\">For all friends<\/p>\n<\/div><div class=\"wp-block-group bg pt-6 mb-0 col-xl-8 mx-auto\"><div class=\"wp-block-group__inner-container is-layout-flow wp-block-group-is-layout-flow\"><div class=\"wp-block-columns is-layout-flex wp-container-core-columns-is-layout-1 wp-block-columns-is-layout-flex\"><div class=\"wp-block-column is-layout-flow wp-block-column-is-layout-flow\"><div class=\"wp-block-group\"><div class=\"wp-block-group__inner-container is-layout-flow wp-block-group-is-layout-flow\"><img decoding=\"async\" src=\"https:\/\/www.refont.riccispirits.com\/wp-content\/uploads\/2024\/03\/Complice.svg\" alt=\"rhum 7 eme symphonie\" class=\"img-fluid d-block mx-auto\"\/><\/div><\/div>\n\n<p class=\"mx-auto title-product-edition\" style=\" font: normal normal normal 32px\/10px Vendeur; letter-spacing: 10px;\">Complice<\/p>\n<p class=\"mx-auto subtitle-product-edition\">50cl &#8211; 50\u00b0<\/p><\/div>\n\n<div class=\"wp-block-column mt-5 mx-2 mt-lg-0 mx-lg-0 is-layout-flow wp-block-column-is-layout-flow\"><div class=\"wp-block-group\"><div class=\"wp-block-group__inner-container is-layout-flow wp-block-group-is-layout-flow\"><p><strong><em>Famille Ricci and the Grandmont Distillery have joined forces to create a unique spirit drink, resulting from the blend of the liqueur \u201cLe chemin des moines\u201d and a 16-year-old Nicaraguan rum. This delicious vintage, the fruit of our friendship and our complicity, was designed to be enjoyed between friends, in moments of sharing and frank camaraderie, as the day we imagined it.<\/em><\/strong><\/p>\n\n<p>Passionately and friendly,<br>Famille Ricci and Distillerie de Grandmont<\/p>\n\n<p><strong>ORIGINS<\/strong><\/p>\n\n<p>ASSEMBLAGE OF: LIQUEUR LE CHEMIN DES MOINES (55%), RHUM NICARAGUA 16 ANS (45%)<\/p>\n\n<hr class=\"wp-block-separator has-alpha-channel-opacity\"\/>\n\n<p><strong>INGREDIENTS<\/strong>:<\/p>\n\n<p>alcohol, water, sugar, plants, rhum<\/p>\n\n<hr class=\"wp-block-separator has-alpha-channel-opacity\"\/>\n\n<p><strong>Distillation<\/strong><\/p>\n\n<p>Column Still<\/p>\n\n<hr class=\"wp-block-separator has-alpha-channel-opacity\"\/>\n\n<p><strong>Ageing<\/strong><\/p>\n\n<p>Ex-Bourbon + Inox<\/p>\n\n<hr class=\"wp-block-separator has-alpha-channel-opacity\"\/>\n\n<p><strong>Added sugar<\/strong><\/p>\n\n<p>None<\/p>\n\n<hr class=\"wp-block-separator has-alpha-channel-opacity\"\/>\n\n<p><strong>LEVEL<\/strong><\/p>\n\n<p>50\u00b0<\/p>\n\n<hr class=\"wp-block-separator has-alpha-channel-opacity\"\/>\n\n<p><strong>Flavour profile<\/strong><\/p>\n\n<p>A very seductive nose, which oscillates between notes of medicinal plants and gourmet chocolate notes. In the mouth, a nice gourmet slap! A mastered balance between freshness and warmer notes.<br>Pine sap, camphor, acacia, eucalyptus, and white flowers are accompanied by notes of cr\u00e8me br\u00fbl\u00e9e, vanilla pod, milk chocolate and praline.<br>A liquid dessert, which will not last long once placed on a table with friends.<\/p>\n\n<a href=\"https:\/\/www.refont.riccispirits.com\/en\/?post_type=product&#038;p=5820\" class=\"btn btn-primary float-end ms-auto\">Shop access<\/a><\/div><\/div><\/div><\/div><\/div><\/div>","protected":false},"excerpt":{"rendered":"<p>Complices For all friends Famille Ricci and the Grandmont Distillery have joined forces to create a unique spirit drink, resulting from the blend of the liqueur \u201cLe chemin des moines\u201d and a 16-year-old Nicaraguan rum. This delicious vintage, the fruit of our friendship and our complicity, was designed to be enjoyed between friends, in moments [&hellip;]<\/p>\n","protected":false},"author":90,"featured_media":0,"parent":0,"menu_order":0,"comment_status":"closed","ping_status":"closed","template":"page-home.php","meta":{"_acf_changed":false,"inline_featured_image":false,"_monsterinsights_skip_tracking":false,"_monsterinsights_sitenote_active":false,"_monsterinsights_sitenote_note":"","_monsterinsights_sitenote_category":0,"_uf_show_specific_survey":0,"_uf_disable_surveys":false,"footnotes":""},"class_list":["post-5857","page","type-page","status-publish","hentry"],"acf":[],"yoast_head":"<!-- This site is optimized with the Yoast SEO plugin v24.7 - https:\/\/yoast.com\/wordpress\/plugins\/seo\/ -->\n<title>Complices - Ricci Spirits<\/title>\n<meta name=\"robots\" content=\"index, follow, max-snippet:-1, max-image-preview:large, max-video-preview:-1\" \/>\n<link rel=\"canonical\" href=\"https:\/\/riccispirits.com\/complices\/\" \/>\n<meta property=\"og:locale\" content=\"en_US\" \/>\n<meta property=\"og:type\" content=\"article\" \/>\n<meta property=\"og:title\" content=\"Complices - Ricci Spirits\" \/>\n<meta property=\"og:description\" content=\"Complices For all friends Famille Ricci and the Grandmont Distillery have joined forces to create a unique spirit drink, resulting from the blend of the liqueur \u201cLe chemin des moines\u201d and a 16-year-old Nicaraguan rum. This delicious vintage, the fruit of our friendship and our complicity, was designed to be enjoyed between friends, in moments [&hellip;]\" \/>\n<meta property=\"og:url\" content=\"https:\/\/riccispirits.com\/complices\/\" \/>\n<meta property=\"og:site_name\" content=\"Ricci Spirits\" \/>\n<meta property=\"article:modified_time\" content=\"2024-03-01T18:13:18+00:00\" \/>\n<meta property=\"og:image\" content=\"https:\/\/www.refont.riccispirits.com\/wp-content\/uploads\/2024\/03\/Complice.svg\" \/>\n<meta name=\"twitter:card\" content=\"summary_large_image\" \/>\n<meta name=\"twitter:label1\" content=\"Est. reading time\" \/>\n\t<meta name=\"twitter:data1\" content=\"2 minutes\" \/>\n<script type=\"application\/ld+json\" class=\"yoast-schema-graph\">{\"@context\":\"https:\/\/schema.org\",\"@graph\":[{\"@type\":\"WebPage\",\"@id\":\"https:\/\/riccispirits.com\/complices\/\",\"url\":\"https:\/\/riccispirits.com\/complices\/\",\"name\":\"Complices - Ricci Spirits\",\"isPartOf\":{\"@id\":\"https:\/\/riccispirits.com\/#website\"},\"primaryImageOfPage\":{\"@id\":\"https:\/\/riccispirits.com\/complices\/#primaryimage\"},\"image\":{\"@id\":\"https:\/\/riccispirits.com\/complices\/#primaryimage\"},\"thumbnailUrl\":\"https:\/\/www.refont.riccispirits.com\/wp-content\/uploads\/2024\/03\/Complice.svg\",\"datePublished\":\"2024-03-01T09:33:16+00:00\",\"dateModified\":\"2024-03-01T18:13:18+00:00\",\"breadcrumb\":{\"@id\":\"https:\/\/riccispirits.com\/complices\/#breadcrumb\"},\"inLanguage\":\"en-US\",\"potentialAction\":[{\"@type\":\"ReadAction\",\"target\":[\"https:\/\/riccispirits.com\/complices\/\"]}]},{\"@type\":\"ImageObject\",\"inLanguage\":\"en-US\",\"@id\":\"https:\/\/riccispirits.com\/complices\/#primaryimage\",\"url\":\"https:\/\/www.refont.riccispirits.com\/wp-content\/uploads\/2024\/03\/Complice.svg\",\"contentUrl\":\"https:\/\/www.refont.riccispirits.com\/wp-content\/uploads\/2024\/03\/Complice.svg\"},{\"@type\":\"BreadcrumbList\",\"@id\":\"https:\/\/riccispirits.com\/complices\/#breadcrumb\",\"itemListElement\":[{\"@type\":\"ListItem\",\"position\":1,\"name\":\"Accueil\",\"item\":\"https:\/\/riccispirits.com\/\"},{\"@type\":\"ListItem\",\"position\":2,\"name\":\"Complices\"}]},{\"@type\":\"WebSite\",\"@id\":\"https:\/\/riccispirits.com\/#website\",\"url\":\"https:\/\/riccispirits.com\/\",\"name\":\"Ricci Spirits\",\"description\":\"Producteurs de spiritieux\",\"potentialAction\":[{\"@type\":\"SearchAction\",\"target\":{\"@type\":\"EntryPoint\",\"urlTemplate\":\"https:\/\/riccispirits.com\/?s={search_term_string}\"},\"query-input\":{\"@type\":\"PropertyValueSpecification\",\"valueRequired\":true,\"valueName\":\"search_term_string\"}}],\"inLanguage\":\"en-US\"}]}<\/script>\n<!-- \/ Yoast SEO plugin. -->","yoast_head_json":{"title":"Complices - Ricci Spirits","robots":{"index":"index","follow":"follow","max-snippet":"max-snippet:-1","max-image-preview":"max-image-preview:large","max-video-preview":"max-video-preview:-1"},"canonical":"https:\/\/riccispirits.com\/complices\/","og_locale":"en_US","og_type":"article","og_title":"Complices - Ricci Spirits","og_description":"Complices For all friends Famille Ricci and the Grandmont Distillery have joined forces to create a unique spirit drink, resulting from the blend of the liqueur \u201cLe chemin des moines\u201d and a 16-year-old Nicaraguan rum. This delicious vintage, the fruit of our friendship and our complicity, was designed to be enjoyed between friends, in moments [&hellip;]","og_url":"https:\/\/riccispirits.com\/complices\/","og_site_name":"Ricci Spirits","article_modified_time":"2024-03-01T18:13:18+00:00","og_image":[{"url":"https:\/\/www.refont.riccispirits.com\/wp-content\/uploads\/2024\/03\/Complice.svg","type":"","width":"","height":""}],"twitter_card":"summary_large_image","twitter_misc":{"Est. reading time":"2 minutes"},"schema":{"@context":"https:\/\/schema.org","@graph":[{"@type":"WebPage","@id":"https:\/\/riccispirits.com\/complices\/","url":"https:\/\/riccispirits.com\/complices\/","name":"Complices - Ricci Spirits","isPartOf":{"@id":"https:\/\/riccispirits.com\/#website"},"primaryImageOfPage":{"@id":"https:\/\/riccispirits.com\/complices\/#primaryimage"},"image":{"@id":"https:\/\/riccispirits.com\/complices\/#primaryimage"},"thumbnailUrl":"https:\/\/www.refont.riccispirits.com\/wp-content\/uploads\/2024\/03\/Complice.svg","datePublished":"2024-03-01T09:33:16+00:00","dateModified":"2024-03-01T18:13:18+00:00","breadcrumb":{"@id":"https:\/\/riccispirits.com\/complices\/#breadcrumb"},"inLanguage":"en-US","potentialAction":[{"@type":"ReadAction","target":["https:\/\/riccispirits.com\/complices\/"]}]},{"@type":"ImageObject","inLanguage":"en-US","@id":"https:\/\/riccispirits.com\/complices\/#primaryimage","url":"https:\/\/www.refont.riccispirits.com\/wp-content\/uploads\/2024\/03\/Complice.svg","contentUrl":"https:\/\/www.refont.riccispirits.com\/wp-content\/uploads\/2024\/03\/Complice.svg"},{"@type":"BreadcrumbList","@id":"https:\/\/riccispirits.com\/complices\/#breadcrumb","itemListElement":[{"@type":"ListItem","position":1,"name":"Accueil","item":"https:\/\/riccispirits.com\/"},{"@type":"ListItem","position":2,"name":"Complices"}]},{"@type":"WebSite","@id":"https:\/\/riccispirits.com\/#website","url":"https:\/\/riccispirits.com\/","name":"Ricci Spirits","description":"Producteurs de spiritieux","potentialAction":[{"@type":"SearchAction","target":{"@type":"EntryPoint","urlTemplate":"https:\/\/riccispirits.com\/?s={search_term_string}"},"query-input":{"@type":"PropertyValueSpecification","valueRequired":true,"valueName":"search_term_string"}}],"inLanguage":"en-US"}]}},"_links":{"self":[{"href":"https:\/\/riccispirits.com\/en\/wp-json\/wp\/v2\/pages\/5857","targetHints":{"allow":["GET"]}}],"collection":[{"href":"https:\/\/riccispirits.com\/en\/wp-json\/wp\/v2\/pages"}],"about":[{"href":"https:\/\/riccispirits.com\/en\/wp-json\/wp\/v2\/types\/page"}],"author":[{"embeddable":true,"href":"https:\/\/riccispirits.com\/en\/wp-json\/wp\/v2\/users\/90"}],"replies":[{"embeddable":true,"href":"https:\/\/riccispirits.com\/en\/wp-json\/wp\/v2\/comments?post=5857"}],"version-history":[{"count":0,"href":"https:\/\/riccispirits.com\/en\/wp-json\/wp\/v2\/pages\/5857\/revisions"}],"wp:attachment":[{"href":"https:\/\/riccispirits.com\/en\/wp-json\/wp\/v2\/media?parent=5857"}],"curies":[{"name":"wp","href":"https:\/\/api.w.org\/{rel}","templated":true}]}}