{"id":4997,"date":"2023-05-29T17:59:52","date_gmt":"2023-05-29T15:59:52","guid":{"rendered":"https:\/\/www.famillericci.com\/zodiac\/"},"modified":"2024-07-08T10:04:06","modified_gmt":"2024-07-08T08:04:06","slug":"zodiac","status":"publish","type":"page","link":"https:\/\/riccispirits.com\/en\/zodiac\/","title":{"rendered":"Zodiac"},"content":{"rendered":"\n<div class=\"bg bg-banner-zodiag-2 d-flex flex-column align-items-center prelative mb-30\">\n<\/div>\n\n\n\n<div class=\"wp-block-columns mb-0 col-xl-8 mx-auto is-layout-flex wp-container-core-columns-is-layout-9d6595d7 wp-block-columns-is-layout-flex\">\n<div class=\"wp-block-column mt-5 mx-2 mt-lg-0 mx-lg-0 order-1 is-layout-flow wp-block-column-is-layout-flow\">\n<p>Octobre 2023<\/p>\n\n\n\n<p>ORIGINES <\/p>\n\n\n\n<p>Hpdn H 9ans \/ Bielle 6 ans<\/p>\n\n\n\n<hr class=\"wp-block-separator has-css-opacity\"\/>\n\n\n\n<p>DISTILLATION<\/p>\n\n\n\n<p>Pot Still et Column Still<\/p>\n\n\n\n<hr class=\"wp-block-separator has-css-opacity\"\/>\n\n\n\n<p>\u00c9LEVAGE<\/p>\n\n\n\n<p>Full Bourbon<\/p>\n\n\n\n<hr class=\"wp-block-separator has-css-opacity\"\/>\n\n\n\n<p>AJOUTS<\/p>\n\n\n\n<p>Aucun ajout.<\/p>\n\n\n\n<hr class=\"wp-block-separator has-css-opacity\"\/>\n\n\n\n<p>DEGR\u00c9<\/p>\n\n\n\n<p>50\u00b0<\/p>\n\n\n\n<hr class=\"wp-block-separator has-css-opacity\"\/>\n\n\n\n<p>NOTES DE D\u00c9GUSTATION<\/p>\n\n\n\n<p>Un nez envo\u00fbtant qui oscille entre la marmelade d&#8217;agrumes, la cassonade et l&#8217;ananas r\u00f4ti.<br>En bouche c&#8217;est l&#8217;\u00e9quilibre parfait entre des notes acidul\u00e9es, am\u00e8res, sucr\u00e9s et sal\u00e9.<br>Une complexit\u00e9 \u00e9tonnante, les notes aromatiques se r\u00e9pondent telle une m\u00e9lodie.<br>Citron am\u00e8re, cr\u00e8me aux \u0153ufs, bonbon arlequin , canne fra\u00eeche, bagasse: chaque note accompagne les autres sans se marcher dessus.<br>Une symphonie aromatique incroyable.<\/p>\n\n\n\n<a href=\"refont.riccispirits.com\/produit\/zodiac-2023-balance\" class=\"btn btn-primary float-end ms-auto\">Buy<\/a>\n<\/div>\n\n\n\n<div class=\"wp-block-column mx-2 order-2 is-layout-flow wp-block-column-is-layout-flow\">\n<img decoding=\"async\" src=\"https:\/\/www.refont.riccispirits.com\/wp-content\/uploads\/2023\/09\/Famille-Ricci-Zodiac-Balance.png\" alt=\"rhum hommage\" class=\"img-fluid d-block mx-auto\">\n\n\n\n<p class=\"mx-auto title-product-edition\" style=\" font: normal normal normal 32px\/10px Vendeur; letter-spacing: 10px;\">Zodiac &#8211; Balance<\/p>\n<p class=\"mx-auto subtitle-product-edition\">50cl &#8211; 50\u00b0<\/p>\n<\/div>\n<\/div>\n\n\n\n<div class=\"wp-block-columns revers-mobil mb-0 col-xl-8 mx-auto is-layout-flex wp-container-core-columns-is-layout-9d6595d7 wp-block-columns-is-layout-flex\">\n<div class=\"wp-block-column is-layout-flow wp-block-column-is-layout-flow\">\n<img decoding=\"async\" src=\"https:\/\/www.refont.riccispirits.com\/wp-content\/uploads\/2023\/09\/Famille-Ricci-Zodiac-Vierge-1.png\" alt=\"rhum hommage\" class=\"img-fluid d-block mx-auto\">\n\n\n\n<p class=\"mx-auto title-product-edition\" style=\" font: normal normal normal 32px\/10px Vendeur; letter-spacing: 10px;\">Zodiac &#8211; Vierge<\/p>\n<p class=\"mx-auto subtitle-product-edition\">50cl &#8211; 63\u00b0<\/p>\n<\/div>\n\n\n\n<div class=\"wp-block-column is-layout-flow wp-block-column-is-layout-flow\">\n<p>Octobre 2023<br><br>ORIGINES<\/p>\n\n\n\n<p>Ten Cane 15 ans<\/p>\n\n\n\n<hr class=\"wp-block-separator has-css-opacity\"\/>\n\n\n\n<p>DISTILLATION<\/p>\n\n\n\n<p>Pot Still<\/p>\n\n\n\n<hr class=\"wp-block-separator has-css-opacity\"\/>\n\n\n\n<p>\u00c9LEVAGE<\/p>\n\n\n\n<p>Full Ex Bourbon<\/p>\n\n\n\n<hr class=\"wp-block-separator has-css-opacity\"\/>\n\n\n\n<p>AJOUTS<\/p>\n\n\n\n<p>Aucun ajout.<\/p>\n\n\n\n<hr class=\"wp-block-separator has-css-opacity\"\/>\n\n\n\n<p>DEGR\u00c9<\/p>\n\n\n\n<p>59\u00b0<\/p>\n\n\n\n<hr class=\"wp-block-separator has-css-opacity\"\/>\n\n\n\n<p>NOTES DE D\u00c9GUSTATION<\/p>\n\n\n\n<p>Au nez des notes de santal et de bagasse font de la place \u00e0 un joli bonbon \u00e0 la cerise pour finir sur de la p\u00eache de vigne.<br>En bouche une texture onctueuse avec une balance aromatique qui navigue de la gourmandise chaude \u00e0 des jolis am\u00e8res.<br>Chocolat noir, poudre de cacao , noix sont envelopp\u00e9 dans des notes plus v\u00e9g\u00e9tal et bois\u00e9 entre la bagasse et le ch\u00eane l\u00e9g\u00e8rement chauff\u00e9 avec en fin de bouche de l\u00e9gers cristaux de sucre roux.<\/p>\n\n\n\n<a href=\"https:\/\/www.refont.riccispirits.com\/en\/?post_type=product&#038;p=4975\" class=\"btn btn-primary float-end ms-auto\">Buy<\/a>\n<\/div>\n<\/div>\n\n\n\n<div class=\"wp-block-columns mb-0 col-xl-8 mx-auto is-layout-flex wp-container-core-columns-is-layout-9d6595d7 wp-block-columns-is-layout-flex\">\n<div class=\"wp-block-column mt-5 mx-2 mt-lg-0 mx-lg-0 order-1 is-layout-flow wp-block-column-is-layout-flow\">\n<p>Octobre 2023<br><br>ORIGINES <\/p>\n\n\n\n<p>Belize 17 ans<\/p>\n\n\n\n<hr class=\"wp-block-separator has-css-opacity\"\/>\n\n\n\n<p>DISTILLATION<\/p>\n\n\n\n<p>Colomn Still<\/p>\n\n\n\n<hr class=\"wp-block-separator has-css-opacity\"\/>\n\n\n\n<p>\u00c9LEVAGE<\/p>\n\n\n\n<p>Full Bourbon<\/p>\n\n\n\n<hr class=\"wp-block-separator has-css-opacity\"\/>\n\n\n\n<p>AJOUTS<\/p>\n\n\n\n<p>Aucun ajout.<\/p>\n\n\n\n<hr class=\"wp-block-separator has-css-opacity\"\/>\n\n\n\n<p>DEGR\u00c9<\/p>\n\n\n\n<p>61.1\u00b0<\/p>\n\n\n\n<hr class=\"wp-block-separator has-css-opacity\"\/>\n\n\n\n<p>NOTES DE D\u00c9GUSTATION<\/p>\n\n\n\n<p>Un nez gourmand sur le coco, la vanille et la poudre d\u2019amande.<br>En bouche un bel \u00e9quilibre entre bois ,\u00e9pices, notes p\u00e2tissi\u00e8res et un peu d\u2019empyreumatique.<br>Un cappuccino qui laisse place \u00e0 des notes de bo\u00eetes \u00e0 cigare et tabac blond pour finir sur un bois\u00e9 l\u00e9g\u00e8rement vanill\u00e9.<\/p>\n\n\n\n<a href=\"https:\/\/www.refont.riccispirits.com\/en\/?post_type=product&#038;p=4994\" class=\"btn btn-primary float-end ms-auto\">Buy<\/a>\n<\/div>\n\n\n\n<div class=\"wp-block-column mx-2 order-2 is-layout-flow wp-block-column-is-layout-flow\">\n<img decoding=\"async\" src=\"https:\/\/www.refont.riccispirits.com\/wp-content\/uploads\/2023\/09\/Famille-Ricci-Zodiac-Lion.png\" alt=\"rhum hommage\" class=\"img-fluid d-block mx-auto\">\n\n\n\n<p class=\"mx-auto title-product-edition\" style=\" font: normal normal normal 32px\/10px Vendeur; letter-spacing: 10px;\">Zodiac &#8211; Lion<\/p>\n<p class=\"mx-auto subtitle-product-edition\">50cl &#8211; 61.1\u00b0<\/p>\n<\/div>\n<\/div>\n\n\n\n<div class=\"wp-block-columns revers-mobil mb-0 col-xl-8 mx-auto is-layout-flex wp-container-core-columns-is-layout-9d6595d7 wp-block-columns-is-layout-flex\">\n<div class=\"wp-block-column is-layout-flow wp-block-column-is-layout-flow\">\n<img decoding=\"async\" src=\"https:\/\/www.refont.riccispirits.com\/wp-content\/uploads\/2023\/04\/Belier.jpg\" alt=\"rhum hommage\" class=\"img-fluid d-block mx-auto\">\n\n\n\n<p class=\"mx-auto title-product-edition\" style=\" font: normal normal normal 32px\/10px Vendeur; letter-spacing: 10px;\">Zodiac &#8211; B\u00e9lier<\/p>\n<p class=\"mx-auto subtitle-product-edition\">50cl &#8211; 59.3\u00b0<\/p>\n<\/div>\n\n\n\n<div class=\"wp-block-column is-layout-flow wp-block-column-is-layout-flow\">\n<p>ORIGINES <\/p>\n\n\n\n<p>HPDN DOK 14 ANS, PANAMA 16 ANS<\/p>\n\n\n\n<hr class=\"wp-block-separator has-css-opacity\"\/>\n\n\n\n<p>DISTILLATION<\/p>\n\n\n\n<p>Pot Still et Column Still<\/p>\n\n\n\n<hr class=\"wp-block-separator has-css-opacity\"\/>\n\n\n\n<p>\u00c9LEVAGE<\/p>\n\n\n\n<p>Full Ex Bourbon<\/p>\n\n\n\n<hr class=\"wp-block-separator has-css-opacity\"\/>\n\n\n\n<p>AJOUTS<\/p>\n\n\n\n<p>Aucun ajout.<\/p>\n\n\n\n<hr class=\"wp-block-separator has-css-opacity\"\/>\n\n\n\n<p>DEGR\u00c9<\/p>\n\n\n\n<p>59.3\u00b0<\/p>\n\n\n\n<hr class=\"wp-block-separator has-css-opacity\"\/>\n\n\n\n<p>NOTES DE D\u00c9GUSTATION<\/p>\n\n\n\n<p>Un assemblage avec du caract\u00e8re, r\u00e9unissant \u00e0 l\u2019\u00e9quilibre, les fruits de la Jama\u00efque et la gourmandise du Panama. Au menu: de l\u2019ananas r\u00f4ti et de la manque fra\u00eeche qui viennent se marier avec des notes de chocolat noir fondant, l\u00e9g\u00e8rement torr\u00e9fi\u00e9es. Du peps et de la richesse sur une bouche ample et huileuse.<\/p>\n\n\n\n<a href=\"https:\/\/www.refont.riccispirits.com\/en\/produit\/zodiac-2023-belier\/\" class=\"btn btn-primary float-end ms-auto\">Buy<\/a>\n<\/div>\n<\/div>\n\n\n\n<div class=\"wp-block-columns mb-0 col-xl-8 mx-auto is-layout-flex wp-container-core-columns-is-layout-9d6595d7 wp-block-columns-is-layout-flex\">\n<div class=\"wp-block-column mt-5 mx-2 mt-lg-0 mx-lg-0 order-1 is-layout-flow wp-block-column-is-layout-flow\">\n<p>ORIGINES <\/p>\n\n\n\n<p>FOURSQUARE SINGLE CASK 16 ANS<\/p>\n\n\n\n<hr class=\"wp-block-separator has-css-opacity\"\/>\n\n\n\n<p>DISTILLATION<\/p>\n\n\n\n<p>Pot Still et Column Still<\/p>\n\n\n\n<hr class=\"wp-block-separator has-css-opacity\"\/>\n\n\n\n<p>\u00c9LEVAGE<\/p>\n\n\n\n<p>Full Ex Bourbon<\/p>\n\n\n\n<hr class=\"wp-block-separator has-css-opacity\"\/>\n\n\n\n<p>AJOUTS<\/p>\n\n\n\n<p>Aucun ajout.<\/p>\n\n\n\n<hr class=\"wp-block-separator has-css-opacity\"\/>\n\n\n\n<p>DEGR\u00c9<\/p>\n\n\n\n<p>57.1\u00b0<\/p>\n\n\n\n<hr class=\"wp-block-separator has-css-opacity\"\/>\n\n\n\n<p>NOTES DE D\u00c9GUSTATION<\/p>\n\n\n\n<p>Une cuv\u00e9e toute en g\u00e9n\u00e9rosit\u00e9 et en douceur. Un nez fruit\u00e9 sur les agrumes confits, compl\u00e9t\u00e9 par quelques \u00e9pices. En bouche, on navigue entre des notes de coco confites et des touches plus vanill\u00e9es, le tout, avec une l\u00e9g\u00e8re salinit\u00e9 et un c\u00f4t\u00e9 subtilement Moka. De la rondeur et de la gourmandise \u00e0 souhait !<\/p>\n\n\n\n<a href=\"https:\/\/www.refont.riccispirits.com\/en\/produit\/zodiac-2023-poisson\/\" class=\"btn btn-primary float-end ms-auto\">Buy<\/a>\n<\/div>\n\n\n\n<div class=\"wp-block-column mx-2 order-2 is-layout-flow wp-block-column-is-layout-flow\">\n<img decoding=\"async\" src=\"https:\/\/www.refont.riccispirits.com\/wp-content\/uploads\/2023\/04\/Poisson-famillericci.png\" alt=\"rhum hommage\" class=\"img-fluid d-block mx-auto\">\n\n\n\n<p class=\"mx-auto title-product-edition\" style=\" font: normal normal normal 32px\/10px Vendeur; letter-spacing: 10px;\">Zodiac &#8211; Poisson<\/p>\n<p class=\"mx-auto subtitle-product-edition\">50cl &#8211; 57.1\u00b0<\/p>\n<\/div>\n<\/div>\n\n\n\n<div class=\"wp-block-columns revers-mobil mb-0 col-xl-8 mx-auto is-layout-flex wp-container-core-columns-is-layout-9d6595d7 wp-block-columns-is-layout-flex\">\n<div class=\"wp-block-column is-layout-flow wp-block-column-is-layout-flow\">\n<img decoding=\"async\" src=\"https:\/\/www.refont.riccispirits.com\/wp-content\/uploads\/2023\/04\/Verseau-famillericci.png\" alt=\"rhum hommage\" class=\"img-fluid d-block mx-auto\">\n\n\n\n<p class=\"mx-auto title-product-edition\" style=\" font: normal normal normal 32px\/10px Vendeur; letter-spacing: 10px;\">Zodiac &#8211; Verseau<\/p>\n<p class=\"mx-auto subtitle-product-edition\">50cl &#8211; 59\u00b0<\/p>\n<\/div>\n\n\n\n<div class=\"wp-block-column is-layout-flow wp-block-column-is-layout-flow\">\n<p>ORIGINES<\/p>\n\n\n\n<p>BELIZE 15 ANS, CLARENDON 16 ANS<\/p>\n\n\n\n<hr class=\"wp-block-separator has-css-opacity\"\/>\n\n\n\n<p>DISTILLATION<\/p>\n\n\n\n<p>Pot Still et Column Still<\/p>\n\n\n\n<hr class=\"wp-block-separator has-css-opacity\"\/>\n\n\n\n<p>\u00c9LEVAGE<\/p>\n\n\n\n<p>Full Ex Bourbon<\/p>\n\n\n\n<hr class=\"wp-block-separator has-css-opacity\"\/>\n\n\n\n<p>AJOUTS<\/p>\n\n\n\n<p>Aucun ajout.<\/p>\n\n\n\n<hr class=\"wp-block-separator has-css-opacity\"\/>\n\n\n\n<p>DEGR\u00c9<\/p>\n\n\n\n<p>59\u00b0<\/p>\n\n\n\n<hr class=\"wp-block-separator has-css-opacity\"\/>\n\n\n\n<p>NOTES DE D\u00c9GUSTATION<\/p>\n\n\n\n<p>Un assemblage audacieux au profil \u00e9volutif, avec la rencontre de deux univers bien diff\u00e9rents. Le r\u00e9sultat est surprenant : on trouve \u00e0 la fois du caract\u00e8re et de la douceur, du gras avec des notes plus s\u00e8ches, un c\u00f4t\u00e9 p\u00e2tissier avec des notes plus herbac\u00e9es. Vous l\u2019aurez compris, on est dans la contradiction. Un nez sur des notes de tiramisu imbib\u00e9 de solvant. En bouche, l\u2019attaque est en pleine de rondeur, avec de la for\u00eat noire aux griottes, la suite, pleine de surprises, avec des \u00e9pices et un poivre Timut qui viennent prendre plus de place. En fin de bouche, le kaki m\u00fbr s\u2019en m\u00eale, accompagn\u00e9 de notes herbac\u00e9es et plus terreuses, tout en gardant subtilement et plus en retrait un c\u00f4t\u00e9 \u00e9clair au caf\u00e9. C\u2019est complexe, profond et d\u00f4t\u00e9 d\u2019une tr\u00e8s belle longueur. Un rhum d\u00e9routant !<\/p>\n\n\n\n<a href=\"https:\/\/www.refont.riccispirits.com\/en\/produit\/zodiac-2023-verseau\/\" class=\"btn btn-primary float-end ms-auto\">Buy<\/a>\n<\/div>\n<\/div>\n\n\n\n<div class=\"wp-block-columns mb-0 col-xl-8 mx-auto is-layout-flex wp-container-core-columns-is-layout-9d6595d7 wp-block-columns-is-layout-flex\">\n<div class=\"wp-block-column mt-5 mx-2 mt-lg-0 mx-lg-0 order-1 is-layout-flow wp-block-column-is-layout-flow\">\n<p>DISTILLERIE<\/p>\n\n\n\n<p>AUSTRALIA 2007 66% \/ WORTHY PARK 2006 34%<\/p>\n\n\n\n<hr class=\"wp-block-separator has-css-opacity\"\/>\n\n\n\n<p>DISTILLATION<\/p>\n\n\n\n<p>Pot Still<\/p>\n\n\n\n<hr class=\"wp-block-separator has-css-opacity\"\/>\n\n\n\n<p>\u00c9LEVAGE<\/p>\n\n\n\n<p>Full Ex Bourbon<\/p>\n\n\n\n<hr class=\"wp-block-separator has-css-opacity\"\/>\n\n\n\n<p>AJOUTS<\/p>\n\n\n\n<p>Aucun ajout.<\/p>\n\n\n\n<hr class=\"wp-block-separator has-css-opacity\"\/>\n\n\n\n<p>DEGR\u00c9<\/p>\n\n\n\n<p>63.5\u00b0<\/p>\n\n\n\n<hr class=\"wp-block-separator has-css-opacity\"\/>\n\n\n\n<p>NOTES DE D\u00c9GUSTATION<\/p>\n\n\n\n<p>Au nez, un profil m\u00e9dicinal et gourmand, complexe : kaki, pomme, r\u00e9glisse et miell\u00e9. En bouche, c\u2019est ample sur une base m\u00e9dicinale et menthol\u00e9e. C\u2019est dot\u00e9 d\u2019une belle complexit\u00e9 qui nous fait voyager d\u2019un profil sur les fruits confits, \u00e0 un profil plus herbac\u00e9, accompagn\u00e9 sur toute la longueur d\u2019un miel toutes fleurs et d\u2019une fra\u00eecheur citronn\u00e9e. Le tout port\u00e9 sur la longueur par un panier d\u2019\u00e9pices chaudes.<\/p>\n\n\n\n<a href=\"https:\/\/www.refont.riccispirits.com\/en\/produit\/zodiac-2023-gemeau\/\" class=\"btn btn-primary float-end ms-auto\">Buy<\/a>\n<\/div>\n\n\n\n<div class=\"wp-block-column mx-2 order-2 is-layout-flow wp-block-column-is-layout-flow\">\n<img decoding=\"async\" src=\"https:\/\/www.refont.riccispirits.com\/wp-content\/uploads\/2023\/05\/BT_ZODIAC_GEMEAUX.png\" alt=\"rhum hommage\" class=\"img-fluid d-block mx-auto\">\n\n\n\n<p class=\"mx-auto title-product-edition\" style=\" font: normal normal normal 32px\/10px Vendeur; letter-spacing: 10px;\">Zodiac &#8211; Gemeaux<\/p>\n<p class=\"mx-auto subtitle-product-edition\">50cl &#8211; 63.5\u00b0<\/p>\n<\/div>\n<\/div>\n\n\n\n<div class=\"wp-block-columns revers-mobil mb-0 col-xl-8 mx-auto is-layout-flex wp-container-core-columns-is-layout-9d6595d7 wp-block-columns-is-layout-flex\">\n<div class=\"wp-block-column is-layout-flow wp-block-column-is-layout-flow\">\n<img decoding=\"async\" src=\"https:\/\/www.refont.riccispirits.com\/wp-content\/uploads\/2023\/05\/BT_ZODIAC_TAUREAU.png\" alt=\"rhum hommage\" class=\"img-fluid d-block mx-auto\">\n\n\n\n<p class=\"mx-auto title-product-edition\" style=\" font: normal normal normal 32px\/10px Vendeur; letter-spacing: 10px;\">Zodiac &#8211; Taureau<\/p>\n<p class=\"mx-auto subtitle-product-edition\">50cl &#8211; 64\u00b0<\/p>\n<\/div>\n\n\n\n<div class=\"wp-block-column is-layout-flow wp-block-column-is-layout-flow\">\n<p>DISTILLERIE<\/p>\n\n\n\n<p>R\u00c9UNION GRAND AR\u00d4ME 2017<\/p>\n\n\n\n<hr class=\"wp-block-separator has-css-opacity\"\/>\n\n\n\n<p>DISTILLATION<\/p>\n\n\n\n<p>Column Still<\/p>\n\n\n\n<hr class=\"wp-block-separator has-css-opacity\"\/>\n\n\n\n<p>\u00c9LEVAGE<\/p>\n\n\n\n<p>Full Ex Bourbon<\/p>\n\n\n\n<hr class=\"wp-block-separator has-css-opacity\"\/>\n\n\n\n<p>AJOUTS<\/p>\n\n\n\n<p>Aucun ajout.<\/p>\n\n\n\n<hr class=\"wp-block-separator has-css-opacity\"\/>\n\n\n\n<p>DEGR\u00c9<\/p>\n\n\n\n<p>64\u00b0<\/p>\n\n\n\n<hr class=\"wp-block-separator has-css-opacity\"\/>\n\n\n\n<p>NOTES DE D\u00c9GUSTATION<\/p>\n\n\n\n<p>Nez fruit\u00e9 sur la prune, la mirabelle, le kiwi et la passion, avec des touches plus florales comme le lilas. En bouche, c\u2019est fruit\u00e9 \u00e9galement, avec les fruits de la passion et la mangue un cran au dessus. Ensuite, les notes de kiwi puis de kaki se font une belle place, accompagn\u00e9es de notes plus p\u00e2tissi\u00e8res. La longueur se porte sur des notes de bois de rose et un subtil raisin m\u00fbr.<\/p>\n\n\n\n<a href=\"https:\/\/www.refont.riccispirits.com\/en\/produit\/zodiac-2023-verseau\/\" class=\"btn btn-primary float-end ms-auto\">Buy<\/a>\n<\/div>\n<\/div>\n\n\n\n<div class=\"wp-block-columns mb-0 col-xl-8 mx-auto is-layout-flex wp-container-core-columns-is-layout-9d6595d7 wp-block-columns-is-layout-flex\">\n<div class=\"wp-block-column mt-5 mx-2 mt-lg-0 mx-lg-0 order-1 is-layout-flow wp-block-column-is-layout-flow\">\n<p>DISTILLERIE<\/p>\n\n\n\n<p>HABITATION DU SIMON 2008<\/p>\n\n\n\n<hr class=\"wp-block-separator has-css-opacity\"\/>\n\n\n\n<p>DISTILLATION<\/p>\n\n\n\n<p>Column Still<\/p>\n\n\n\n<hr class=\"wp-block-separator has-css-opacity\"\/>\n\n\n\n<p>\u00c9LEVAGE<\/p>\n\n\n\n<p>Full Ex Bourbon<\/p>\n\n\n\n<hr class=\"wp-block-separator has-css-opacity\"\/>\n\n\n\n<p>AJOUTS<\/p>\n\n\n\n<p>Aucun ajout.<\/p>\n\n\n\n<hr class=\"wp-block-separator has-css-opacity\"\/>\n\n\n\n<p>DEGR\u00c9<\/p>\n\n\n\n<p>60.2\u00b0<\/p>\n\n\n\n<hr class=\"wp-block-separator has-css-opacity\"\/>\n\n\n\n<p>NOTES DE D\u00c9GUSTATION<\/p>\n\n\n\n<p>Nez \u00e9l\u00e9gant et subtil sur la bagasse, le bois l\u00e9g\u00e8rement chauff\u00e9 et le lait d\u2019amande. En bouche, un d\u00e9licat jus de canne accompagn\u00e9 d\u2019un trait de citron vert. Ensuite, des notes de noix et de noisettes prennent le relais. La finale se termine sur une l\u00e9g\u00e8re note vanill\u00e9e et la chair de noix de coco fra\u00eeche.<\/p>\n\n\n\n<a href=\"https:\/\/www.refont.riccispirits.com\/en\/produit\/zodiac-2023-cancer\/\" class=\"btn btn-primary float-end ms-auto\">Buy<\/a>\n<\/div>\n\n\n\n<div class=\"wp-block-column mx-2 order-2 is-layout-flow wp-block-column-is-layout-flow\">\n<img decoding=\"async\" src=\"https:\/\/www.refont.riccispirits.com\/wp-content\/uploads\/2023\/05\/BT_ZODIAC_CANCER.png\" alt=\"rhum hommage\" class=\"img-fluid d-block mx-auto\">\n\n\n\n<p class=\"mx-auto title-product-edition\" style=\" font: normal normal normal 32px\/10px Vendeur; letter-spacing: 10px;\">Zodiac &#8211; Cancer<\/p>\n<p class=\"mx-auto subtitle-product-edition\">50cl &#8211; 60.2\u00b0<\/p>\n\n\n\n<p><\/p>\n<\/div>\n<\/div>\n","protected":false},"excerpt":{"rendered":"<p>Octobre 2023 ORIGINES Hpdn H 9ans \/ Bielle 6 ans DISTILLATION Pot Still et Column Still \u00c9LEVAGE Full Bourbon AJOUTS Aucun ajout. DEGR\u00c9 50\u00b0 NOTES DE D\u00c9GUSTATION Un nez envo\u00fbtant qui oscille entre la marmelade d&#8217;agrumes, la cassonade et l&#8217;ananas r\u00f4ti.En bouche c&#8217;est l&#8217;\u00e9quilibre parfait entre des notes acidul\u00e9es, am\u00e8res, sucr\u00e9s et sal\u00e9.Une complexit\u00e9 \u00e9tonnante, [&hellip;]<\/p>\n","protected":false},"author":90,"featured_media":0,"parent":0,"menu_order":0,"comment_status":"closed","ping_status":"closed","template":"page-home.php","meta":{"_acf_changed":false,"inline_featured_image":false,"_monsterinsights_skip_tracking":false,"_monsterinsights_sitenote_active":false,"_monsterinsights_sitenote_note":"","_monsterinsights_sitenote_category":0,"_uf_show_specific_survey":0,"_uf_disable_surveys":false,"footnotes":""},"class_list":["post-4997","page","type-page","status-publish","hentry"],"acf":[],"yoast_head":"<!-- This site is optimized with the Yoast SEO plugin v24.7 - https:\/\/yoast.com\/wordpress\/plugins\/seo\/ -->\n<title>Zodiac - Ricci Spirits<\/title>\n<meta name=\"robots\" content=\"index, follow, max-snippet:-1, max-image-preview:large, max-video-preview:-1\" \/>\n<link rel=\"canonical\" href=\"https:\/\/riccispirits.com\/zodiac\/\" \/>\n<meta property=\"og:locale\" content=\"en_US\" \/>\n<meta property=\"og:type\" content=\"article\" \/>\n<meta property=\"og:title\" content=\"Zodiac - Ricci Spirits\" \/>\n<meta property=\"og:description\" content=\"Octobre 2023 ORIGINES Hpdn H 9ans \/ Bielle 6 ans DISTILLATION Pot Still et Column Still \u00c9LEVAGE Full Bourbon AJOUTS Aucun ajout. DEGR\u00c9 50\u00b0 NOTES DE D\u00c9GUSTATION Un nez envo\u00fbtant qui oscille entre la marmelade d&#8217;agrumes, la cassonade et l&#8217;ananas r\u00f4ti.En bouche c&#8217;est l&#8217;\u00e9quilibre parfait entre des notes acidul\u00e9es, am\u00e8res, sucr\u00e9s et sal\u00e9.Une complexit\u00e9 \u00e9tonnante, [&hellip;]\" \/>\n<meta property=\"og:url\" content=\"https:\/\/riccispirits.com\/zodiac\/\" \/>\n<meta property=\"og:site_name\" content=\"Ricci Spirits\" \/>\n<meta property=\"article:modified_time\" content=\"2024-07-08T08:04:06+00:00\" \/>\n<meta property=\"og:image\" content=\"https:\/\/www.refont.riccispirits.com\/wp-content\/uploads\/2023\/09\/Famille-Ricci-Zodiac-Balance.png\" \/>\n<meta name=\"twitter:card\" content=\"summary_large_image\" \/>\n<meta name=\"twitter:label1\" content=\"Est. reading time\" \/>\n\t<meta name=\"twitter:data1\" content=\"7 minutes\" \/>\n<script type=\"application\/ld+json\" class=\"yoast-schema-graph\">{\"@context\":\"https:\/\/schema.org\",\"@graph\":[{\"@type\":\"WebPage\",\"@id\":\"https:\/\/riccispirits.com\/zodiac\/\",\"url\":\"https:\/\/riccispirits.com\/zodiac\/\",\"name\":\"Zodiac - Ricci Spirits\",\"isPartOf\":{\"@id\":\"https:\/\/riccispirits.com\/#website\"},\"primaryImageOfPage\":{\"@id\":\"https:\/\/riccispirits.com\/zodiac\/#primaryimage\"},\"image\":{\"@id\":\"https:\/\/riccispirits.com\/zodiac\/#primaryimage\"},\"thumbnailUrl\":\"https:\/\/www.refont.riccispirits.com\/wp-content\/uploads\/2023\/09\/Famille-Ricci-Zodiac-Balance.png\",\"datePublished\":\"2023-05-29T15:59:52+00:00\",\"dateModified\":\"2024-07-08T08:04:06+00:00\",\"breadcrumb\":{\"@id\":\"https:\/\/riccispirits.com\/zodiac\/#breadcrumb\"},\"inLanguage\":\"en-US\",\"potentialAction\":[{\"@type\":\"ReadAction\",\"target\":[\"https:\/\/riccispirits.com\/zodiac\/\"]}]},{\"@type\":\"ImageObject\",\"inLanguage\":\"en-US\",\"@id\":\"https:\/\/riccispirits.com\/zodiac\/#primaryimage\",\"url\":\"https:\/\/www.refont.riccispirits.com\/wp-content\/uploads\/2023\/09\/Famille-Ricci-Zodiac-Balance.png\",\"contentUrl\":\"https:\/\/www.refont.riccispirits.com\/wp-content\/uploads\/2023\/09\/Famille-Ricci-Zodiac-Balance.png\"},{\"@type\":\"BreadcrumbList\",\"@id\":\"https:\/\/riccispirits.com\/zodiac\/#breadcrumb\",\"itemListElement\":[{\"@type\":\"ListItem\",\"position\":1,\"name\":\"Accueil\",\"item\":\"https:\/\/riccispirits.com\/\"},{\"@type\":\"ListItem\",\"position\":2,\"name\":\"Zodiac\"}]},{\"@type\":\"WebSite\",\"@id\":\"https:\/\/riccispirits.com\/#website\",\"url\":\"https:\/\/riccispirits.com\/\",\"name\":\"Ricci Spirits\",\"description\":\"Producteurs de spiritieux\",\"potentialAction\":[{\"@type\":\"SearchAction\",\"target\":{\"@type\":\"EntryPoint\",\"urlTemplate\":\"https:\/\/riccispirits.com\/?s={search_term_string}\"},\"query-input\":{\"@type\":\"PropertyValueSpecification\",\"valueRequired\":true,\"valueName\":\"search_term_string\"}}],\"inLanguage\":\"en-US\"}]}<\/script>\n<!-- \/ Yoast SEO plugin. -->","yoast_head_json":{"title":"Zodiac - Ricci Spirits","robots":{"index":"index","follow":"follow","max-snippet":"max-snippet:-1","max-image-preview":"max-image-preview:large","max-video-preview":"max-video-preview:-1"},"canonical":"https:\/\/riccispirits.com\/zodiac\/","og_locale":"en_US","og_type":"article","og_title":"Zodiac - Ricci Spirits","og_description":"Octobre 2023 ORIGINES Hpdn H 9ans \/ Bielle 6 ans DISTILLATION Pot Still et Column Still \u00c9LEVAGE Full Bourbon AJOUTS Aucun ajout. DEGR\u00c9 50\u00b0 NOTES DE D\u00c9GUSTATION Un nez envo\u00fbtant qui oscille entre la marmelade d&#8217;agrumes, la cassonade et l&#8217;ananas r\u00f4ti.En bouche c&#8217;est l&#8217;\u00e9quilibre parfait entre des notes acidul\u00e9es, am\u00e8res, sucr\u00e9s et sal\u00e9.Une complexit\u00e9 \u00e9tonnante, [&hellip;]","og_url":"https:\/\/riccispirits.com\/zodiac\/","og_site_name":"Ricci Spirits","article_modified_time":"2024-07-08T08:04:06+00:00","og_image":[{"url":"https:\/\/www.refont.riccispirits.com\/wp-content\/uploads\/2023\/09\/Famille-Ricci-Zodiac-Balance.png","type":"","width":"","height":""}],"twitter_card":"summary_large_image","twitter_misc":{"Est. reading time":"7 minutes"},"schema":{"@context":"https:\/\/schema.org","@graph":[{"@type":"WebPage","@id":"https:\/\/riccispirits.com\/zodiac\/","url":"https:\/\/riccispirits.com\/zodiac\/","name":"Zodiac - Ricci Spirits","isPartOf":{"@id":"https:\/\/riccispirits.com\/#website"},"primaryImageOfPage":{"@id":"https:\/\/riccispirits.com\/zodiac\/#primaryimage"},"image":{"@id":"https:\/\/riccispirits.com\/zodiac\/#primaryimage"},"thumbnailUrl":"https:\/\/www.refont.riccispirits.com\/wp-content\/uploads\/2023\/09\/Famille-Ricci-Zodiac-Balance.png","datePublished":"2023-05-29T15:59:52+00:00","dateModified":"2024-07-08T08:04:06+00:00","breadcrumb":{"@id":"https:\/\/riccispirits.com\/zodiac\/#breadcrumb"},"inLanguage":"en-US","potentialAction":[{"@type":"ReadAction","target":["https:\/\/riccispirits.com\/zodiac\/"]}]},{"@type":"ImageObject","inLanguage":"en-US","@id":"https:\/\/riccispirits.com\/zodiac\/#primaryimage","url":"https:\/\/www.refont.riccispirits.com\/wp-content\/uploads\/2023\/09\/Famille-Ricci-Zodiac-Balance.png","contentUrl":"https:\/\/www.refont.riccispirits.com\/wp-content\/uploads\/2023\/09\/Famille-Ricci-Zodiac-Balance.png"},{"@type":"BreadcrumbList","@id":"https:\/\/riccispirits.com\/zodiac\/#breadcrumb","itemListElement":[{"@type":"ListItem","position":1,"name":"Accueil","item":"https:\/\/riccispirits.com\/"},{"@type":"ListItem","position":2,"name":"Zodiac"}]},{"@type":"WebSite","@id":"https:\/\/riccispirits.com\/#website","url":"https:\/\/riccispirits.com\/","name":"Ricci Spirits","description":"Producteurs de spiritieux","potentialAction":[{"@type":"SearchAction","target":{"@type":"EntryPoint","urlTemplate":"https:\/\/riccispirits.com\/?s={search_term_string}"},"query-input":{"@type":"PropertyValueSpecification","valueRequired":true,"valueName":"search_term_string"}}],"inLanguage":"en-US"}]}},"_links":{"self":[{"href":"https:\/\/riccispirits.com\/en\/wp-json\/wp\/v2\/pages\/4997","targetHints":{"allow":["GET"]}}],"collection":[{"href":"https:\/\/riccispirits.com\/en\/wp-json\/wp\/v2\/pages"}],"about":[{"href":"https:\/\/riccispirits.com\/en\/wp-json\/wp\/v2\/types\/page"}],"author":[{"embeddable":true,"href":"https:\/\/riccispirits.com\/en\/wp-json\/wp\/v2\/users\/90"}],"replies":[{"embeddable":true,"href":"https:\/\/riccispirits.com\/en\/wp-json\/wp\/v2\/comments?post=4997"}],"version-history":[{"count":0,"href":"https:\/\/riccispirits.com\/en\/wp-json\/wp\/v2\/pages\/4997\/revisions"}],"wp:attachment":[{"href":"https:\/\/riccispirits.com\/en\/wp-json\/wp\/v2\/media?parent=4997"}],"curies":[{"name":"wp","href":"https:\/\/api.w.org\/{rel}","templated":true}]}}