{"id":4578,"date":"2023-05-29T17:59:46","date_gmt":"2023-05-29T15:59:46","guid":{"rendered":"https:\/\/www.famillericci.com\/divergence\/"},"modified":"2024-07-08T10:00:52","modified_gmt":"2024-07-08T08:00:52","slug":"divergence","status":"publish","type":"page","link":"https:\/\/riccispirits.com\/en\/divergence\/","title":{"rendered":"Divergence"},"content":{"rendered":"<div class=\"bg-divergence d-flex flex-column align-items-center\">\n<img decoding=\"async\" src=\"https:\/\/www.refont.riccispirits.com\/wp-content\/uploads\/2023\/05\/quintessence-banniere-famille-ricci-1024x576.png\" alt=\"Quintessence Banni\u00e8re Famille Ricci\" mx-auto>\n<h1 class=\"title-edition\">DIVERGENCE<\/h1>\n<p class=\"subtitle-edition\">POUR LES AUDACIEUX<\/p>\n<\/div><div style=\"height:100px\" aria-hidden=\"true\" class=\"wp-block-spacer\"><\/div><div class=\"wp-block-columns mb-0 col-xl-8 mx-auto is-layout-flex wp-container-core-columns-is-layout-1 wp-block-columns-is-layout-flex\"><div class=\"wp-block-column mx-2 is-layout-flow wp-block-column-is-layout-flow\"><img decoding=\"async\" src=\"https:\/\/www.refont.riccispirits.com\/wp-content\/uploads\/2023\/04\/DIVERGENCE_1-e1680627658194.png\" alt=\"rhum hommage\" class=\"img-fluid d-block mx-auto\" style=\"width: 300px; height: 611px;\">\n\n<p class=\"mx-auto title-product-edition\" style=\" font: normal normal normal 32px\/40px Vendeur; letter-spacing: 10px;\">Divergence n\u00b01<\/p>\n<p class=\"mx-auto subtitle-product-edition\">50cl &#8211; 55\u00b0<\/p><\/div>\n\n<div class=\"wp-block-column mt-5 mx-2 mt-lg-0 mx-lg-0 is-layout-flow wp-block-column-is-layout-flow\"><p class=\"titre-contenant\">ORIGINS<\/p>\n\n<p>GROGUE TARRAFAL GRACIANO 75%, HPDN <h> 25% <\/h><\/p>\n\n<hr class=\"wp-block-separator has-css-opacity\"\/>\n\n<p class=\"titre-contenant\">DISTILLATION<\/p>\n\n<p>100% POT STILL<\/p>\n\n<hr class=\"wp-block-separator has-css-opacity\"\/>\n\n<p class=\"titre-contenant\">AGEING <\/p>\n\n<p>STAINLESS STEEL CASK AND AMPHORA <\/p>\n\n<hr class=\"wp-block-separator has-css-opacity\"\/>\n\n<p class=\"titre-contenant\">ADDED SUGAR <\/p>\n\n<p>NO <\/p>\n\n<hr class=\"wp-block-separator has-css-opacity\"\/>\n\n<p class=\"titre-contenant\">ABV<\/p>\n\n<p>55\u00b0<\/p>\n\n<hr class=\"wp-block-separator has-css-opacity\"\/>\n\n<p class=\"titre-contenant\">Flavour profile <\/p>\n\n<p>A perfect and disconcerting fusion. An aromatic nose on exotic fruits macerated in sugar-cane sugar. On the palate, we can find the freshness and bitterness of the sugar-cane juice followed by fruity mango aromas.<\/p>\n\n<a href=\"https:\/\/www.refont.riccispirits.com\/en\/produit\/divergence1\/\" class=\"btn btn-primary float-end mx-auto\">BUY<\/a><\/div><\/div><div style=\"height:100px\" aria-hidden=\"true\" class=\"wp-block-spacer\"><\/div><div class=\"wp-block-columns mb-0 col-xl-8 mx-auto is-layout-flex wp-container-core-columns-is-layout-2 wp-block-columns-is-layout-flex\"><div class=\"wp-block-column mt-5 mx-2 mt-lg-0 mx-lg-0 order-1 is-layout-flow wp-block-column-is-layout-flow\"><p class=\"titre-contenant\"> ORIGINS  <\/p>\n\n<p>PORT MOURANT 70%, HPDN30% <\/p>\n\n<hr class=\"wp-block-separator has-css-opacity\"\/>\n\n<p class=\"titre-contenant\">DISTILLATION<\/p>\n\n<p>100% POT STILL<\/p>\n\n<hr class=\"wp-block-separator has-css-opacity\"\/>\n\n<p class=\"titre-contenant\">AGEING <\/p>\n\n<p>STAINLESS STEEL CASK AND AMPHORA <\/p>\n\n<hr class=\"wp-block-separator has-css-opacity\"\/>\n\n<p class=\"titre-contenant\">ADDED SUGAR <\/p>\n\n<p>NO<\/p>\n\n<hr class=\"wp-block-separator has-css-opacity\"\/>\n\n<p class=\"titre-contenant\">ABV<\/p>\n\n<p>55\u00b0<\/p>\n\n<hr class=\"wp-block-separator has-css-opacity\"\/>\n\n<p class=\"titre-contenant\">Flavour profile : <\/p>\n\n<p> Promising nose on a funky frame. Rich palate. Oily texture on stewed papaya and pineapple. Evolution of the palate on note of \u2018arlequin\u2019 candy. A subtle roasting and white pepper. Finish on fresh almond and moist wood.<\/p>\n\n<a href=\"https:\/\/www.refont.riccispirits.com\/en\/produit\/divergence-2\/\" class=\"btn btn-primary float-end ms-auto\">BUY<\/a><\/div>\n\n<div class=\"wp-block-column mx-2 order-2 is-layout-flow wp-block-column-is-layout-flow\"><img decoding=\"async\" src=\"https:\/\/www.refont.riccispirits.com\/wp-content\/uploads\/2023\/04\/DIVERGENCE_2-1-e1680627642117.png\" alt=\"rhum hommage\" class=\"img-fluid d-block mx-auto\" style=\"width: 300px; height: 611px;\">\n\n<p class=\"mx-auto title-product-edition\" style=\" font: normal normal normal 32px\/10px Vendeur; letter-spacing: 10px;\">Divergence n\u00b02<\/p>\n<p class=\"mx-auto subtitle-product-edition\">50cl &#8211; 55\u00b0<\/p><\/div><\/div><div style=\"height:100px\" aria-hidden=\"true\" class=\"wp-block-spacer\"><\/div><div class=\"wp-block-columns mb-0 col-xl-8 mx-auto is-layout-flex wp-container-core-columns-is-layout-3 wp-block-columns-is-layout-flex\"><div class=\"wp-block-column mx-2 is-layout-flow wp-block-column-is-layout-flow\"><img decoding=\"async\" src=\"https:\/\/www.refont.riccispirits.com\/wp-content\/uploads\/2023\/04\/DIVERGENCE_3-e1680628072902.png\" alt=\"rhum hommage\" class=\"img-fluid d-block mx-auto\">\n\n<p class=\"mx-auto title-product-edition\" style=\" font: normal normal normal 32px\/10px Vendeur; letter-spacing: 10px;\">Divergence n\u00b03<\/p>\n<p class=\"mx-auto subtitle-product-edition\">50cl &#8211; 55\u00b0<\/p><\/div>\n\n<div class=\"wp-block-column mt-5 mx-2 mt-lg-0 mx-lg-0 is-layout-flow wp-block-column-is-layout-flow\"><p class=\"titre-contenant\">ORIGINS  <\/p>\n\n<p>PORT MOURANT 40%, GROGUE TARRAFAL GRACIANO 60%<\/p>\n\n<hr class=\"wp-block-separator has-css-opacity\"\/>\n\n<p class=\"titre-contenant\">DISTILLATION<\/p>\n\n<p>100% POT STILL<\/p>\n\n<hr class=\"wp-block-separator has-css-opacity\"\/>\n\n<p class=\"titre-contenant\">AGEING <\/p>\n\n<p>STAINLESS STEEL CASK AND AMPHORA <\/p>\n\n<hr class=\"wp-block-separator has-css-opacity\"\/>\n\n<p class=\"titre-contenant\">ADDED SUGAR <\/p>\n\n<p>NO<\/p>\n\n<hr class=\"wp-block-separator has-css-opacity\"\/>\n\n<p class=\"titre-contenant\">ABV<\/p>\n\n<p>55\u00b0<\/p>\n\n<hr class=\"wp-block-separator has-css-opacity\"\/>\n\n<p class=\"titre-contenant\">Flavour profile<\/p>\n\n<p>Sugar-cane juice, lime and \u2018cr\u00e8me br\u00fbl\u00e9e\u2019 nose. On the palate, ample and generous texture, sugar-cane and bagasse mish-mash. Peppered basis, \u2018cr\u00e8me br\u00fbl\u00e9e\u2019 and herbaceous notes.<\/p>\n\n<a href=\"https:\/\/www.refont.riccispirits.com\/en\/produit\/divergence-3\/\" class=\"btn btn-primary float-end ms-auto\">BUY<\/a><\/div><\/div>","protected":false},"excerpt":{"rendered":"<p>DIVERGENCE POUR LES AUDACIEUX Divergence n\u00b01 50cl &#8211; 55\u00b0 ORIGINS GROGUE TARRAFAL GRACIANO 75%, HPDN 25% DISTILLATION 100% POT STILL AGEING STAINLESS STEEL CASK AND AMPHORA ADDED SUGAR NO ABV 55\u00b0 Flavour profile A perfect and disconcerting fusion. An aromatic nose on exotic fruits macerated in sugar-cane sugar. On the palate, we can find the [&hellip;]<\/p>\n","protected":false},"author":90,"featured_media":0,"parent":0,"menu_order":0,"comment_status":"closed","ping_status":"closed","template":"page-home.php","meta":{"_acf_changed":false,"inline_featured_image":false,"_monsterinsights_skip_tracking":false,"_monsterinsights_sitenote_active":false,"_monsterinsights_sitenote_note":"","_monsterinsights_sitenote_category":0,"_uf_show_specific_survey":0,"_uf_disable_surveys":false,"footnotes":""},"class_list":["post-4578","page","type-page","status-publish","hentry"],"acf":[],"yoast_head":"<!-- This site is optimized with the Yoast SEO plugin v24.7 - https:\/\/yoast.com\/wordpress\/plugins\/seo\/ -->\n<title>Divergence - Ricci Spirits<\/title>\n<meta name=\"robots\" content=\"index, follow, max-snippet:-1, max-image-preview:large, max-video-preview:-1\" \/>\n<link rel=\"canonical\" href=\"https:\/\/riccispirits.com\/divergence\/\" \/>\n<meta property=\"og:locale\" content=\"en_US\" \/>\n<meta property=\"og:type\" content=\"article\" \/>\n<meta property=\"og:title\" content=\"Divergence - Ricci Spirits\" \/>\n<meta property=\"og:description\" content=\"DIVERGENCE POUR LES AUDACIEUX Divergence n\u00b01 50cl &#8211; 55\u00b0 ORIGINS GROGUE TARRAFAL GRACIANO 75%, HPDN 25% DISTILLATION 100% POT STILL AGEING STAINLESS STEEL CASK AND AMPHORA ADDED SUGAR NO ABV 55\u00b0 Flavour profile A perfect and disconcerting fusion. An aromatic nose on exotic fruits macerated in sugar-cane sugar. On the palate, we can find the [&hellip;]\" \/>\n<meta property=\"og:url\" content=\"https:\/\/riccispirits.com\/divergence\/\" \/>\n<meta property=\"og:site_name\" content=\"Ricci Spirits\" \/>\n<meta property=\"article:modified_time\" content=\"2024-07-08T08:00:52+00:00\" \/>\n<meta property=\"og:image\" content=\"https:\/\/www.refont.riccispirits.com\/wp-content\/uploads\/2023\/05\/quintessence-banniere-famille-ricci-1024x576.png\" \/>\n<meta name=\"twitter:card\" content=\"summary_large_image\" \/>\n<meta name=\"twitter:label1\" content=\"Est. reading time\" \/>\n\t<meta name=\"twitter:data1\" content=\"2 minutes\" \/>\n<script type=\"application\/ld+json\" class=\"yoast-schema-graph\">{\"@context\":\"https:\/\/schema.org\",\"@graph\":[{\"@type\":\"WebPage\",\"@id\":\"https:\/\/riccispirits.com\/divergence\/\",\"url\":\"https:\/\/riccispirits.com\/divergence\/\",\"name\":\"Divergence - Ricci Spirits\",\"isPartOf\":{\"@id\":\"https:\/\/riccispirits.com\/#website\"},\"primaryImageOfPage\":{\"@id\":\"https:\/\/riccispirits.com\/divergence\/#primaryimage\"},\"image\":{\"@id\":\"https:\/\/riccispirits.com\/divergence\/#primaryimage\"},\"thumbnailUrl\":\"https:\/\/www.refont.riccispirits.com\/wp-content\/uploads\/2023\/05\/quintessence-banniere-famille-ricci-1024x576.png\",\"datePublished\":\"2023-05-29T15:59:46+00:00\",\"dateModified\":\"2024-07-08T08:00:52+00:00\",\"breadcrumb\":{\"@id\":\"https:\/\/riccispirits.com\/divergence\/#breadcrumb\"},\"inLanguage\":\"en-US\",\"potentialAction\":[{\"@type\":\"ReadAction\",\"target\":[\"https:\/\/riccispirits.com\/divergence\/\"]}]},{\"@type\":\"ImageObject\",\"inLanguage\":\"en-US\",\"@id\":\"https:\/\/riccispirits.com\/divergence\/#primaryimage\",\"url\":\"https:\/\/www.refont.riccispirits.com\/wp-content\/uploads\/2023\/05\/quintessence-banniere-famille-ricci-1024x576.png\",\"contentUrl\":\"https:\/\/www.refont.riccispirits.com\/wp-content\/uploads\/2023\/05\/quintessence-banniere-famille-ricci-1024x576.png\"},{\"@type\":\"BreadcrumbList\",\"@id\":\"https:\/\/riccispirits.com\/divergence\/#breadcrumb\",\"itemListElement\":[{\"@type\":\"ListItem\",\"position\":1,\"name\":\"Accueil\",\"item\":\"https:\/\/riccispirits.com\/\"},{\"@type\":\"ListItem\",\"position\":2,\"name\":\"Divergence\"}]},{\"@type\":\"WebSite\",\"@id\":\"https:\/\/riccispirits.com\/#website\",\"url\":\"https:\/\/riccispirits.com\/\",\"name\":\"Ricci Spirits\",\"description\":\"Producteurs de spiritieux\",\"potentialAction\":[{\"@type\":\"SearchAction\",\"target\":{\"@type\":\"EntryPoint\",\"urlTemplate\":\"https:\/\/riccispirits.com\/?s={search_term_string}\"},\"query-input\":{\"@type\":\"PropertyValueSpecification\",\"valueRequired\":true,\"valueName\":\"search_term_string\"}}],\"inLanguage\":\"en-US\"}]}<\/script>\n<!-- \/ Yoast SEO plugin. -->","yoast_head_json":{"title":"Divergence - Ricci Spirits","robots":{"index":"index","follow":"follow","max-snippet":"max-snippet:-1","max-image-preview":"max-image-preview:large","max-video-preview":"max-video-preview:-1"},"canonical":"https:\/\/riccispirits.com\/divergence\/","og_locale":"en_US","og_type":"article","og_title":"Divergence - Ricci Spirits","og_description":"DIVERGENCE POUR LES AUDACIEUX Divergence n\u00b01 50cl &#8211; 55\u00b0 ORIGINS GROGUE TARRAFAL GRACIANO 75%, HPDN 25% DISTILLATION 100% POT STILL AGEING STAINLESS STEEL CASK AND AMPHORA ADDED SUGAR NO ABV 55\u00b0 Flavour profile A perfect and disconcerting fusion. An aromatic nose on exotic fruits macerated in sugar-cane sugar. On the palate, we can find the [&hellip;]","og_url":"https:\/\/riccispirits.com\/divergence\/","og_site_name":"Ricci Spirits","article_modified_time":"2024-07-08T08:00:52+00:00","og_image":[{"url":"https:\/\/www.refont.riccispirits.com\/wp-content\/uploads\/2023\/05\/quintessence-banniere-famille-ricci-1024x576.png","type":"","width":"","height":""}],"twitter_card":"summary_large_image","twitter_misc":{"Est. reading time":"2 minutes"},"schema":{"@context":"https:\/\/schema.org","@graph":[{"@type":"WebPage","@id":"https:\/\/riccispirits.com\/divergence\/","url":"https:\/\/riccispirits.com\/divergence\/","name":"Divergence - Ricci Spirits","isPartOf":{"@id":"https:\/\/riccispirits.com\/#website"},"primaryImageOfPage":{"@id":"https:\/\/riccispirits.com\/divergence\/#primaryimage"},"image":{"@id":"https:\/\/riccispirits.com\/divergence\/#primaryimage"},"thumbnailUrl":"https:\/\/www.refont.riccispirits.com\/wp-content\/uploads\/2023\/05\/quintessence-banniere-famille-ricci-1024x576.png","datePublished":"2023-05-29T15:59:46+00:00","dateModified":"2024-07-08T08:00:52+00:00","breadcrumb":{"@id":"https:\/\/riccispirits.com\/divergence\/#breadcrumb"},"inLanguage":"en-US","potentialAction":[{"@type":"ReadAction","target":["https:\/\/riccispirits.com\/divergence\/"]}]},{"@type":"ImageObject","inLanguage":"en-US","@id":"https:\/\/riccispirits.com\/divergence\/#primaryimage","url":"https:\/\/www.refont.riccispirits.com\/wp-content\/uploads\/2023\/05\/quintessence-banniere-famille-ricci-1024x576.png","contentUrl":"https:\/\/www.refont.riccispirits.com\/wp-content\/uploads\/2023\/05\/quintessence-banniere-famille-ricci-1024x576.png"},{"@type":"BreadcrumbList","@id":"https:\/\/riccispirits.com\/divergence\/#breadcrumb","itemListElement":[{"@type":"ListItem","position":1,"name":"Accueil","item":"https:\/\/riccispirits.com\/"},{"@type":"ListItem","position":2,"name":"Divergence"}]},{"@type":"WebSite","@id":"https:\/\/riccispirits.com\/#website","url":"https:\/\/riccispirits.com\/","name":"Ricci Spirits","description":"Producteurs de spiritieux","potentialAction":[{"@type":"SearchAction","target":{"@type":"EntryPoint","urlTemplate":"https:\/\/riccispirits.com\/?s={search_term_string}"},"query-input":{"@type":"PropertyValueSpecification","valueRequired":true,"valueName":"search_term_string"}}],"inLanguage":"en-US"}]}},"_links":{"self":[{"href":"https:\/\/riccispirits.com\/en\/wp-json\/wp\/v2\/pages\/4578","targetHints":{"allow":["GET"]}}],"collection":[{"href":"https:\/\/riccispirits.com\/en\/wp-json\/wp\/v2\/pages"}],"about":[{"href":"https:\/\/riccispirits.com\/en\/wp-json\/wp\/v2\/types\/page"}],"author":[{"embeddable":true,"href":"https:\/\/riccispirits.com\/en\/wp-json\/wp\/v2\/users\/90"}],"replies":[{"embeddable":true,"href":"https:\/\/riccispirits.com\/en\/wp-json\/wp\/v2\/comments?post=4578"}],"version-history":[{"count":0,"href":"https:\/\/riccispirits.com\/en\/wp-json\/wp\/v2\/pages\/4578\/revisions"}],"wp:attachment":[{"href":"https:\/\/riccispirits.com\/en\/wp-json\/wp\/v2\/media?parent=4578"}],"curies":[{"name":"wp","href":"https:\/\/api.w.org\/{rel}","templated":true}]}}