{"id":4570,"date":"2022-05-13T14:33:30","date_gmt":"2022-05-13T12:33:30","guid":{"rendered":"https:\/\/www.famillericci.com\/volt-face-2\/"},"modified":"2023-08-17T15:54:29","modified_gmt":"2023-08-17T13:54:29","slug":"volt-face-2","status":"publish","type":"page","link":"https:\/\/riccispirits.com\/en\/volt-face-2\/","title":{"rendered":"Volt Face"},"content":{"rendered":"<div class=\"d-flex bg bg-banner-volt-face align-items-center\">\n<div class=\"container\">\n<h1 class=\"titre-gammes-fam\">Volt Face<\/h1>\n<p class=\"para-volt-face text-center\">A range that delivers watts<\/p>\n<div class=\"p-2 bd-highlight\">\n<div class=\"trois-bouteilles pt-5\">\n<img decoding=\"async\" src=\"https:\/\/www.refont.riccispirits.com\/wp-content\/uploads\/2022\/04\/Rhum.png\" alt=\"\" class=\"wp-image-106\">\n<\/div>\n<\/div>\n<\/div>\n<\/div><div class=\"wp-block-group bg-gammes-produits bg pb-5 pt-6\"><div class=\"wp-block-group__inner-container is-layout-flow wp-block-group-is-layout-flow\"><div class=\"wp-block-columns mb-0 col-xl-8 mx-auto is-layout-flex wp-container-core-columns-is-layout-1 wp-block-columns-is-layout-flex\"><div class=\"wp-block-column mx-2 is-layout-flow wp-block-column-is-layout-flow\"><div class=\"wp-block-group\"><div class=\"wp-block-group__inner-container is-layout-flow wp-block-group-is-layout-flow\"><img decoding=\"async\" src=\"https:\/\/www.refont.riccispirits.com\/wp-content\/uploads\/2022\/04\/volt-face_1.png\" alt=\"\" class=\"d-block img-fluid mb-3 mx-auto\">\n\n<img decoding=\"async\" src=\"https:\/\/www.refont.riccispirits.com\/wp-content\/uploads\/2022\/04\/volt-face-1.png\" alt=\"\" class=\"img-fluid d-block mx-auto\"><\/div><\/div><\/div>\n\n<div class=\"wp-block-column mt-5 mx-2 mt-lg-0 mx-lg-0 is-layout-flow wp-block-column-is-layout-flow\"><div class=\"wp-block-group\"><div class=\"wp-block-group__inner-container is-layout-flow wp-block-group-is-layout-flow\"><p class=\"titre-contenant\">ORIGINS<\/p>\n\n<p>GUYANA 60%, JAMAICA 40% <\/p>\n\n<hr class=\"wp-block-separator\"\/>\n\n<p class=\"titre-contenant\">DISTILLATION<\/p>\n\n<p>COLUMN &amp; POT STILL <\/p>\n\n<hr class=\"wp-block-separator\"\/>\n\n<p class=\"titre-contenant\">AGEING <\/p>\n\n<p>WHITE PINEAU CASKS + CHESTNUT BARRELS <\/p>\n\n<hr class=\"wp-block-separator\"\/>\n\n<p class=\"titre-contenant\">ADDED SUGAR <\/p>\n\n<p>NO<\/p>\n\n<hr class=\"wp-block-separator\"\/>\n\n<p class=\"titre-contenant\">ABV <\/p>\n\n<p>66.6%<\/p>\n\n<hr class=\"wp-block-separator\"\/>\n\n<p class=\"titre-contenant\"> Flavour profile<\/p>\n\n<p>Warm and strong. Honey notes, roasted coffee and black chocolate aromas. Frangipani leather and quince marmalade finish notes.<\/p>\n\n<hr class=\"wp-block-separator\"\/>\n\n<a href=\"https:\/\/www.refont.riccispirits.com\/en\/produit\/famille-ricci-volte-face-n1\/\" class=\"btn btn-primary float-end ms-auto\">BUY<\/a><\/div><\/div><\/div><\/div><\/div><\/div><div class=\"wp-block-group bg-gammes-produits bg py-5\"><div class=\"wp-block-group__inner-container is-layout-flow wp-block-group-is-layout-flow\"><div class=\"wp-block-columns mb-0 col-xl-8 mx-auto revers-cols is-layout-flex wp-container-core-columns-is-layout-2 wp-block-columns-is-layout-flex\"><div class=\"wp-block-column mt-5 mx-2 mt-lg-0 mx-lg-0 is-layout-flow wp-block-column-is-layout-flow\"><div class=\"wp-block-group\"><div class=\"wp-block-group__inner-container is-layout-flow wp-block-group-is-layout-flow\"><p class=\"titre-contenant\"> ORIGINS<\/p>\n\n<p>JAMAICA 35%, BARBADOS 65% <\/p>\n\n<hr class=\"wp-block-separator\"\/>\n\n<p class=\"titre-contenant\">DISTILLATION<\/p>\n\n<p>COLUMN &amp; POT STILL <\/p>\n\n<hr class=\"wp-block-separator\"\/>\n\n<p class=\"titre-contenant\">AGEING <\/p>\n\n<p>WHITE PINEAU CASKS + CHESTNUT BARRELS <\/p>\n\n<hr class=\"wp-block-separator\"\/>\n\n<p class=\"titre-contenant\">ADDED SUGAR <\/p>\n\n<p>NO<\/p>\n\n<hr class=\"wp-block-separator\"\/>\n\n<p class=\"titre-contenant\">ABV <\/p>\n\n<p>66.4%<\/p>\n\n<hr class=\"wp-block-separator\"\/>\n\n<p class=\"titre-contenant\">Flavour profile<\/p>\n\n<p>Powerful and sweet nose with roasted pineapple aromas. Ample and warm for the mouth with mocha, cocoa powder, almond cake and roasted chestnut candies.<\/p>\n\n<hr class=\"wp-block-separator\"\/>\n\n<a href=\"https:\/\/www.refont.riccispirits.com\/en\/produit\/famille-ricci-volt-face-n2\/\" class=\"btn btn-primary float-end ms-auto\">BUY<\/a><\/div><\/div><\/div>\n\n<div class=\"wp-block-column mx-2 is-layout-flow wp-block-column-is-layout-flow\"><div class=\"wp-block-group\"><div class=\"wp-block-group__inner-container is-layout-flow wp-block-group-is-layout-flow\"><img decoding=\"async\" src=\"https:\/\/www.refont.riccispirits.com\/wp-content\/uploads\/2022\/04\/volt-face_2.png\" alt=\"\" class=\"d-block img-fluid mb-3 mx-auto\">\n\n<img decoding=\"async\" src=\"https:\/\/www.refont.riccispirits.com\/wp-content\/uploads\/2022\/04\/volt-face-2.png\" alt=\"\" class=\"img-fluid d-block mx-auto\"><\/div><\/div><\/div><\/div><\/div><\/div><div class=\"wp-block-group bg-gammes-produits bg pb-5 pt-6\"><div class=\"wp-block-group__inner-container is-layout-flow wp-block-group-is-layout-flow\"><div class=\"wp-block-columns mb-0 col-xl-8 mx-auto is-layout-flex wp-container-core-columns-is-layout-3 wp-block-columns-is-layout-flex\"><div class=\"wp-block-column mx-2 is-layout-flow wp-block-column-is-layout-flow\"><div class=\"wp-block-group\"><div class=\"wp-block-group__inner-container is-layout-flow wp-block-group-is-layout-flow\"><img decoding=\"async\" src=\"https:\/\/www.refont.riccispirits.com\/wp-content\/uploads\/2022\/04\/volt-face_3.png\" alt=\"\" class=\"d-block img-fluid mb-3 mx-auto\">\n\n<img decoding=\"async\" src=\"https:\/\/www.refont.riccispirits.com\/wp-content\/uploads\/2022\/04\/volt-face-3.png\" alt=\"\" class=\"img-fluid d-block mx-auto\"><\/div><\/div><\/div>\n\n<div class=\"wp-block-column mt-5 mx-2 mt-lg-0 mx-lg-0 is-layout-flow wp-block-column-is-layout-flow\"><div class=\"wp-block-group\"><div class=\"wp-block-group__inner-container is-layout-flow wp-block-group-is-layout-flow\"><p class=\"titre-contenant\"> ORIGINS<\/p>\n\n<p>GUYANA 45%, BARBADOS 55%<\/p>\n\n<hr class=\"wp-block-separator\"\/>\n\n<p class=\"titre-contenant\">DISTILLATION<\/p>\n\n<p>COLUMN &amp; POT STILL<\/p>\n\n<hr class=\"wp-block-separator\"\/>\n\n<p class=\"titre-contenant\">AGEING<\/p>\n\n<p>WHITE PINEAU CASKS + CHESTNUT BARRELS <\/p>\n\n<hr class=\"wp-block-separator\"\/>\n\n<p class=\"titre-contenant\">ADDED SUGAR <\/p>\n\n<p>NO<\/p>\n\n<hr class=\"wp-block-separator\"\/>\n\n<p class=\"titre-contenant\">ABV<\/p>\n\n<p>64.5%<\/p>\n\n<hr class=\"wp-block-separator\"\/>\n\n<p class=\"titre-contenant\">Flavour profile <\/p>\n\n<p>Coffee and caramel candy nose aromas. Once in the mouth, it tastes like a real dessert with tiramisu, hot chocolate, \u2018\u2018cr\u00e8me br\u00fbl\u00e9e\u2019\u2019 and toffee cake notes.<\/p>\n\n<hr class=\"wp-block-separator\"\/>\n\n<a href=\"https:\/\/www.refont.riccispirits.com\/en\/produit\/famille-ricci-volt-face-n3\/\" class=\"btn btn-primary float-end ms-auto\">buy<\/a><\/div><\/div><\/div><\/div><\/div><\/div>","protected":false},"excerpt":{"rendered":"<p>Volt Face A range that delivers watts ORIGINS GUYANA 60%, JAMAICA 40% DISTILLATION COLUMN &amp; POT STILL AGEING WHITE PINEAU CASKS + CHESTNUT BARRELS ADDED SUGAR NO ABV 66.6% Flavour profile Warm and strong. Honey notes, roasted coffee and black chocolate aromas. Frangipani leather and quince marmalade finish notes. BUY ORIGINS JAMAICA 35%, BARBADOS 65% [&hellip;]<\/p>\n","protected":false},"author":90,"featured_media":0,"parent":0,"menu_order":0,"comment_status":"closed","ping_status":"closed","template":"page-home.php","meta":{"_acf_changed":false,"inline_featured_image":false,"_monsterinsights_skip_tracking":false,"_monsterinsights_sitenote_active":false,"_monsterinsights_sitenote_note":"","_monsterinsights_sitenote_category":0,"_uf_show_specific_survey":0,"_uf_disable_surveys":false,"footnotes":""},"class_list":["post-4570","page","type-page","status-publish","hentry"],"acf":[],"yoast_head":"<!-- This site is optimized with the Yoast SEO plugin v24.7 - https:\/\/yoast.com\/wordpress\/plugins\/seo\/ -->\n<title>Volt Face - Ricci Spirits<\/title>\n<meta name=\"robots\" content=\"index, follow, max-snippet:-1, max-image-preview:large, max-video-preview:-1\" \/>\n<link rel=\"canonical\" href=\"https:\/\/riccispirits.com\/en\/volt-face-2\/\" \/>\n<meta property=\"og:locale\" content=\"en_US\" \/>\n<meta property=\"og:type\" content=\"article\" \/>\n<meta property=\"og:title\" content=\"Volt Face - Ricci Spirits\" \/>\n<meta property=\"og:description\" content=\"Volt Face A range that delivers watts ORIGINS GUYANA 60%, JAMAICA 40% DISTILLATION COLUMN &amp; POT STILL AGEING WHITE PINEAU CASKS + CHESTNUT BARRELS ADDED SUGAR NO ABV 66.6% Flavour profile Warm and strong. Honey notes, roasted coffee and black chocolate aromas. Frangipani leather and quince marmalade finish notes. BUY ORIGINS JAMAICA 35%, BARBADOS 65% [&hellip;]\" \/>\n<meta property=\"og:url\" content=\"https:\/\/riccispirits.com\/en\/volt-face-2\/\" \/>\n<meta property=\"og:site_name\" content=\"Ricci Spirits\" \/>\n<meta property=\"article:modified_time\" content=\"2023-08-17T13:54:29+00:00\" \/>\n<meta property=\"og:image\" content=\"https:\/\/www.refont.riccispirits.com\/wp-content\/uploads\/2022\/04\/Rhum.png\" \/>\n<meta name=\"twitter:card\" content=\"summary_large_image\" \/>\n<meta name=\"twitter:label1\" content=\"Est. reading time\" \/>\n\t<meta name=\"twitter:data1\" content=\"3 minutes\" \/>\n<script type=\"application\/ld+json\" class=\"yoast-schema-graph\">{\"@context\":\"https:\/\/schema.org\",\"@graph\":[{\"@type\":\"WebPage\",\"@id\":\"https:\/\/riccispirits.com\/en\/volt-face-2\/\",\"url\":\"https:\/\/riccispirits.com\/en\/volt-face-2\/\",\"name\":\"Volt Face - Ricci Spirits\",\"isPartOf\":{\"@id\":\"https:\/\/riccispirits.com\/#website\"},\"primaryImageOfPage\":{\"@id\":\"https:\/\/riccispirits.com\/en\/volt-face-2\/#primaryimage\"},\"image\":{\"@id\":\"https:\/\/riccispirits.com\/en\/volt-face-2\/#primaryimage\"},\"thumbnailUrl\":\"https:\/\/www.refont.riccispirits.com\/wp-content\/uploads\/2022\/04\/Rhum.png\",\"datePublished\":\"2022-05-13T12:33:30+00:00\",\"dateModified\":\"2023-08-17T13:54:29+00:00\",\"breadcrumb\":{\"@id\":\"https:\/\/riccispirits.com\/en\/volt-face-2\/#breadcrumb\"},\"inLanguage\":\"en-US\",\"potentialAction\":[{\"@type\":\"ReadAction\",\"target\":[\"https:\/\/riccispirits.com\/en\/volt-face-2\/\"]}]},{\"@type\":\"ImageObject\",\"inLanguage\":\"en-US\",\"@id\":\"https:\/\/riccispirits.com\/en\/volt-face-2\/#primaryimage\",\"url\":\"https:\/\/www.refont.riccispirits.com\/wp-content\/uploads\/2022\/04\/Rhum.png\",\"contentUrl\":\"https:\/\/www.refont.riccispirits.com\/wp-content\/uploads\/2022\/04\/Rhum.png\"},{\"@type\":\"BreadcrumbList\",\"@id\":\"https:\/\/riccispirits.com\/en\/volt-face-2\/#breadcrumb\",\"itemListElement\":[{\"@type\":\"ListItem\",\"position\":1,\"name\":\"Accueil\",\"item\":\"https:\/\/riccispirits.com\/\"},{\"@type\":\"ListItem\",\"position\":2,\"name\":\"Volt Face\"}]},{\"@type\":\"WebSite\",\"@id\":\"https:\/\/riccispirits.com\/#website\",\"url\":\"https:\/\/riccispirits.com\/\",\"name\":\"Ricci Spirits\",\"description\":\"Producteurs de spiritieux\",\"potentialAction\":[{\"@type\":\"SearchAction\",\"target\":{\"@type\":\"EntryPoint\",\"urlTemplate\":\"https:\/\/riccispirits.com\/?s={search_term_string}\"},\"query-input\":{\"@type\":\"PropertyValueSpecification\",\"valueRequired\":true,\"valueName\":\"search_term_string\"}}],\"inLanguage\":\"en-US\"}]}<\/script>\n<!-- \/ Yoast SEO plugin. -->","yoast_head_json":{"title":"Volt Face - Ricci Spirits","robots":{"index":"index","follow":"follow","max-snippet":"max-snippet:-1","max-image-preview":"max-image-preview:large","max-video-preview":"max-video-preview:-1"},"canonical":"https:\/\/riccispirits.com\/en\/volt-face-2\/","og_locale":"en_US","og_type":"article","og_title":"Volt Face - Ricci Spirits","og_description":"Volt Face A range that delivers watts ORIGINS GUYANA 60%, JAMAICA 40% DISTILLATION COLUMN &amp; POT STILL AGEING WHITE PINEAU CASKS + CHESTNUT BARRELS ADDED SUGAR NO ABV 66.6% Flavour profile Warm and strong. Honey notes, roasted coffee and black chocolate aromas. Frangipani leather and quince marmalade finish notes. BUY ORIGINS JAMAICA 35%, BARBADOS 65% [&hellip;]","og_url":"https:\/\/riccispirits.com\/en\/volt-face-2\/","og_site_name":"Ricci Spirits","article_modified_time":"2023-08-17T13:54:29+00:00","og_image":[{"url":"https:\/\/www.refont.riccispirits.com\/wp-content\/uploads\/2022\/04\/Rhum.png","type":"","width":"","height":""}],"twitter_card":"summary_large_image","twitter_misc":{"Est. reading time":"3 minutes"},"schema":{"@context":"https:\/\/schema.org","@graph":[{"@type":"WebPage","@id":"https:\/\/riccispirits.com\/en\/volt-face-2\/","url":"https:\/\/riccispirits.com\/en\/volt-face-2\/","name":"Volt Face - Ricci Spirits","isPartOf":{"@id":"https:\/\/riccispirits.com\/#website"},"primaryImageOfPage":{"@id":"https:\/\/riccispirits.com\/en\/volt-face-2\/#primaryimage"},"image":{"@id":"https:\/\/riccispirits.com\/en\/volt-face-2\/#primaryimage"},"thumbnailUrl":"https:\/\/www.refont.riccispirits.com\/wp-content\/uploads\/2022\/04\/Rhum.png","datePublished":"2022-05-13T12:33:30+00:00","dateModified":"2023-08-17T13:54:29+00:00","breadcrumb":{"@id":"https:\/\/riccispirits.com\/en\/volt-face-2\/#breadcrumb"},"inLanguage":"en-US","potentialAction":[{"@type":"ReadAction","target":["https:\/\/riccispirits.com\/en\/volt-face-2\/"]}]},{"@type":"ImageObject","inLanguage":"en-US","@id":"https:\/\/riccispirits.com\/en\/volt-face-2\/#primaryimage","url":"https:\/\/www.refont.riccispirits.com\/wp-content\/uploads\/2022\/04\/Rhum.png","contentUrl":"https:\/\/www.refont.riccispirits.com\/wp-content\/uploads\/2022\/04\/Rhum.png"},{"@type":"BreadcrumbList","@id":"https:\/\/riccispirits.com\/en\/volt-face-2\/#breadcrumb","itemListElement":[{"@type":"ListItem","position":1,"name":"Accueil","item":"https:\/\/riccispirits.com\/"},{"@type":"ListItem","position":2,"name":"Volt Face"}]},{"@type":"WebSite","@id":"https:\/\/riccispirits.com\/#website","url":"https:\/\/riccispirits.com\/","name":"Ricci Spirits","description":"Producteurs de spiritieux","potentialAction":[{"@type":"SearchAction","target":{"@type":"EntryPoint","urlTemplate":"https:\/\/riccispirits.com\/?s={search_term_string}"},"query-input":{"@type":"PropertyValueSpecification","valueRequired":true,"valueName":"search_term_string"}}],"inLanguage":"en-US"}]}},"_links":{"self":[{"href":"https:\/\/riccispirits.com\/en\/wp-json\/wp\/v2\/pages\/4570","targetHints":{"allow":["GET"]}}],"collection":[{"href":"https:\/\/riccispirits.com\/en\/wp-json\/wp\/v2\/pages"}],"about":[{"href":"https:\/\/riccispirits.com\/en\/wp-json\/wp\/v2\/types\/page"}],"author":[{"embeddable":true,"href":"https:\/\/riccispirits.com\/en\/wp-json\/wp\/v2\/users\/90"}],"replies":[{"embeddable":true,"href":"https:\/\/riccispirits.com\/en\/wp-json\/wp\/v2\/comments?post=4570"}],"version-history":[{"count":0,"href":"https:\/\/riccispirits.com\/en\/wp-json\/wp\/v2\/pages\/4570\/revisions"}],"wp:attachment":[{"href":"https:\/\/riccispirits.com\/en\/wp-json\/wp\/v2\/media?parent=4570"}],"curies":[{"name":"wp","href":"https:\/\/api.w.org\/{rel}","templated":true}]}}