{"id":4464,"date":"2021-11-05T09:49:45","date_gmt":"2021-11-05T08:49:45","guid":{"rendered":"https:\/\/www.famillericci.com\/bienvenue-chez-famille-ricci\/"},"modified":"2023-09-07T13:40:56","modified_gmt":"2023-09-07T11:40:56","slug":"bienvenue-chez-famille-ricci","status":"publish","type":"page","link":"https:\/\/riccispirits.com\/en\/bienvenue-chez-famille-ricci\/","title":{"rendered":"Welcome to Famille Ricci"},"content":{"rendered":"\n<div class=\"owl-home owl-carousel owl-theme owl-home-en\">\n    <div class=\"item\"><div class=\"d-flex bg bg-banner\">\n    <img decoding=\"async\" class=\"rhum\" src=\"https:\/\/www.famillericci.com\/wp-content\/uploads\/2022\/03\/Rhums-banner-home.png\">\n    <img decoding=\"async\" class=\"croco\" src=\"https:\/\/www.famillericci.com\/wp-content\/themes\/bootcommerce-child-main\/img\/background\/croco.png\">\n    <img decoding=\"async\" class=\"leopard\" src=\"https:\/\/www.famillericci.com\/wp-content\/themes\/bootcommerce-child-main\/img\/background\/leopard.png\">\n    <div class=\"container\">\n\t\n    <div class=\"ps-2 pt-10\">\n    <h1 class=\"display-2 col-md-7\">Welcome To Famille Ricci<\/h1>\n    <\/div>\n\n    <\/div>\n    <\/div><\/div>\n    \n    <\/div>\n\n\n\n<div class=\"wp-block-group bg-dark position-relative\"><div class=\"wp-block-group__inner-container is-layout-flow wp-block-group-is-layout-flow\">\n<img decoding=\"async\" class=\"img-bois\" src=\"https:\/\/www.refont.riccispirits.com\/wp-content\/themes\/bootcommerce-child-main\/img\/background\/bois.png\">\n\n\n\n<div class=\"wp-block-group text-center pt-10 position-relative\"><div class=\"wp-block-group__inner-container is-layout-flow wp-block-group-is-layout-flow\">\n<h2 class=\"wp-block-heading titre-histoire\">Our history<\/h2>\n\n\n\n<p class=\"para-histoire\">A family story<\/p>\n<\/div><\/div>\n\n\n\n<div class=\"wp-block-columns pt-4 pb-5 mb-0 container is-layout-flex wp-container-core-columns-is-layout-9d6595d7 wp-block-columns-is-layout-flex\">\n<div class=\"wp-block-column is-layout-flow wp-block-column-is-layout-flow\">\n<figure class=\"wp-block-image size-full is-resized img-fluid text-md-end text-center\"><img fetchpriority=\"high\" decoding=\"async\" src=\"https:\/\/www.refont.riccispirits.com\/wp-content\/uploads\/2023\/09\/famille-ricci-photo-cave.jpeg\" alt=\"\" class=\"wp-image-4933\" style=\"width:339px;height:435px\" width=\"339\" height=\"435\" srcset=\"https:\/\/riccispirits.com\/wp-content\/uploads\/2023\/09\/famille-ricci-photo-cave.jpeg 800w, https:\/\/riccispirits.com\/wp-content\/uploads\/2023\/09\/famille-ricci-photo-cave-600x768.jpeg 600w, https:\/\/riccispirits.com\/wp-content\/uploads\/2023\/09\/famille-ricci-photo-cave-234x300.jpeg 234w, https:\/\/riccispirits.com\/wp-content\/uploads\/2023\/09\/famille-ricci-photo-cave-768x983.jpeg 768w, https:\/\/riccispirits.com\/wp-content\/uploads\/2023\/09\/famille-ricci-photo-cave-47x60.jpeg 47w, https:\/\/riccispirits.com\/wp-content\/uploads\/2023\/09\/famille-ricci-photo-cave-70x90.jpeg 70w\" sizes=\"(max-width: 339px) 100vw, 339px\" \/><\/figure>\n<\/div>\n\n\n\n<div class=\"wp-block-column col-md-6 is-layout-flow wp-block-column-is-layout-flow\">\n<h3 class=\"wp-block-heading premier_titre col-md-9 col-xl-7\">Born in 2019, Famille Ricci.<br>As a producer and master rum blender, became part of the bottler industry.<\/h3>\n\n\n\n<p><\/p>\n\n\n\n<p class=\"premier_para col-md-8 col-xl-6\">Based in Mougins, the capital of the culinary arts in the south of France, our family business has settled its barrels in the 50-year-old owned family house. Our wish is to share our passion by creating for you vintages that are meant to be tasted and enjoyed during special, pleasurable and intimate moments.<\/p>\n\n\n\n<p class=\"link text-beige text-start\"><a href=\"\/en\/notre-histoire\/\">Find out more<\/a><\/p>\n\n\n\n<p class=\"link text-beige text-start\"><a href=\"https:\/\/www.refont.riccispirits.com\/notre-histoire\/\" data-type=\"URL\" data-id=\"\/notre-histoire\/\"><\/a><\/p>\n<\/div>\n<\/div>\n<\/div><\/div>\n\n\n\n<div class=\"wp-block-group bg bg-gammes\"><div class=\"wp-block-group__inner-container is-layout-flow wp-block-group-is-layout-flow\">\n<img decoding=\"async\" class=\"img-feuilles d-none d-md-block\" src=\"https:\/\/www.refont.riccispirits.com\/wp-content\/themes\/bootcommerce-child-main\/img\/background\/feuilles-gammes.png\">\n\n\n\n<div class=\"wp-block-group position-relative pt-10\"><div class=\"wp-block-group__inner-container is-layout-flow wp-block-group-is-layout-flow\">\n<h2 class=\"wp-block-heading titre-histoire\">Our vintages<\/h2>\n\n\n\n<p class=\"para-histoire text-center\">Discover our collection<\/p>\n<\/div><\/div>\n\n\n\n<div class=\"wp-block-columns mb-0 is-layout-flex wp-container-core-columns-is-layout-9d6595d7 wp-block-columns-is-layout-flex\">\n<div class=\"wp-block-column is-layout-flow wp-block-column-is-layout-flow\"><div class=\"wp-block-image img-fluid\">\n<figure class=\"alignright size-full\"><img decoding=\"async\" src=\"https:\/\/www.refont.riccispirits.com\/wp-content\/uploads\/2022\/03\/gamme-infucence-3bouteilles-feuillage.png\" alt=\"\" class=\"wp-image-2948\"\/><\/figure><\/div><\/div>\n\n\n\n<div class=\"wp-block-column d-flex is-layout-flow wp-block-column-is-layout-flow\">\n<div class=\"wp-block-group m-auto\"><div class=\"wp-block-group__inner-container is-layout-flow wp-block-group-is-layout-flow\">\n<h2 class=\"wp-block-heading titre-gammes display-5\">Famille Ricci<\/h2>\n\n\n\n<h2 class=\"wp-block-heading titre-gammes\">Influences<\/h2>\n\n\n\n<p class=\"link text-beige\"><a style=\"z-index: 10; position: relative;\" href=\"https:\/\/www.refont.riccispirits.com\/en\/gammes-famille-ricci\/\" data-type=\"URL\" data-id=\"\/gammes-famille-ricci\">Find out more<\/a><\/p>\n<\/div><\/div>\n<\/div>\n<\/div>\n<\/div><\/div>\n\n\n\n<div class=\"wp-block-group bg-carte\"><div class=\"wp-block-group__inner-container is-layout-flow wp-block-group-is-layout-flow\">\n<div class=\"wp-block-columns mb-0 revers-cols is-layout-flex wp-container-core-columns-is-layout-9d6595d7 wp-block-columns-is-layout-flex\">\n<div class=\"wp-block-column d-flex is-layout-flow wp-block-column-is-layout-flow\">\n<div class=\"wp-block-group m-auto py-5\"><div class=\"wp-block-group__inner-container is-layout-flow wp-block-group-is-layout-flow\">\n<h2 class=\"wp-block-heading titre-gammes display-5 text-info\">DYNASTY<\/h2>\n\n\n\n<h2 class=\"wp-block-heading titre-gammes text-info\">L&#8217;ORIGINE<\/h2>\n\n\n\n<p class=\"link\"><a href=\"https:\/\/www.refont.riccispirits.com\/en\/gammes-dynasty\/\">Find out more<\/a><\/p>\n<\/div><\/div>\n<\/div>\n\n\n\n<div class=\"wp-block-column is-layout-flow wp-block-column-is-layout-flow\"><div class=\"wp-block-image img-fluid m-0\">\n<figure class=\"alignright size-full\"><img decoding=\"async\" src=\"https:\/\/www.refont.riccispirits.com\/wp-content\/uploads\/2021\/11\/Dynasty.png\" alt=\"\" class=\"wp-image-82\"\/><\/figure><\/div><\/div>\n<\/div>\n<\/div><\/div>\n\n\n\n<div class=\"wp-block-group bg bg-limiter pt-5\"><div class=\"wp-block-group__inner-container is-layout-flow wp-block-group-is-layout-flow\">\n<div class=\"wp-block-columns mb-0 is-layout-flex wp-container-core-columns-is-layout-9d6595d7 wp-block-columns-is-layout-flex\">\n<div class=\"wp-block-column is-layout-flow wp-block-column-is-layout-flow\"><div class=\"wp-block-image img-fluid\">\n<figure class=\"alignright size-full\"><img decoding=\"async\" src=\"https:\/\/www.refont.riccispirits.com\/wp-content\/uploads\/2021\/11\/Ovni-1-2.png\" alt=\"\" class=\"wp-image-261\"\/><\/figure><\/div><\/div>\n\n\n\n<div class=\"wp-block-column d-flex is-layout-flow wp-block-column-is-layout-flow\">\n<div class=\"wp-block-group m-auto py-5\"><div class=\"wp-block-group__inner-container is-layout-flow wp-block-group-is-layout-flow\">\n<h2 class=\"wp-block-heading titre-gammes display-5\">\u00c9ditions limit\u00e9es<\/h2>\n\n\n\n<p class=\"link text-beige\"><a href=\"https:\/\/www.refont.riccispirits.com\/en\/gammes-edition-limitees\/\">Find out more<\/a><\/p>\n<\/div><\/div>\n<\/div>\n<\/div>\n\n\n\n<p><\/p>\n<\/div><\/div>\n\n\n<p>[bs-swiper-card-product order=&#8221;DESC&#8221; orderby=&#8221;date&#8221; posts=&#8221;5&#8243; category=&#8221;nos-embouteillages&#8221;]<\/p>\n\n\n\n<div class=\"wp-block-group position-relative pt-10 recompenses-bandeau\"><div class=\"wp-block-group__inner-container is-layout-flow wp-block-group-is-layout-flow\">\n<h2 class=\"wp-block-heading title-product title-recompenses\">Awards<\/h2>\n\n\n\n<p class=\"para-histoire text-center para-recompenses\">Our winner products<\/p>\n<\/div><\/div>\n\n\n\n<div class=\"wp-block-group\"><div class=\"wp-block-group__inner-container is-layout-flow wp-block-group-is-layout-flow\">\n<div class=\"wp-block-columns container-recompenses-medailles is-layout-flex wp-container-core-columns-is-layout-9d6595d7 wp-block-columns-is-layout-flex\">\n<div class=\"wp-block-column bg-medaille-canne-dor is-layout-flow wp-block-column-is-layout-flow\"><\/div>\n\n\n\n<div class=\"wp-block-column bg-medaille-finalist is-layout-flow wp-block-column-is-layout-flow\"><\/div>\n\n\n\n<div class=\"wp-block-column bg-medaille-bottling is-layout-flow wp-block-column-is-layout-flow\"><\/div>\n\n\n\n<div class=\"wp-block-column bg-medaille-multiregion is-layout-flow wp-block-column-is-layout-flow\"><\/div>\n<\/div>\n<\/div><\/div>\n\n\n\n<div class=\"bg-gammes-prix\">\n<img decoding=\"async\" class=\"bg-gammes-prix-img img-fluid\" src=\"https:\/\/www.refont.riccispirits.com\/wp-content\/uploads\/2022\/03\/Banniere-Recompense.png\">\n<\/div>\n\n\n\n<p><\/p>\n\n\n<p>[bs-swiper-card type=&#8221;post&#8221; category=&#8221;\u00c9v\u00e8nement&#8221; order=&#8221;DESC&#8221; orderby=&#8221;date&#8221; posts=&#8221;10&#8243;]<\/p>\n\n\n\n<p><\/p>\n","protected":false},"excerpt":{"rendered":"<p>Our history A family story Born in 2019, Famille Ricci.As a producer and master rum blender, became part of the bottler industry. Based in Mougins, the capital of the culinary arts in the south of France, our family business has settled its barrels in the 50-year-old owned family house. Our wish is to share our [&hellip;]<\/p>\n","protected":false},"author":90,"featured_media":0,"parent":0,"menu_order":0,"comment_status":"closed","ping_status":"closed","template":"page-home.php","meta":{"_acf_changed":false,"inline_featured_image":false,"_monsterinsights_skip_tracking":false,"_monsterinsights_sitenote_active":false,"_monsterinsights_sitenote_note":"","_monsterinsights_sitenote_category":0,"_uf_show_specific_survey":0,"_uf_disable_surveys":false,"footnotes":""},"class_list":["post-4464","page","type-page","status-publish","hentry"],"acf":[],"yoast_head":"<!-- This site is optimized with the Yoast SEO plugin v24.7 - https:\/\/yoast.com\/wordpress\/plugins\/seo\/ -->\n<title>Welcome to Famille Ricci - Ricci Spirits<\/title>\n<meta name=\"description\" content=\"Famille Ricci est cr\u00e9\u00e9e en 2019 en tant qu\u2019embouteilleur ind\u00e9pendant. Nous cr\u00e9ons, fa\u00e7onnons et embellissons au gr\u00e9 de nos id\u00e9es les meilleurs alcools en provenance de distilleries du monde entier\" \/>\n<meta name=\"robots\" content=\"index, follow, max-snippet:-1, max-image-preview:large, max-video-preview:-1\" \/>\n<link rel=\"canonical\" href=\"https:\/\/riccispirits.com\/bienvenue-chez-famille-ricci\/\" \/>\n<meta property=\"og:locale\" content=\"en_US\" \/>\n<meta property=\"og:type\" content=\"article\" \/>\n<meta property=\"og:title\" content=\"Welcome to Famille Ricci - Ricci Spirits\" \/>\n<meta property=\"og:description\" content=\"Famille Ricci est cr\u00e9\u00e9e en 2019 en tant qu\u2019embouteilleur ind\u00e9pendant. Nous cr\u00e9ons, fa\u00e7onnons et embellissons au gr\u00e9 de nos id\u00e9es les meilleurs alcools en provenance de distilleries du monde entier\" \/>\n<meta property=\"og:url\" content=\"https:\/\/riccispirits.com\/bienvenue-chez-famille-ricci\/\" \/>\n<meta property=\"og:site_name\" content=\"Ricci Spirits\" \/>\n<meta property=\"article:modified_time\" content=\"2023-09-07T11:40:56+00:00\" \/>\n<meta property=\"og:image\" content=\"https:\/\/www.refont.riccispirits.com\/wp-content\/themes\/bootcommerce-child-main\/img\/background\/bois.png\" \/>\n<meta name=\"twitter:card\" content=\"summary_large_image\" \/>\n<meta name=\"twitter:label1\" content=\"Est. reading time\" \/>\n\t<meta name=\"twitter:data1\" content=\"2 minutes\" \/>\n<script type=\"application\/ld+json\" class=\"yoast-schema-graph\">{\"@context\":\"https:\/\/schema.org\",\"@graph\":[{\"@type\":\"WebPage\",\"@id\":\"https:\/\/riccispirits.com\/bienvenue-chez-famille-ricci\/\",\"url\":\"https:\/\/riccispirits.com\/bienvenue-chez-famille-ricci\/\",\"name\":\"Welcome to Famille Ricci - Ricci Spirits\",\"isPartOf\":{\"@id\":\"https:\/\/riccispirits.com\/#website\"},\"primaryImageOfPage\":{\"@id\":\"https:\/\/riccispirits.com\/bienvenue-chez-famille-ricci\/#primaryimage\"},\"image\":{\"@id\":\"https:\/\/riccispirits.com\/bienvenue-chez-famille-ricci\/#primaryimage\"},\"thumbnailUrl\":\"https:\/\/www.refont.riccispirits.com\/wp-content\/themes\/bootcommerce-child-main\/img\/background\/bois.png\",\"datePublished\":\"2021-11-05T08:49:45+00:00\",\"dateModified\":\"2023-09-07T11:40:56+00:00\",\"description\":\"Famille Ricci est cr\u00e9\u00e9e en 2019 en tant qu\u2019embouteilleur ind\u00e9pendant. Nous cr\u00e9ons, fa\u00e7onnons et embellissons au gr\u00e9 de nos id\u00e9es les meilleurs alcools en provenance de distilleries du monde entier\",\"breadcrumb\":{\"@id\":\"https:\/\/riccispirits.com\/bienvenue-chez-famille-ricci\/#breadcrumb\"},\"inLanguage\":\"en-US\",\"potentialAction\":[{\"@type\":\"ReadAction\",\"target\":[\"https:\/\/riccispirits.com\/bienvenue-chez-famille-ricci\/\"]}]},{\"@type\":\"ImageObject\",\"inLanguage\":\"en-US\",\"@id\":\"https:\/\/riccispirits.com\/bienvenue-chez-famille-ricci\/#primaryimage\",\"url\":\"https:\/\/www.refont.riccispirits.com\/wp-content\/themes\/bootcommerce-child-main\/img\/background\/bois.png\",\"contentUrl\":\"https:\/\/www.refont.riccispirits.com\/wp-content\/themes\/bootcommerce-child-main\/img\/background\/bois.png\"},{\"@type\":\"BreadcrumbList\",\"@id\":\"https:\/\/riccispirits.com\/bienvenue-chez-famille-ricci\/#breadcrumb\",\"itemListElement\":[{\"@type\":\"ListItem\",\"position\":1,\"name\":\"Accueil\",\"item\":\"https:\/\/riccispirits.com\/\"},{\"@type\":\"ListItem\",\"position\":2,\"name\":\"Welcome to Famille Ricci\"}]},{\"@type\":\"WebSite\",\"@id\":\"https:\/\/riccispirits.com\/#website\",\"url\":\"https:\/\/riccispirits.com\/\",\"name\":\"Ricci Spirits\",\"description\":\"Producteurs de spiritieux\",\"potentialAction\":[{\"@type\":\"SearchAction\",\"target\":{\"@type\":\"EntryPoint\",\"urlTemplate\":\"https:\/\/riccispirits.com\/?s={search_term_string}\"},\"query-input\":{\"@type\":\"PropertyValueSpecification\",\"valueRequired\":true,\"valueName\":\"search_term_string\"}}],\"inLanguage\":\"en-US\"}]}<\/script>\n<!-- \/ Yoast SEO plugin. -->","yoast_head_json":{"title":"Welcome to Famille Ricci - Ricci Spirits","description":"Famille Ricci est cr\u00e9\u00e9e en 2019 en tant qu\u2019embouteilleur ind\u00e9pendant. Nous cr\u00e9ons, fa\u00e7onnons et embellissons au gr\u00e9 de nos id\u00e9es les meilleurs alcools en provenance de distilleries du monde entier","robots":{"index":"index","follow":"follow","max-snippet":"max-snippet:-1","max-image-preview":"max-image-preview:large","max-video-preview":"max-video-preview:-1"},"canonical":"https:\/\/riccispirits.com\/bienvenue-chez-famille-ricci\/","og_locale":"en_US","og_type":"article","og_title":"Welcome to Famille Ricci - Ricci Spirits","og_description":"Famille Ricci est cr\u00e9\u00e9e en 2019 en tant qu\u2019embouteilleur ind\u00e9pendant. Nous cr\u00e9ons, fa\u00e7onnons et embellissons au gr\u00e9 de nos id\u00e9es les meilleurs alcools en provenance de distilleries du monde entier","og_url":"https:\/\/riccispirits.com\/bienvenue-chez-famille-ricci\/","og_site_name":"Ricci Spirits","article_modified_time":"2023-09-07T11:40:56+00:00","og_image":[{"url":"https:\/\/www.refont.riccispirits.com\/wp-content\/themes\/bootcommerce-child-main\/img\/background\/bois.png","type":"","width":"","height":""}],"twitter_card":"summary_large_image","twitter_misc":{"Est. reading time":"2 minutes"},"schema":{"@context":"https:\/\/schema.org","@graph":[{"@type":"WebPage","@id":"https:\/\/riccispirits.com\/bienvenue-chez-famille-ricci\/","url":"https:\/\/riccispirits.com\/bienvenue-chez-famille-ricci\/","name":"Welcome to Famille Ricci - Ricci Spirits","isPartOf":{"@id":"https:\/\/riccispirits.com\/#website"},"primaryImageOfPage":{"@id":"https:\/\/riccispirits.com\/bienvenue-chez-famille-ricci\/#primaryimage"},"image":{"@id":"https:\/\/riccispirits.com\/bienvenue-chez-famille-ricci\/#primaryimage"},"thumbnailUrl":"https:\/\/www.refont.riccispirits.com\/wp-content\/themes\/bootcommerce-child-main\/img\/background\/bois.png","datePublished":"2021-11-05T08:49:45+00:00","dateModified":"2023-09-07T11:40:56+00:00","description":"Famille Ricci est cr\u00e9\u00e9e en 2019 en tant qu\u2019embouteilleur ind\u00e9pendant. Nous cr\u00e9ons, fa\u00e7onnons et embellissons au gr\u00e9 de nos id\u00e9es les meilleurs alcools en provenance de distilleries du monde entier","breadcrumb":{"@id":"https:\/\/riccispirits.com\/bienvenue-chez-famille-ricci\/#breadcrumb"},"inLanguage":"en-US","potentialAction":[{"@type":"ReadAction","target":["https:\/\/riccispirits.com\/bienvenue-chez-famille-ricci\/"]}]},{"@type":"ImageObject","inLanguage":"en-US","@id":"https:\/\/riccispirits.com\/bienvenue-chez-famille-ricci\/#primaryimage","url":"https:\/\/www.refont.riccispirits.com\/wp-content\/themes\/bootcommerce-child-main\/img\/background\/bois.png","contentUrl":"https:\/\/www.refont.riccispirits.com\/wp-content\/themes\/bootcommerce-child-main\/img\/background\/bois.png"},{"@type":"BreadcrumbList","@id":"https:\/\/riccispirits.com\/bienvenue-chez-famille-ricci\/#breadcrumb","itemListElement":[{"@type":"ListItem","position":1,"name":"Accueil","item":"https:\/\/riccispirits.com\/"},{"@type":"ListItem","position":2,"name":"Welcome to Famille Ricci"}]},{"@type":"WebSite","@id":"https:\/\/riccispirits.com\/#website","url":"https:\/\/riccispirits.com\/","name":"Ricci Spirits","description":"Producteurs de spiritieux","potentialAction":[{"@type":"SearchAction","target":{"@type":"EntryPoint","urlTemplate":"https:\/\/riccispirits.com\/?s={search_term_string}"},"query-input":{"@type":"PropertyValueSpecification","valueRequired":true,"valueName":"search_term_string"}}],"inLanguage":"en-US"}]}},"_links":{"self":[{"href":"https:\/\/riccispirits.com\/en\/wp-json\/wp\/v2\/pages\/4464","targetHints":{"allow":["GET"]}}],"collection":[{"href":"https:\/\/riccispirits.com\/en\/wp-json\/wp\/v2\/pages"}],"about":[{"href":"https:\/\/riccispirits.com\/en\/wp-json\/wp\/v2\/types\/page"}],"author":[{"embeddable":true,"href":"https:\/\/riccispirits.com\/en\/wp-json\/wp\/v2\/users\/90"}],"replies":[{"embeddable":true,"href":"https:\/\/riccispirits.com\/en\/wp-json\/wp\/v2\/comments?post=4464"}],"version-history":[{"count":0,"href":"https:\/\/riccispirits.com\/en\/wp-json\/wp\/v2\/pages\/4464\/revisions"}],"wp:attachment":[{"href":"https:\/\/riccispirits.com\/en\/wp-json\/wp\/v2\/media?parent=4464"}],"curies":[{"name":"wp","href":"https:\/\/api.w.org\/{rel}","templated":true}]}}